{"id":4005,"date":"2025-10-09T00:00:00","date_gmt":"2025-10-08T22:00:00","guid":{"rendered":"https:\/\/yotavis.ch\/product\/waverunner-8208hd\/"},"modified":"2026-04-24T13:32:29","modified_gmt":"2026-04-24T11:32:29","slug":"waverunner-8208hd","status":"publish","type":"product","link":"https:\/\/yotavis.ch\/fr\/produit\/waverunner-8208hd\/","title":{"rendered":"WAVERUNNER 8208HD"},"content":{"rendered":"<p>Le WAVERUNNER 8208HD de Teledyne Lecroy est un oscilloscope haute d\u00e9finition dot\u00e9 d'une configuration d'entr\u00e9e \u00e0 8 voies. Il fonctionne avec une bande passante de 2000 MHz et une fr\u00e9quence d'\u00e9chantillonnage de 10 G\u00e9ch\/s par voie, ce qui permet une analyse d\u00e9taill\u00e9e des signaux. L'appareil offre une r\u00e9solution verticale de 12 bits, ce qui am\u00e9liore la pr\u00e9cision des mesures. Chaque voie est \u00e9quip\u00e9e d'une profondeur de m\u00e9moire de 50 Mpts, ce qui permet une capture \u00e9tendue des donn\u00e9es. L'oscilloscope comprend une interface \u00e0 \u00e9cran tactile pour l'interaction avec l'utilisateur. Il prend en charge un taux d'\u00e9chantillonnage maximal de 10000 MS\/s et une profondeur de m\u00e9moire de 1250 Mpts, facilitant l'acquisition et le stockage de donn\u00e9es \u00e0 grande vitesse. Ce mod\u00e8le est con\u00e7u pour traiter des fr\u00e9quences allant jusqu'\u00e0 2 GHz, ce qui le rend adapt\u00e9 \u00e0 une large gamme d'applications n\u00e9cessitant l'analyse de signaux \u00e0 haute fr\u00e9quence.<\/p>","protected":false},"excerpt":{"rendered":"<p>2 GHz, 8 voies, 12 bits, 10 G\u00e9ch\/s, 50 Mpts\/Ch Oscilloscope HD<\/p>","protected":false},"featured_media":7272,"comment_status":"closed","ping_status":"closed","template":"","meta":{"_acf_changed":false,"slim_seo":{"title":"WAVERUNNER 8208HD - YOTAVIS AG","description":"2 GHz, 8 voies, 12 bits, 10 G\u00e9ch\/s, 50 Mpts\/Ch Oscilloscope HD"}},"product_brand":[542],"product_cat":[508,507],"product_tag":[],"class_list":{"0":"post-4005","1":"product","2":"type-product","3":"status-publish","4":"has-post-thumbnail","6":"product_brand-lecroy","7":"product_cat-desktop-en","8":"product_cat-oscilloscope","9":"pa_bandwidth-mhz-238","10":"pa_channels-459","11":"pa_digital-channels-opt","12":"pa_imax-ac-a-1019","13":"pa_memory-depht-mpts-327","14":"pa_sampling-rate-channels-ms-s-455","15":"pa_touch-screen-yes","16":"pa_vertical-resolution-bits-348","18":"first","19":"instock","20":"taxable","21":"shipping-taxable","22":"product-type-simple"},"acf":[],"_links":{"self":[{"href":"https:\/\/yotavis.ch\/fr\/wp-json\/wp\/v2\/product\/4005","targetHints":{"allow":["GET"]}}],"collection":[{"href":"https:\/\/yotavis.ch\/fr\/wp-json\/wp\/v2\/product"}],"about":[{"href":"https:\/\/yotavis.ch\/fr\/wp-json\/wp\/v2\/types\/product"}],"replies":[{"embeddable":true,"href":"https:\/\/yotavis.ch\/fr\/wp-json\/wp\/v2\/comments?post=4005"}],"wp:featuredmedia":[{"embeddable":true,"href":"https:\/\/yotavis.ch\/fr\/wp-json\/wp\/v2\/media\/7272"}],"wp:attachment":[{"href":"https:\/\/yotavis.ch\/fr\/wp-json\/wp\/v2\/media?parent=4005"}],"wp:term":[{"taxonomy":"product_brand","embeddable":true,"href":"https:\/\/yotavis.ch\/fr\/wp-json\/wp\/v2\/product_brand?post=4005"},{"taxonomy":"product_cat","embeddable":true,"href":"https:\/\/yotavis.ch\/fr\/wp-json\/wp\/v2\/product_cat?post=4005"},{"taxonomy":"product_tag","embeddable":true,"href":"https:\/\/yotavis.ch\/fr\/wp-json\/wp\/v2\/product_tag?post=4005"}],"curies":[{"name":"wp","href":"https:\/\/api.w.org\/{rel}","templated":true}]}}