{"id":4009,"date":"2025-10-09T00:00:00","date_gmt":"2025-10-08T22:00:00","guid":{"rendered":"https:\/\/yotavis.ch\/product\/mda-8208hd\/"},"modified":"2026-04-24T13:32:30","modified_gmt":"2026-04-24T11:32:30","slug":"mda-8208hd","status":"publish","type":"product","link":"https:\/\/yotavis.ch\/fr\/produit\/mda-8208hd\/","title":{"rendered":"MDA 8208HD"},"content":{"rendered":"<p>Le MDA 8208HD de Teledyne Lecroy est un analyseur d'entra\u00eenement de moteur dot\u00e9 de 8 canaux avec une bande passante de 2000 MHz. Il offre une r\u00e9solution verticale de 12 bits et un taux d'\u00e9chantillonnage \u00e9lev\u00e9 de 10 G\u00e9ch\/s par voie, permettant une analyse d\u00e9taill\u00e9e des signaux. Chaque canal est \u00e9quip\u00e9 d'une profondeur de m\u00e9moire de 1250 Mpts, ce qui permet de capturer et de stocker de nombreuses donn\u00e9es. L'appareil est dot\u00e9 d'une interface \u00e0 \u00e9cran tactile pour l'interaction avec l'utilisateur. Avec une capacit\u00e9 de fr\u00e9quence maximale de 2 GHz, l'analyseur est con\u00e7u pour traiter les signaux d'entra\u00eenement de moteur \u00e0 haute fr\u00e9quence. La combinaison de ces sp\u00e9cifications fait du MDA 8208HD un appareil adapt\u00e9 \u00e0 des tests et analyses pr\u00e9cis et complets des entra\u00eenements de moteurs.<\/p>","protected":false},"excerpt":{"rendered":"<p>2 GHz, 8 voies, 12 bits, 10 G\u00e9ch\/s, 50 Mpts\/Ch Analyseur d'entra\u00eenement de moteur<\/p>","protected":false},"featured_media":7272,"comment_status":"closed","ping_status":"closed","template":"","meta":{"_acf_changed":false,"slim_seo":{"title":"MDA 8208HD - YOTAVIS AG","description":"2 GHz, 8 voies, 12 bits, 10 G\u00e9ch\/s, 50 Mpts\/Ch Analyseur d'entra\u00eenement de moteur"}},"product_brand":[542],"product_cat":[508,507],"product_tag":[],"class_list":{"0":"post-4009","1":"product","2":"type-product","3":"status-publish","4":"has-post-thumbnail","6":"product_brand-lecroy","7":"product_cat-desktop-en","8":"product_cat-oscilloscope","9":"pa_bandwidth-mhz-238","10":"pa_channels-459","11":"pa_digital-channels-opt","12":"pa_imax-ac-a-1019","13":"pa_memory-depht-mpts-327","14":"pa_sampling-rate-channels-ms-s-455","15":"pa_touch-screen-yes","16":"pa_vertical-resolution-bits-348","18":"first","19":"instock","20":"taxable","21":"shipping-taxable","22":"product-type-simple"},"acf":[],"_links":{"self":[{"href":"https:\/\/yotavis.ch\/fr\/wp-json\/wp\/v2\/product\/4009","targetHints":{"allow":["GET"]}}],"collection":[{"href":"https:\/\/yotavis.ch\/fr\/wp-json\/wp\/v2\/product"}],"about":[{"href":"https:\/\/yotavis.ch\/fr\/wp-json\/wp\/v2\/types\/product"}],"replies":[{"embeddable":true,"href":"https:\/\/yotavis.ch\/fr\/wp-json\/wp\/v2\/comments?post=4009"}],"wp:featuredmedia":[{"embeddable":true,"href":"https:\/\/yotavis.ch\/fr\/wp-json\/wp\/v2\/media\/7272"}],"wp:attachment":[{"href":"https:\/\/yotavis.ch\/fr\/wp-json\/wp\/v2\/media?parent=4009"}],"wp:term":[{"taxonomy":"product_brand","embeddable":true,"href":"https:\/\/yotavis.ch\/fr\/wp-json\/wp\/v2\/product_brand?post=4009"},{"taxonomy":"product_cat","embeddable":true,"href":"https:\/\/yotavis.ch\/fr\/wp-json\/wp\/v2\/product_cat?post=4009"},{"taxonomy":"product_tag","embeddable":true,"href":"https:\/\/yotavis.ch\/fr\/wp-json\/wp\/v2\/product_tag?post=4009"}],"curies":[{"name":"wp","href":"https:\/\/api.w.org\/{rel}","templated":true}]}}