{"id":4011,"date":"2025-10-09T00:00:00","date_gmt":"2025-10-08T22:00:00","guid":{"rendered":"https:\/\/yotavis.ch\/product\/wavepro-404hd\/"},"modified":"2026-04-24T13:32:33","modified_gmt":"2026-04-24T11:32:33","slug":"wavepro-404hd","status":"publish","type":"product","link":"https:\/\/yotavis.ch\/fr\/produit\/wavepro-404hd\/","title":{"rendered":"WAVEPRO 404HD"},"content":{"rendered":"<p>Le WAVEPRO 404HD de Teledyne Lecroy est un oscilloscope haute d\u00e9finition dot\u00e9 d'une bande passante de 4000 MHz et de quatre voies. Il offre une r\u00e9solution verticale de 12 bits et une fr\u00e9quence d'\u00e9chantillonnage maximale de 20 G\u00e9ch\/s, chaque voie \u00e9tant capable d'\u00e9chantillonner \u00e0 10 000 M\u00e9ch\/s. L'appareil comprend une profondeur de m\u00e9moire de 100 millions de points par canal, ce qui permet une capture et une analyse approfondies des donn\u00e9es. Il est \u00e9quip\u00e9 d'un \u00e9cran tactile de 15,6 pouces, ce qui am\u00e9liore l'interaction et le contr\u00f4le de l'utilisateur. L'oscilloscope ne comprend pas de voies num\u00e9riques, mais permet l'acquisition de formes d'ondes avanc\u00e9es avec une profondeur de m\u00e9moire de 2500 Mpts. Ce mod\u00e8le est con\u00e7u pour traiter les mesures de signaux complexes avec pr\u00e9cision et clart\u00e9.<\/p>","protected":false},"excerpt":{"rendered":"<p>4 GHz, 4 Ch, 12 bits, 20 GS\/s, 100 Mpts\/Ch HD Oscilloscope with 15.6&#8243; Display<\/p>","protected":false},"featured_media":7275,"comment_status":"closed","ping_status":"closed","template":"","meta":{"_acf_changed":false,"slim_seo":{"title":"WAVEPRO 404HD - YOTAVIS AG","description":"Oscilloscope HD 4 GHz, 4 voies, 12 bits, 20 G\u00e9ch\/s, 100 Mpts\/Ch avec \u00e9cran 15,6 pouces"}},"product_brand":[542],"product_cat":[508,507],"product_tag":[],"class_list":{"0":"post-4011","1":"product","2":"type-product","3":"status-publish","4":"has-post-thumbnail","6":"product_brand-lecroy","7":"product_cat-desktop-en","8":"product_cat-oscilloscope","9":"pa_bandwidth-mhz-232","10":"pa_channels-338","11":"pa_digital-channels-no","12":"pa_imax-ac-a-1019","13":"pa_memory-depht-mpts-244","14":"pa_sampling-rate-channels-ms-s-455","15":"pa_touch-screen-yes","16":"pa_vertical-resolution-bits-348","18":"first","19":"instock","20":"taxable","21":"shipping-taxable","22":"product-type-simple"},"acf":[],"_links":{"self":[{"href":"https:\/\/yotavis.ch\/fr\/wp-json\/wp\/v2\/product\/4011","targetHints":{"allow":["GET"]}}],"collection":[{"href":"https:\/\/yotavis.ch\/fr\/wp-json\/wp\/v2\/product"}],"about":[{"href":"https:\/\/yotavis.ch\/fr\/wp-json\/wp\/v2\/types\/product"}],"replies":[{"embeddable":true,"href":"https:\/\/yotavis.ch\/fr\/wp-json\/wp\/v2\/comments?post=4011"}],"wp:featuredmedia":[{"embeddable":true,"href":"https:\/\/yotavis.ch\/fr\/wp-json\/wp\/v2\/media\/7275"}],"wp:attachment":[{"href":"https:\/\/yotavis.ch\/fr\/wp-json\/wp\/v2\/media?parent=4011"}],"wp:term":[{"taxonomy":"product_brand","embeddable":true,"href":"https:\/\/yotavis.ch\/fr\/wp-json\/wp\/v2\/product_brand?post=4011"},{"taxonomy":"product_cat","embeddable":true,"href":"https:\/\/yotavis.ch\/fr\/wp-json\/wp\/v2\/product_cat?post=4011"},{"taxonomy":"product_tag","embeddable":true,"href":"https:\/\/yotavis.ch\/fr\/wp-json\/wp\/v2\/product_tag?post=4011"}],"curies":[{"name":"wp","href":"https:\/\/api.w.org\/{rel}","templated":true}]}}