{"id":4013,"date":"2025-10-09T00:00:00","date_gmt":"2025-10-08T22:00:00","guid":{"rendered":"https:\/\/yotavis.ch\/product\/wavepro-804hd\/"},"modified":"2026-04-24T13:32:34","modified_gmt":"2026-04-24T11:32:34","slug":"wavepro-804hd","status":"publish","type":"product","link":"https:\/\/yotavis.ch\/fr\/produit\/wavepro-804hd\/","title":{"rendered":"WAVEPRO 804HD"},"content":{"rendered":"<p>Le WAVEPRO 804HD de Teledyne Lecroy est un oscilloscope haute d\u00e9finition dot\u00e9 d'une bande passante de 8 GHz et d'une fr\u00e9quence d'\u00e9chantillonnage de 20 G\u00e9ch\/s sur ses quatre voies. Chaque voie est \u00e9quip\u00e9e d'une m\u00e9moire de 100 millions de points, ce qui permet de capturer et d'analyser de nombreuses donn\u00e9es. L'appareil offre une r\u00e9solution verticale de 12 bits, ce qui am\u00e9liore la pr\u00e9cision des mesures de signaux. Il comprend une interface \u00e0 \u00e9cran tactile pour l'interaction avec l'utilisateur, ce qui facilite son utilisation. L'oscilloscope prend en charge un taux d'\u00e9chantillonnage de 10 000 MS\/s par canal et dispose d'une profondeur de m\u00e9moire de 2 500 millions de points. Il n'inclut pas de canaux num\u00e9riques et se concentre uniquement sur l'acquisition de signaux analogiques. Ce mod\u00e8le est con\u00e7u pour traiter des analyses de signaux complexes gr\u00e2ce \u00e0 ses sp\u00e9cifications avanc\u00e9es et \u00e0 ses fonctions conviviales.<\/p>","protected":false},"excerpt":{"rendered":"<p>Oscilloscope HD 8 GHz, 20 G\u00e9\/s, 4 voies, 100 Mpts\/Ch<\/p>","protected":false},"featured_media":7275,"comment_status":"closed","ping_status":"closed","template":"","meta":{"_acf_changed":false,"slim_seo":{"title":"WAVEPRO 804HD - YOTAVIS AG","description":"Oscilloscope HD 8 GHz, 20 G\u00e9\/s, 4 voies, 100 Mpts\/Ch"}},"product_brand":[542],"product_cat":[508,507],"product_tag":[],"class_list":{"0":"post-4013","1":"product","2":"type-product","3":"status-publish","4":"has-post-thumbnail","6":"product_brand-lecroy","7":"product_cat-desktop-en","8":"product_cat-oscilloscope","9":"pa_bandwidth-mhz-234","10":"pa_channels-338","11":"pa_digital-channels-no","12":"pa_imax-ac-a-1019","13":"pa_memory-depht-mpts-244","14":"pa_sampling-rate-channels-ms-s-455","15":"pa_touch-screen-yes","16":"pa_vertical-resolution-bits-348","18":"first","19":"instock","20":"taxable","21":"shipping-taxable","22":"product-type-simple"},"acf":[],"_links":{"self":[{"href":"https:\/\/yotavis.ch\/fr\/wp-json\/wp\/v2\/product\/4013","targetHints":{"allow":["GET"]}}],"collection":[{"href":"https:\/\/yotavis.ch\/fr\/wp-json\/wp\/v2\/product"}],"about":[{"href":"https:\/\/yotavis.ch\/fr\/wp-json\/wp\/v2\/types\/product"}],"replies":[{"embeddable":true,"href":"https:\/\/yotavis.ch\/fr\/wp-json\/wp\/v2\/comments?post=4013"}],"wp:featuredmedia":[{"embeddable":true,"href":"https:\/\/yotavis.ch\/fr\/wp-json\/wp\/v2\/media\/7275"}],"wp:attachment":[{"href":"https:\/\/yotavis.ch\/fr\/wp-json\/wp\/v2\/media?parent=4013"}],"wp:term":[{"taxonomy":"product_brand","embeddable":true,"href":"https:\/\/yotavis.ch\/fr\/wp-json\/wp\/v2\/product_brand?post=4013"},{"taxonomy":"product_cat","embeddable":true,"href":"https:\/\/yotavis.ch\/fr\/wp-json\/wp\/v2\/product_cat?post=4013"},{"taxonomy":"product_tag","embeddable":true,"href":"https:\/\/yotavis.ch\/fr\/wp-json\/wp\/v2\/product_tag?post=4013"}],"curies":[{"name":"wp","href":"https:\/\/api.w.org\/{rel}","templated":true}]}}