{"id":4016,"date":"2025-10-09T00:00:00","date_gmt":"2025-10-08T22:00:00","guid":{"rendered":"https:\/\/yotavis.ch\/product\/wavepro-604hd-ms\/"},"modified":"2026-04-24T13:32:35","modified_gmt":"2026-04-24T11:32:35","slug":"wavepro-604hd-ms","status":"publish","type":"product","link":"https:\/\/yotavis.ch\/fr\/produit\/wavepro-604hd-ms\/","title":{"rendered":"WAVEPRO 604HD-MS"},"content":{"rendered":"<p>Le WAVEPRO 604HD-MS de Teledyne Lecroy est un oscilloscope \u00e0 signaux mixtes haute d\u00e9finition dot\u00e9 d'une bande passante de 6 GHz et de 4 voies analogiques. Il offre une r\u00e9solution verticale de 12 bits et une fr\u00e9quence d'\u00e9chantillonnage de 20 G\u00e9ch\/s, assurant une analyse d\u00e9taill\u00e9e des signaux. Chaque voie est \u00e9quip\u00e9e d'une profondeur de m\u00e9moire de 100 Mpts, ce qui permet une capture \u00e9tendue des donn\u00e9es. L'appareil comprend 16 canaux num\u00e9riques, ce qui am\u00e9liore ses capacit\u00e9s en mati\u00e8re de signaux mixtes. Il est dot\u00e9 d'un \u00e9cran tactile de 15,6 pouces pour une utilisation intuitive. L'oscilloscope prend en charge un taux d'\u00e9chantillonnage de 10 000 MS\/s par voie et une profondeur de m\u00e9moire de 2 500 Mpts. Cette combinaison de caract\u00e9ristiques le rend adapt\u00e9 aux tests et analyses de signaux complexes.<\/p>","protected":false},"excerpt":{"rendered":"<p>6 GHz, 4+16 Ch, 12 bits, 20 GS\/s, 100 Mpts\/Ch HD Mixed Signal Oscilloscope with 15.6&#8243; Display<\/p>","protected":false},"featured_media":7275,"comment_status":"closed","ping_status":"closed","template":"","meta":{"_acf_changed":false,"slim_seo":{"title":"WAVEPRO 604HD-MS - YOTAVIS AG","description":"Oscilloscope \u00e0 signaux mixtes HD 6 GHz, 4+16 voies, 12 bits, 20 G\u00e9ch\/s, 100 Mpts\/Ch avec \u00e9cran 15,6 pouces"}},"product_brand":[542],"product_cat":[508,507],"product_tag":[],"class_list":{"0":"post-4016","1":"product","2":"type-product","3":"status-publish","4":"has-post-thumbnail","6":"product_brand-lecroy","7":"product_cat-desktop-en","8":"product_cat-oscilloscope","9":"pa_bandwidth-mhz-233","10":"pa_channels-338","11":"pa_digital-channels-yes","12":"pa_imax-ac-a-1019","13":"pa_memory-depht-mpts-244","14":"pa_sampling-rate-channels-ms-s-455","15":"pa_touch-screen-yes","16":"pa_vertical-resolution-bits-348","18":"first","19":"instock","20":"taxable","21":"shipping-taxable","22":"product-type-simple"},"acf":[],"_links":{"self":[{"href":"https:\/\/yotavis.ch\/fr\/wp-json\/wp\/v2\/product\/4016","targetHints":{"allow":["GET"]}}],"collection":[{"href":"https:\/\/yotavis.ch\/fr\/wp-json\/wp\/v2\/product"}],"about":[{"href":"https:\/\/yotavis.ch\/fr\/wp-json\/wp\/v2\/types\/product"}],"replies":[{"embeddable":true,"href":"https:\/\/yotavis.ch\/fr\/wp-json\/wp\/v2\/comments?post=4016"}],"wp:featuredmedia":[{"embeddable":true,"href":"https:\/\/yotavis.ch\/fr\/wp-json\/wp\/v2\/media\/7275"}],"wp:attachment":[{"href":"https:\/\/yotavis.ch\/fr\/wp-json\/wp\/v2\/media?parent=4016"}],"wp:term":[{"taxonomy":"product_brand","embeddable":true,"href":"https:\/\/yotavis.ch\/fr\/wp-json\/wp\/v2\/product_brand?post=4016"},{"taxonomy":"product_cat","embeddable":true,"href":"https:\/\/yotavis.ch\/fr\/wp-json\/wp\/v2\/product_cat?post=4016"},{"taxonomy":"product_tag","embeddable":true,"href":"https:\/\/yotavis.ch\/fr\/wp-json\/wp\/v2\/product_tag?post=4016"}],"curies":[{"name":"wp","href":"https:\/\/api.w.org\/{rel}","templated":true}]}}