{"id":4020,"date":"2025-10-09T00:00:00","date_gmt":"2025-10-08T22:00:00","guid":{"rendered":"https:\/\/yotavis.ch\/product\/wavemaster-8130hd\/"},"modified":"2026-04-24T13:32:36","modified_gmt":"2026-04-24T11:32:36","slug":"wavemaster-8130hd","status":"publish","type":"product","link":"https:\/\/yotavis.ch\/fr\/produit\/wavemaster-8130hd\/","title":{"rendered":"WAVEMASTER 8130HD"},"content":{"rendered":"<p>Le WAVEMASTER 8130HD de Teledyne Lecroy est un oscilloscope haute d\u00e9finition dot\u00e9 d'une bande passante de 13 GHz et d'une r\u00e9solution verticale de 12 bits. Il prend en charge un taux d'\u00e9chantillonnage de 80 G\u00e9ch\/s par voie, ce qui permet une analyse d\u00e9taill\u00e9e des signaux sur ses quatre voies. Chaque voie est \u00e9quip\u00e9e d'une profondeur de m\u00e9moire de 200 Mpts, ce qui permet de stocker de nombreuses donn\u00e9es pour la capture de formes d'ondes complexes. L'appareil comprend des canaux num\u00e9riques et une interface \u00e0 \u00e9cran tactile, ce qui am\u00e9liore la convivialit\u00e9 et le contr\u00f4le. Avec un taux d'\u00e9chantillonnage de 80 000 MS\/s et une profondeur de m\u00e9moire de 8 000 Mpts, il est con\u00e7u pour traiter des mesures \u00e0 haute vitesse et \u00e0 haute r\u00e9solution. Cet oscilloscope convient aux applications n\u00e9cessitant une acquisition et une analyse pr\u00e9cises des signaux \u00e0 tr\u00e8s haute fr\u00e9quence.<\/p>","protected":false},"excerpt":{"rendered":"<p>13 GHz, 12 bits, 80 G\u00e9\/s, 200 Mpts\/Ch Oscilloscope HD<\/p>","protected":false},"featured_media":7280,"comment_status":"closed","ping_status":"closed","template":"","meta":{"_acf_changed":false,"slim_seo":{"title":"WAVEMASTER 8130HD - YOTAVIS AG","description":"13 GHz, 12 bits, 80 G\u00e9\/s, 200 Mpts\/Ch Oscilloscope HD"}},"product_brand":[542],"product_cat":[508,507],"product_tag":[],"class_list":{"0":"post-4020","1":"product","2":"type-product","3":"status-publish","4":"has-post-thumbnail","6":"product_brand-lecroy","7":"product_cat-desktop-en","8":"product_cat-oscilloscope","9":"pa_bandwidth-mhz-329","10":"pa_channels-338","11":"pa_digital-channels-yes","12":"pa_imax-ac-a-1019","13":"pa_memory-depht-mpts-328","14":"pa_sampling-rate-channels-ms-s-504","15":"pa_touch-screen-yes","16":"pa_vertical-resolution-bits-348","18":"first","19":"instock","20":"taxable","21":"shipping-taxable","22":"product-type-simple"},"acf":[],"_links":{"self":[{"href":"https:\/\/yotavis.ch\/fr\/wp-json\/wp\/v2\/product\/4020","targetHints":{"allow":["GET"]}}],"collection":[{"href":"https:\/\/yotavis.ch\/fr\/wp-json\/wp\/v2\/product"}],"about":[{"href":"https:\/\/yotavis.ch\/fr\/wp-json\/wp\/v2\/types\/product"}],"replies":[{"embeddable":true,"href":"https:\/\/yotavis.ch\/fr\/wp-json\/wp\/v2\/comments?post=4020"}],"wp:featuredmedia":[{"embeddable":true,"href":"https:\/\/yotavis.ch\/fr\/wp-json\/wp\/v2\/media\/7280"}],"wp:attachment":[{"href":"https:\/\/yotavis.ch\/fr\/wp-json\/wp\/v2\/media?parent=4020"}],"wp:term":[{"taxonomy":"product_brand","embeddable":true,"href":"https:\/\/yotavis.ch\/fr\/wp-json\/wp\/v2\/product_brand?post=4020"},{"taxonomy":"product_cat","embeddable":true,"href":"https:\/\/yotavis.ch\/fr\/wp-json\/wp\/v2\/product_cat?post=4020"},{"taxonomy":"product_tag","embeddable":true,"href":"https:\/\/yotavis.ch\/fr\/wp-json\/wp\/v2\/product_tag?post=4020"}],"curies":[{"name":"wp","href":"https:\/\/api.w.org\/{rel}","templated":true}]}}