{"id":4023,"date":"2025-10-09T00:00:00","date_gmt":"2025-10-08T22:00:00","guid":{"rendered":"https:\/\/yotavis.ch\/product\/wavemaster-8250hd\/"},"modified":"2026-04-24T13:32:37","modified_gmt":"2026-04-24T11:32:37","slug":"wavemaster-8250hd","status":"publish","type":"product","link":"https:\/\/yotavis.ch\/fr\/produit\/wavemaster-8250hd\/","title":{"rendered":"WAVEMASTER 8250HD"},"content":{"rendered":"<p>Le WAVEMASTER 8250HD de Teledyne Lecroy est un oscilloscope haute d\u00e9finition dot\u00e9 d'une bande passante de 25 GHz et d'une r\u00e9solution verticale de 12 bits. Il supporte un taux d'\u00e9chantillonnage de 160 GS\/s par voie et offre une profondeur de m\u00e9moire de 200 Mpts par voie, permettant une analyse d\u00e9taill\u00e9e des signaux. Ce mod\u00e8le comprend quatre canaux et des canaux num\u00e9riques, offrant des capacit\u00e9s de mesure polyvalentes. L'appareil est \u00e9quip\u00e9 d'une interface \u00e0 \u00e9cran tactile pour l'interaction avec l'utilisateur. Sa profondeur de m\u00e9moire est sp\u00e9cifi\u00e9e \u00e0 8000 Mpts, ce qui permet une capture extensive des donn\u00e9es. La combinaison d'une large bande passante, d'un taux d'\u00e9chantillonnage \u00e9lev\u00e9 et d'une profondeur de m\u00e9moire importante permet d'effectuer des t\u00e2ches avanc\u00e9es de traitement et d'analyse des signaux.<\/p>","protected":false},"excerpt":{"rendered":"<p>25 GHz, 12 bits, 160 G\u00e9\/s, 200 Mpts\/Ch Oscilloscope HD<\/p>","protected":false},"featured_media":7280,"comment_status":"closed","ping_status":"closed","template":"","meta":{"_acf_changed":false,"slim_seo":{"title":"WAVEMASTER 8250HD - YOTAVIS AG","description":"25 GHz, 12 bits, 160 G\u00e9\/s, 200 Mpts\/Ch Oscilloscope HD"}},"product_brand":[542],"product_cat":[508,507],"product_tag":[],"class_list":{"0":"post-4023","1":"product","2":"type-product","3":"status-publish","4":"has-post-thumbnail","6":"product_brand-lecroy","7":"product_cat-desktop-en","8":"product_cat-oscilloscope","9":"pa_bandwidth-mhz-332","10":"pa_channels-338","11":"pa_digital-channels-yes","12":"pa_imax-ac-a-1019","13":"pa_memory-depht-mpts-328","14":"pa_sampling-rate-channels-ms-s-505","15":"pa_touch-screen-yes","16":"pa_vertical-resolution-bits-348","18":"first","19":"instock","20":"taxable","21":"shipping-taxable","22":"product-type-simple"},"acf":[],"_links":{"self":[{"href":"https:\/\/yotavis.ch\/fr\/wp-json\/wp\/v2\/product\/4023","targetHints":{"allow":["GET"]}}],"collection":[{"href":"https:\/\/yotavis.ch\/fr\/wp-json\/wp\/v2\/product"}],"about":[{"href":"https:\/\/yotavis.ch\/fr\/wp-json\/wp\/v2\/types\/product"}],"replies":[{"embeddable":true,"href":"https:\/\/yotavis.ch\/fr\/wp-json\/wp\/v2\/comments?post=4023"}],"wp:featuredmedia":[{"embeddable":true,"href":"https:\/\/yotavis.ch\/fr\/wp-json\/wp\/v2\/media\/7280"}],"wp:attachment":[{"href":"https:\/\/yotavis.ch\/fr\/wp-json\/wp\/v2\/media?parent=4023"}],"wp:term":[{"taxonomy":"product_brand","embeddable":true,"href":"https:\/\/yotavis.ch\/fr\/wp-json\/wp\/v2\/product_brand?post=4023"},{"taxonomy":"product_cat","embeddable":true,"href":"https:\/\/yotavis.ch\/fr\/wp-json\/wp\/v2\/product_cat?post=4023"},{"taxonomy":"product_tag","embeddable":true,"href":"https:\/\/yotavis.ch\/fr\/wp-json\/wp\/v2\/product_tag?post=4023"}],"curies":[{"name":"wp","href":"https:\/\/api.w.org\/{rel}","templated":true}]}}