{"id":4024,"date":"2025-10-09T00:00:00","date_gmt":"2025-10-08T22:00:00","guid":{"rendered":"https:\/\/yotavis.ch\/product\/wavemaster-8330hd\/"},"modified":"2026-04-24T13:32:38","modified_gmt":"2026-04-24T11:32:38","slug":"wavemaster-8330hd","status":"publish","type":"product","link":"https:\/\/yotavis.ch\/fr\/produit\/wavemaster-8330hd\/","title":{"rendered":"WAVEMASTER 8330HD"},"content":{"rendered":"<p>Le WAVEMASTER 8330HD de Teledyne Lecroy est un oscilloscope haute d\u00e9finition dot\u00e9 d'une bande passante de 33 GHz et d'une r\u00e9solution verticale de 12 bits. Il prend en charge un taux d'\u00e9chantillonnage de 160 G\u00e9ch\/s par voie, ce qui permet une analyse d\u00e9taill\u00e9e des signaux sur ses quatre voies. Chaque voie est dot\u00e9e d'une m\u00e9moire de 200 millions de points, ce qui offre des possibilit\u00e9s \u00e9tendues de capture de donn\u00e9es. L'appareil comprend des canaux num\u00e9riques et une interface \u00e0 \u00e9cran tactile, ce qui am\u00e9liore l'interaction et le contr\u00f4le par l'utilisateur. Avec une profondeur de m\u00e9moire de 8000 Mpts, il offre un stockage substantiel pour les donn\u00e9es de formes d'ondes complexes. Cet oscilloscope est con\u00e7u pour traiter avec pr\u00e9cision les signaux haute fr\u00e9quence, ce qui le rend adapt\u00e9 aux applications de test et de mesure avanc\u00e9es.<\/p>","protected":false},"excerpt":{"rendered":"<p>33 GHz, 12 bits, 160 G\u00e9\/s, 200 Mpts\/Ch Oscilloscope HD<\/p>","protected":false},"featured_media":7280,"comment_status":"closed","ping_status":"closed","template":"","meta":{"_acf_changed":false,"slim_seo":{"title":"WAVEMASTER 8330HD - YOTAVIS AG","description":"33 GHz, 12 bits, 160 G\u00e9\/s, 200 Mpts\/Ch Oscilloscope HD"}},"product_brand":[542],"product_cat":[508,507],"product_tag":[],"class_list":{"0":"post-4024","1":"product","2":"type-product","3":"status-publish","4":"has-post-thumbnail","6":"product_brand-lecroy","7":"product_cat-desktop-en","8":"product_cat-oscilloscope","9":"pa_bandwidth-mhz-333","10":"pa_channels-338","11":"pa_digital-channels-yes","12":"pa_imax-ac-a-1019","13":"pa_memory-depht-mpts-328","14":"pa_sampling-rate-channels-ms-s-505","15":"pa_touch-screen-yes","16":"pa_vertical-resolution-bits-348","18":"first","19":"instock","20":"taxable","21":"shipping-taxable","22":"product-type-simple"},"acf":[],"_links":{"self":[{"href":"https:\/\/yotavis.ch\/fr\/wp-json\/wp\/v2\/product\/4024","targetHints":{"allow":["GET"]}}],"collection":[{"href":"https:\/\/yotavis.ch\/fr\/wp-json\/wp\/v2\/product"}],"about":[{"href":"https:\/\/yotavis.ch\/fr\/wp-json\/wp\/v2\/types\/product"}],"replies":[{"embeddable":true,"href":"https:\/\/yotavis.ch\/fr\/wp-json\/wp\/v2\/comments?post=4024"}],"wp:featuredmedia":[{"embeddable":true,"href":"https:\/\/yotavis.ch\/fr\/wp-json\/wp\/v2\/media\/7280"}],"wp:attachment":[{"href":"https:\/\/yotavis.ch\/fr\/wp-json\/wp\/v2\/media?parent=4024"}],"wp:term":[{"taxonomy":"product_brand","embeddable":true,"href":"https:\/\/yotavis.ch\/fr\/wp-json\/wp\/v2\/product_brand?post=4024"},{"taxonomy":"product_cat","embeddable":true,"href":"https:\/\/yotavis.ch\/fr\/wp-json\/wp\/v2\/product_cat?post=4024"},{"taxonomy":"product_tag","embeddable":true,"href":"https:\/\/yotavis.ch\/fr\/wp-json\/wp\/v2\/product_tag?post=4024"}],"curies":[{"name":"wp","href":"https:\/\/api.w.org\/{rel}","templated":true}]}}