{"id":4025,"date":"2025-10-09T00:00:00","date_gmt":"2025-10-08T22:00:00","guid":{"rendered":"https:\/\/yotavis.ch\/product\/wavemaster-8500hd\/"},"modified":"2026-04-24T13:32:38","modified_gmt":"2026-04-24T11:32:38","slug":"wavemaster-8500hd","status":"publish","type":"product","link":"https:\/\/yotavis.ch\/fr\/produit\/wavemaster-8500hd\/","title":{"rendered":"WAVEMASTER 8500HD"},"content":{"rendered":"<p>Le WAVEMASTER 8500HD de Teledyne Lecroy est un oscilloscope haute d\u00e9finition dot\u00e9 d'une bande passante de 50 GHz et d'une r\u00e9solution verticale de 12 bits. Il prend en charge quatre voies et offre un taux d'\u00e9chantillonnage de 320 G\u00e9ch\/s avec 400 millions de points par voie. L'appareil comprend des voies num\u00e9riques et une interface \u00e0 \u00e9cran tactile pour une meilleure convivialit\u00e9. Sa profondeur de m\u00e9moire est de 16 000 Mpts, ce qui permet une capture et une analyse approfondies des donn\u00e9es. Le taux d'\u00e9chantillonnage par voie est de 160 000 MS\/s, ce qui permet une acquisition d\u00e9taill\u00e9e des signaux. Cet oscilloscope est con\u00e7u pour traiter les mesures de signaux complexes avec pr\u00e9cision et \u00e0 grande vitesse.<\/p>","protected":false},"excerpt":{"rendered":"<p>50 GHz, 12 bits, 320 GS\/s, 400 Mpts\/Ch Oscilloscope HD<\/p>","protected":false},"featured_media":7280,"comment_status":"closed","ping_status":"closed","template":"","meta":{"_acf_changed":false,"slim_seo":{"title":"WAVEMASTER 8500HD - YOTAVIS AG","description":"50 GHz, 12 bits, 320 GS\/s, 400 Mpts\/Ch Oscilloscope HD"}},"product_brand":[542],"product_cat":[508,507],"product_tag":[],"class_list":{"0":"post-4025","1":"product","2":"type-product","3":"status-publish","4":"has-post-thumbnail","6":"product_brand-lecroy","7":"product_cat-desktop-en","8":"product_cat-oscilloscope","9":"pa_bandwidth-mhz-334","10":"pa_channels-338","11":"pa_digital-channels-yes","12":"pa_imax-ac-a-1019","13":"pa_memory-depht-mpts-335","14":"pa_sampling-rate-channels-ms-s-505","15":"pa_touch-screen-yes","16":"pa_vertical-resolution-bits-348","18":"first","19":"instock","20":"taxable","21":"shipping-taxable","22":"product-type-simple"},"acf":[],"_links":{"self":[{"href":"https:\/\/yotavis.ch\/fr\/wp-json\/wp\/v2\/product\/4025","targetHints":{"allow":["GET"]}}],"collection":[{"href":"https:\/\/yotavis.ch\/fr\/wp-json\/wp\/v2\/product"}],"about":[{"href":"https:\/\/yotavis.ch\/fr\/wp-json\/wp\/v2\/types\/product"}],"replies":[{"embeddable":true,"href":"https:\/\/yotavis.ch\/fr\/wp-json\/wp\/v2\/comments?post=4025"}],"wp:featuredmedia":[{"embeddable":true,"href":"https:\/\/yotavis.ch\/fr\/wp-json\/wp\/v2\/media\/7280"}],"wp:attachment":[{"href":"https:\/\/yotavis.ch\/fr\/wp-json\/wp\/v2\/media?parent=4025"}],"wp:term":[{"taxonomy":"product_brand","embeddable":true,"href":"https:\/\/yotavis.ch\/fr\/wp-json\/wp\/v2\/product_brand?post=4025"},{"taxonomy":"product_cat","embeddable":true,"href":"https:\/\/yotavis.ch\/fr\/wp-json\/wp\/v2\/product_cat?post=4025"},{"taxonomy":"product_tag","embeddable":true,"href":"https:\/\/yotavis.ch\/fr\/wp-json\/wp\/v2\/product_tag?post=4025"}],"curies":[{"name":"wp","href":"https:\/\/api.w.org\/{rel}","templated":true}]}}