{"id":4026,"date":"2025-10-09T00:00:00","date_gmt":"2025-10-08T22:00:00","guid":{"rendered":"https:\/\/yotavis.ch\/product\/wavemaster-8590hd\/"},"modified":"2026-04-24T13:32:39","modified_gmt":"2026-04-24T11:32:39","slug":"wavemaster-8590hd","status":"publish","type":"product","link":"https:\/\/yotavis.ch\/fr\/produit\/wavemaster-8590hd\/","title":{"rendered":"WAVEMASTER 8590HD"},"content":{"rendered":"<p>Le WAVEMASTER 8590HD de Teledyne Lecroy est un oscilloscope haute d\u00e9finition dot\u00e9 d'une bande passante de 59 GHz et d'une r\u00e9solution verticale de 12 bits. Il supporte un taux d'\u00e9chantillonnage de 320 GS\/s et offre une profondeur de m\u00e9moire de 400 Mpts par voie, permettant une analyse d\u00e9taill\u00e9e des signaux. Ce mod\u00e8le comprend quatre voies et offre un taux d'\u00e9chantillonnage par voie de 160 000 MS\/s avec une profondeur de m\u00e9moire de 16 000 Mpts. L'oscilloscope est \u00e9quip\u00e9 de voies num\u00e9riques et d'une interface \u00e0 \u00e9cran tactile, ce qui am\u00e9liore l'interaction avec l'utilisateur et la visualisation des donn\u00e9es. Ses sp\u00e9cifications avanc\u00e9es lui permettent de capturer et d'analyser des signaux haute fr\u00e9quence avec pr\u00e9cision et clart\u00e9.<\/p>","protected":false},"excerpt":{"rendered":"<p>59 GHz, 12 bits, 320 G\u00e9\/s, 400 Mpts\/Ch Oscilloscope HD<\/p>","protected":false},"featured_media":7280,"comment_status":"closed","ping_status":"closed","template":"","meta":{"_acf_changed":false,"slim_seo":{"title":"WAVEMASTER 8590HD - YOTAVIS AG","description":"59 GHz, 12 bits, 320 G\u00e9\/s, 400 Mpts\/Ch Oscilloscope HD"}},"product_brand":[542],"product_cat":[508,507],"product_tag":[],"class_list":{"0":"post-4026","1":"product","2":"type-product","3":"status-publish","4":"has-post-thumbnail","6":"product_brand-lecroy","7":"product_cat-desktop-en","8":"product_cat-oscilloscope","9":"pa_bandwidth-mhz-336","10":"pa_channels-338","11":"pa_digital-channels-yes","12":"pa_imax-ac-a-1019","13":"pa_memory-depht-mpts-335","14":"pa_sampling-rate-channels-ms-s-505","15":"pa_touch-screen-yes","16":"pa_vertical-resolution-bits-348","18":"first","19":"instock","20":"taxable","21":"shipping-taxable","22":"product-type-simple"},"acf":[],"_links":{"self":[{"href":"https:\/\/yotavis.ch\/fr\/wp-json\/wp\/v2\/product\/4026","targetHints":{"allow":["GET"]}}],"collection":[{"href":"https:\/\/yotavis.ch\/fr\/wp-json\/wp\/v2\/product"}],"about":[{"href":"https:\/\/yotavis.ch\/fr\/wp-json\/wp\/v2\/types\/product"}],"replies":[{"embeddable":true,"href":"https:\/\/yotavis.ch\/fr\/wp-json\/wp\/v2\/comments?post=4026"}],"wp:featuredmedia":[{"embeddable":true,"href":"https:\/\/yotavis.ch\/fr\/wp-json\/wp\/v2\/media\/7280"}],"wp:attachment":[{"href":"https:\/\/yotavis.ch\/fr\/wp-json\/wp\/v2\/media?parent=4026"}],"wp:term":[{"taxonomy":"product_brand","embeddable":true,"href":"https:\/\/yotavis.ch\/fr\/wp-json\/wp\/v2\/product_brand?post=4026"},{"taxonomy":"product_cat","embeddable":true,"href":"https:\/\/yotavis.ch\/fr\/wp-json\/wp\/v2\/product_cat?post=4026"},{"taxonomy":"product_tag","embeddable":true,"href":"https:\/\/yotavis.ch\/fr\/wp-json\/wp\/v2\/product_tag?post=4026"}],"curies":[{"name":"wp","href":"https:\/\/api.w.org\/{rel}","templated":true}]}}