{"id":4028,"date":"2025-10-09T00:00:00","date_gmt":"2025-10-08T22:00:00","guid":{"rendered":"https:\/\/yotavis.ch\/product\/sda-8060hd\/"},"modified":"2026-04-24T13:32:39","modified_gmt":"2026-04-24T11:32:39","slug":"sda-8060hd","status":"publish","type":"product","link":"https:\/\/yotavis.ch\/fr\/produit\/sda-8060hd\/","title":{"rendered":"SDA 8060HD"},"content":{"rendered":"<p>Le SDA 8060HD de Teledyne Lecroy est un analyseur de donn\u00e9es s\u00e9rie haute d\u00e9finition con\u00e7u pour traiter des fr\u00e9quences allant jusqu'\u00e0 6 GHz avec une r\u00e9solution verticale de 12 bits. Il offre un taux d'\u00e9chantillonnage de 80 G\u00e9ch\/s par voie et une profondeur de m\u00e9moire de 500 Mpts par voie, ce qui permet une analyse d\u00e9taill\u00e9e des signaux. L'appareil prend en charge quatre canaux et comprend des canaux num\u00e9riques pour une capture compl\u00e8te des donn\u00e9es. Il offre une capacit\u00e9 de d\u00e9clenchement s\u00e9rie de 8 Gbps, am\u00e9liorant ainsi sa capacit\u00e9 \u00e0 d\u00e9tecter et \u00e0 analyser des signaux de donn\u00e9es s\u00e9rie \u00e0 grande vitesse. L'analyseur est \u00e9quip\u00e9 d'une bande passante de 6000 MHz et d'un taux d'\u00e9chantillonnage de 80000 MS\/s, garantissant une mesure et une analyse pr\u00e9cises des signaux \u00e0 haute fr\u00e9quence. En outre, l'appareil comprend une interface \u00e0 \u00e9cran tactile pour l'interaction et le contr\u00f4le de l'utilisateur. La profondeur de m\u00e9moire est sp\u00e9cifi\u00e9e \u00e0 8000 Mpts, ce qui permet de stocker de nombreuses donn\u00e9es pendant les sessions d'analyse.<\/p>","protected":false},"excerpt":{"rendered":"<p>6 GHz, 12 bits, 80 G\u00e9ch\/s, 500 Mpts\/Ch Analyseur de donn\u00e9es s\u00e9rie haute d\u00e9finition, d\u00e9clenchement s\u00e9rie 8 Gbps<\/p>","protected":false},"featured_media":7284,"comment_status":"closed","ping_status":"closed","template":"","meta":{"_acf_changed":false,"slim_seo":{"title":"SDA 8060HD - YOTAVIS AG","description":"6 GHz, 12 bits, 80 G\u00e9ch\/s, 500 Mpts\/Ch Analyseur de donn\u00e9es s\u00e9rie haute d\u00e9finition, d\u00e9clenchement s\u00e9rie 8 Gbps"}},"product_brand":[542],"product_cat":[508,507],"product_tag":[],"class_list":{"0":"post-4028","1":"product","2":"type-product","3":"status-publish","4":"has-post-thumbnail","6":"product_brand-lecroy","7":"product_cat-desktop-en","8":"product_cat-oscilloscope","9":"pa_bandwidth-mhz-233","10":"pa_channels-338","11":"pa_digital-channels-yes","12":"pa_imax-ac-a-1019","13":"pa_memory-depht-mpts-328","14":"pa_sampling-rate-channels-ms-s-504","15":"pa_touch-screen-yes","16":"pa_vertical-resolution-bits-348","18":"first","19":"instock","20":"taxable","21":"shipping-taxable","22":"product-type-simple"},"acf":[],"_links":{"self":[{"href":"https:\/\/yotavis.ch\/fr\/wp-json\/wp\/v2\/product\/4028","targetHints":{"allow":["GET"]}}],"collection":[{"href":"https:\/\/yotavis.ch\/fr\/wp-json\/wp\/v2\/product"}],"about":[{"href":"https:\/\/yotavis.ch\/fr\/wp-json\/wp\/v2\/types\/product"}],"replies":[{"embeddable":true,"href":"https:\/\/yotavis.ch\/fr\/wp-json\/wp\/v2\/comments?post=4028"}],"wp:featuredmedia":[{"embeddable":true,"href":"https:\/\/yotavis.ch\/fr\/wp-json\/wp\/v2\/media\/7284"}],"wp:attachment":[{"href":"https:\/\/yotavis.ch\/fr\/wp-json\/wp\/v2\/media?parent=4028"}],"wp:term":[{"taxonomy":"product_brand","embeddable":true,"href":"https:\/\/yotavis.ch\/fr\/wp-json\/wp\/v2\/product_brand?post=4028"},{"taxonomy":"product_cat","embeddable":true,"href":"https:\/\/yotavis.ch\/fr\/wp-json\/wp\/v2\/product_cat?post=4028"},{"taxonomy":"product_tag","embeddable":true,"href":"https:\/\/yotavis.ch\/fr\/wp-json\/wp\/v2\/product_tag?post=4028"}],"curies":[{"name":"wp","href":"https:\/\/api.w.org\/{rel}","templated":true}]}}