{"id":4029,"date":"2025-10-09T00:00:00","date_gmt":"2025-10-08T22:00:00","guid":{"rendered":"https:\/\/yotavis.ch\/product\/sda-8080hd\/"},"modified":"2026-04-24T13:32:40","modified_gmt":"2026-04-24T11:32:40","slug":"sda-8080hd","status":"publish","type":"product","link":"https:\/\/yotavis.ch\/fr\/produit\/sda-8080hd\/","title":{"rendered":"SDA 8080HD"},"content":{"rendered":"<p>Le SDA 8080HD de Teledyne Lecroy est un analyseur de donn\u00e9es s\u00e9rie haute d\u00e9finition con\u00e7u pour traiter des fr\u00e9quences allant jusqu'\u00e0 8 GHz avec une r\u00e9solution verticale de 12 bits. Il pr\u00e9sente un taux d'\u00e9chantillonnage de 80 G\u00e9ch\/s par voie et offre une profondeur de m\u00e9moire de 500 Mpts par voie, ce qui permet une analyse d\u00e9taill\u00e9e des signaux. L'appareil prend en charge quatre canaux et comprend des canaux num\u00e9riques pour une capture compl\u00e8te des donn\u00e9es. Avec un d\u00e9clencheur s\u00e9rie de 8 Gbps, il est capable de d\u00e9clencher avec pr\u00e9cision des flux de donn\u00e9es s\u00e9rie \u00e0 grande vitesse. L'analyseur int\u00e8gre \u00e9galement une interface \u00e0 \u00e9cran tactile pour une utilisation conviviale. Sa bande passante atteint 8000 MHz et le taux d'\u00e9chantillonnage par canal est de 80000 MS\/s, ce qui garantit une acquisition de donn\u00e9es \u00e0 grande vitesse. La profondeur de m\u00e9moire est sp\u00e9cifi\u00e9e \u00e0 8000 Mpts, ce qui permet de stocker de nombreuses donn\u00e9es pendant l'analyse.<\/p>","protected":false},"excerpt":{"rendered":"<p>8 GHz, 12 bits, 80 G\u00e9ch\/s, 500 Mpts\/Ch Analyseur de donn\u00e9es s\u00e9rie haute d\u00e9finition, d\u00e9clenchement s\u00e9rie 8 Gbps<\/p>","protected":false},"featured_media":7284,"comment_status":"closed","ping_status":"closed","template":"","meta":{"_acf_changed":false,"slim_seo":{"title":"SDA 8080HD - YOTAVIS AG","description":"8 GHz, 12 bits, 80 G\u00e9ch\/s, 500 Mpts\/Ch Analyseur de donn\u00e9es s\u00e9rie haute d\u00e9finition, d\u00e9clenchement s\u00e9rie 8 Gbps"}},"product_brand":[542],"product_cat":[508,507],"product_tag":[],"class_list":{"0":"post-4029","1":"product","2":"type-product","3":"status-publish","4":"has-post-thumbnail","6":"product_brand-lecroy","7":"product_cat-desktop-en","8":"product_cat-oscilloscope","9":"pa_bandwidth-mhz-234","10":"pa_channels-338","11":"pa_digital-channels-yes","12":"pa_imax-ac-a-1019","13":"pa_memory-depht-mpts-328","14":"pa_sampling-rate-channels-ms-s-504","15":"pa_touch-screen-yes","16":"pa_vertical-resolution-bits-348","18":"first","19":"instock","20":"taxable","21":"shipping-taxable","22":"product-type-simple"},"acf":[],"_links":{"self":[{"href":"https:\/\/yotavis.ch\/fr\/wp-json\/wp\/v2\/product\/4029","targetHints":{"allow":["GET"]}}],"collection":[{"href":"https:\/\/yotavis.ch\/fr\/wp-json\/wp\/v2\/product"}],"about":[{"href":"https:\/\/yotavis.ch\/fr\/wp-json\/wp\/v2\/types\/product"}],"replies":[{"embeddable":true,"href":"https:\/\/yotavis.ch\/fr\/wp-json\/wp\/v2\/comments?post=4029"}],"wp:featuredmedia":[{"embeddable":true,"href":"https:\/\/yotavis.ch\/fr\/wp-json\/wp\/v2\/media\/7284"}],"wp:attachment":[{"href":"https:\/\/yotavis.ch\/fr\/wp-json\/wp\/v2\/media?parent=4029"}],"wp:term":[{"taxonomy":"product_brand","embeddable":true,"href":"https:\/\/yotavis.ch\/fr\/wp-json\/wp\/v2\/product_brand?post=4029"},{"taxonomy":"product_cat","embeddable":true,"href":"https:\/\/yotavis.ch\/fr\/wp-json\/wp\/v2\/product_cat?post=4029"},{"taxonomy":"product_tag","embeddable":true,"href":"https:\/\/yotavis.ch\/fr\/wp-json\/wp\/v2\/product_tag?post=4029"}],"curies":[{"name":"wp","href":"https:\/\/api.w.org\/{rel}","templated":true}]}}