{"id":4031,"date":"2025-10-09T00:00:00","date_gmt":"2025-10-08T22:00:00","guid":{"rendered":"https:\/\/yotavis.ch\/product\/sda-8160hd\/"},"modified":"2026-04-24T13:32:42","modified_gmt":"2026-04-24T11:32:42","slug":"sda-8160hd","status":"publish","type":"product","link":"https:\/\/yotavis.ch\/fr\/produit\/sda-8160hd\/","title":{"rendered":"SDA 8160HD"},"content":{"rendered":"<p>Le SDA 8160HD de Teledyne Lecroy est un analyseur de donn\u00e9es s\u00e9rie haute d\u00e9finition dot\u00e9 d'une bande passante de 16 GHz et d'une r\u00e9solution verticale de 12 bits. Il supporte un taux d'\u00e9chantillonnage de 80 GS\/s par voie et offre une profondeur de m\u00e9moire de 500 Mpts par voie. Ce mod\u00e8le comprend quatre canaux et est \u00e9quip\u00e9 de canaux num\u00e9riques ainsi que d'une interface \u00e0 \u00e9cran tactile. L'appareil est capable d'un d\u00e9clenchement s\u00e9rie de 8 Gbps, ce qui permet une capture et une analyse pr\u00e9cises des donn\u00e9es. Avec une profondeur de m\u00e9moire de 8000 Mpts, il offre un stockage de donn\u00e9es \u00e9tendu pour un examen d\u00e9taill\u00e9 des signaux. La combinaison d'une large bande passante, d'un taux d'\u00e9chantillonnage rapide et d'une profondeur de m\u00e9moire importante rend cet analyseur adapt\u00e9 aux t\u00e2ches d'analyse de donn\u00e9es s\u00e9rie complexes.<\/p>","protected":false},"excerpt":{"rendered":"<p>Analyseur de donn\u00e9es s\u00e9rie haute d\u00e9finition 16 GHz, 12 bits, 80 G\u00e9ch\/s, 500 Mpts\/Ch, d\u00e9clencheur s\u00e9rie 8 Gbps<\/p>","protected":false},"featured_media":7284,"comment_status":"closed","ping_status":"closed","template":"","meta":{"_acf_changed":false,"slim_seo":{"title":"SDA 8160HD - YOTAVIS AG","description":"Analyseur de donn\u00e9es s\u00e9rie haute d\u00e9finition 16 GHz, 12 bits, 80 G\u00e9ch\/s, 500 Mpts\/Ch, d\u00e9clencheur s\u00e9rie 8 Gbps"}},"product_brand":[542],"product_cat":[508,507],"product_tag":[],"class_list":{"0":"post-4031","1":"product","2":"type-product","3":"status-publish","4":"has-post-thumbnail","6":"product_brand-lecroy","7":"product_cat-desktop-en","8":"product_cat-oscilloscope","9":"pa_bandwidth-mhz-330","10":"pa_channels-338","11":"pa_digital-channels-yes","12":"pa_imax-ac-a-1019","13":"pa_memory-depht-mpts-328","14":"pa_sampling-rate-channels-ms-s-504","15":"pa_touch-screen-yes","16":"pa_vertical-resolution-bits-348","18":"first","19":"instock","20":"taxable","21":"shipping-taxable","22":"product-type-simple"},"acf":[],"_links":{"self":[{"href":"https:\/\/yotavis.ch\/fr\/wp-json\/wp\/v2\/product\/4031","targetHints":{"allow":["GET"]}}],"collection":[{"href":"https:\/\/yotavis.ch\/fr\/wp-json\/wp\/v2\/product"}],"about":[{"href":"https:\/\/yotavis.ch\/fr\/wp-json\/wp\/v2\/types\/product"}],"replies":[{"embeddable":true,"href":"https:\/\/yotavis.ch\/fr\/wp-json\/wp\/v2\/comments?post=4031"}],"wp:featuredmedia":[{"embeddable":true,"href":"https:\/\/yotavis.ch\/fr\/wp-json\/wp\/v2\/media\/7284"}],"wp:attachment":[{"href":"https:\/\/yotavis.ch\/fr\/wp-json\/wp\/v2\/media?parent=4031"}],"wp:term":[{"taxonomy":"product_brand","embeddable":true,"href":"https:\/\/yotavis.ch\/fr\/wp-json\/wp\/v2\/product_brand?post=4031"},{"taxonomy":"product_cat","embeddable":true,"href":"https:\/\/yotavis.ch\/fr\/wp-json\/wp\/v2\/product_cat?post=4031"},{"taxonomy":"product_tag","embeddable":true,"href":"https:\/\/yotavis.ch\/fr\/wp-json\/wp\/v2\/product_tag?post=4031"}],"curies":[{"name":"wp","href":"https:\/\/api.w.org\/{rel}","templated":true}]}}