{"id":4034,"date":"2025-10-09T00:00:00","date_gmt":"2025-10-08T22:00:00","guid":{"rendered":"https:\/\/yotavis.ch\/product\/sda-8330hd\/"},"modified":"2026-04-24T13:32:43","modified_gmt":"2026-04-24T11:32:43","slug":"sda-8330hd","status":"publish","type":"product","link":"https:\/\/yotavis.ch\/fr\/produit\/sda-8330hd\/","title":{"rendered":"SDA 8330HD"},"content":{"rendered":"<p>Le SDA 8330HD de Teledyne Lecroy est un analyseur de donn\u00e9es s\u00e9rie haute d\u00e9finition dot\u00e9 d'une bande passante de 33 GHz et d'une r\u00e9solution verticale de 12 bits. Il supporte un taux d'\u00e9chantillonnage de 160 GS\/s par voie et offre une profondeur de m\u00e9moire de 500 Mpts par voie. Ce mod\u00e8le comprend quatre canaux et est \u00e9quip\u00e9 de canaux num\u00e9riques ainsi que d'une interface \u00e0 \u00e9cran tactile. L'appareil offre \u00e9galement une capacit\u00e9 de d\u00e9clenchement s\u00e9rie de 8 Gbps, ce qui am\u00e9liore ses fonctions de capture et d'analyse des donn\u00e9es. Avec une profondeur de m\u00e9moire de 8000 Mpts, il est con\u00e7u pour g\u00e9rer des t\u00e2ches d'acquisition de donn\u00e9es \u00e9tendues. La combinaison d'une large bande passante, d'un taux d'\u00e9chantillonnage rapide et d'une profondeur de m\u00e9moire importante fait de cet analyseur un outil id\u00e9al pour l'analyse d\u00e9taill\u00e9e des signaux et les applications de test.<\/p>","protected":false},"excerpt":{"rendered":"<p>33 GHz, 12 bits, 160 GS\/s, 500 Mpts\/Ch Analyseur de donn\u00e9es s\u00e9rie haute d\u00e9finition, d\u00e9clencheur s\u00e9rie 8 Gbps<\/p>","protected":false},"featured_media":7284,"comment_status":"closed","ping_status":"closed","template":"","meta":{"_acf_changed":false,"slim_seo":{"title":"SDA 8330HD - YOTAVIS AG","description":"33 GHz, 12 bits, 160 GS\/s, 500 Mpts\/Ch Analyseur de donn\u00e9es s\u00e9rie haute d\u00e9finition, d\u00e9clencheur s\u00e9rie 8 Gbps"}},"product_brand":[542],"product_cat":[508,507],"product_tag":[],"class_list":{"0":"post-4034","1":"product","2":"type-product","3":"status-publish","4":"has-post-thumbnail","6":"product_brand-lecroy","7":"product_cat-desktop-en","8":"product_cat-oscilloscope","9":"pa_bandwidth-mhz-333","10":"pa_channels-338","11":"pa_digital-channels-yes","12":"pa_imax-ac-a-1019","13":"pa_memory-depht-mpts-328","14":"pa_sampling-rate-channels-ms-s-505","15":"pa_touch-screen-yes","16":"pa_vertical-resolution-bits-348","18":"first","19":"instock","20":"taxable","21":"shipping-taxable","22":"product-type-simple"},"acf":[],"_links":{"self":[{"href":"https:\/\/yotavis.ch\/fr\/wp-json\/wp\/v2\/product\/4034","targetHints":{"allow":["GET"]}}],"collection":[{"href":"https:\/\/yotavis.ch\/fr\/wp-json\/wp\/v2\/product"}],"about":[{"href":"https:\/\/yotavis.ch\/fr\/wp-json\/wp\/v2\/types\/product"}],"replies":[{"embeddable":true,"href":"https:\/\/yotavis.ch\/fr\/wp-json\/wp\/v2\/comments?post=4034"}],"wp:featuredmedia":[{"embeddable":true,"href":"https:\/\/yotavis.ch\/fr\/wp-json\/wp\/v2\/media\/7284"}],"wp:attachment":[{"href":"https:\/\/yotavis.ch\/fr\/wp-json\/wp\/v2\/media?parent=4034"}],"wp:term":[{"taxonomy":"product_brand","embeddable":true,"href":"https:\/\/yotavis.ch\/fr\/wp-json\/wp\/v2\/product_brand?post=4034"},{"taxonomy":"product_cat","embeddable":true,"href":"https:\/\/yotavis.ch\/fr\/wp-json\/wp\/v2\/product_cat?post=4034"},{"taxonomy":"product_tag","embeddable":true,"href":"https:\/\/yotavis.ch\/fr\/wp-json\/wp\/v2\/product_tag?post=4034"}],"curies":[{"name":"wp","href":"https:\/\/api.w.org\/{rel}","templated":true}]}}