{"id":4036,"date":"2025-10-09T00:00:00","date_gmt":"2025-10-08T22:00:00","guid":{"rendered":"https:\/\/yotavis.ch\/product\/sda-8590hd\/"},"modified":"2026-04-24T13:32:44","modified_gmt":"2026-04-24T11:32:44","slug":"sda-8590hd","status":"publish","type":"product","link":"https:\/\/yotavis.ch\/fr\/produit\/sda-8590hd\/","title":{"rendered":"SDA 8590HD"},"content":{"rendered":"<p>Le SDA 8590HD de Teledyne Lecroy est un analyseur de donn\u00e9es s\u00e9rie haute d\u00e9finition dot\u00e9 d'une bande passante de 59 GHz et d'une r\u00e9solution verticale de 12 bits. Il supporte un taux d'\u00e9chantillonnage de 320 GS\/s avec 160 000 MS\/s par canal sur ses 4 canaux. L'appareil offre une profondeur de m\u00e9moire de 16 000 Mpts, ce qui permet une capture et une analyse approfondies des donn\u00e9es. Il comprend des canaux num\u00e9riques et une interface \u00e0 \u00e9cran tactile pour une meilleure convivialit\u00e9. L'analyseur est capable de g\u00e9rer des d\u00e9clenchements s\u00e9rie jusqu'\u00e0 8 Gbps, ce qui le rend adapt\u00e9 aux applications de donn\u00e9es \u00e0 grande vitesse. Ce mod\u00e8le combine des sp\u00e9cifications avanc\u00e9es pour r\u00e9pondre aux besoins d'analyse et de test de signaux d\u00e9taill\u00e9s.<\/p>","protected":false},"excerpt":{"rendered":"<p>59 GHz, 12 bits, 320 GS\/s, 1 Gpt\/Ch Analyseur de donn\u00e9es s\u00e9rie haute d\u00e9finition, d\u00e9clencheur s\u00e9rie 8 Gbps<\/p>","protected":false},"featured_media":7284,"comment_status":"closed","ping_status":"closed","template":"","meta":{"_acf_changed":false,"slim_seo":{"title":"SDA 8590HD - YOTAVIS AG","description":"59 GHz, 12 bits, 320 GS\/s, 1 Gpt\/Ch Analyseur de donn\u00e9es s\u00e9rie haute d\u00e9finition, d\u00e9clencheur s\u00e9rie 8 Gbps"}},"product_brand":[542],"product_cat":[508,507],"product_tag":[],"class_list":{"0":"post-4036","1":"product","2":"type-product","3":"status-publish","4":"has-post-thumbnail","6":"product_brand-lecroy","7":"product_cat-desktop-en","8":"product_cat-oscilloscope","9":"pa_bandwidth-mhz-336","10":"pa_channels-338","11":"pa_digital-channels-yes","12":"pa_imax-ac-a-1019","13":"pa_memory-depht-mpts-335","14":"pa_sampling-rate-channels-ms-s-505","15":"pa_touch-screen-yes","16":"pa_vertical-resolution-bits-348","18":"first","19":"instock","20":"taxable","21":"shipping-taxable","22":"product-type-simple"},"acf":[],"_links":{"self":[{"href":"https:\/\/yotavis.ch\/fr\/wp-json\/wp\/v2\/product\/4036","targetHints":{"allow":["GET"]}}],"collection":[{"href":"https:\/\/yotavis.ch\/fr\/wp-json\/wp\/v2\/product"}],"about":[{"href":"https:\/\/yotavis.ch\/fr\/wp-json\/wp\/v2\/types\/product"}],"replies":[{"embeddable":true,"href":"https:\/\/yotavis.ch\/fr\/wp-json\/wp\/v2\/comments?post=4036"}],"wp:featuredmedia":[{"embeddable":true,"href":"https:\/\/yotavis.ch\/fr\/wp-json\/wp\/v2\/media\/7284"}],"wp:attachment":[{"href":"https:\/\/yotavis.ch\/fr\/wp-json\/wp\/v2\/media?parent=4036"}],"wp:term":[{"taxonomy":"product_brand","embeddable":true,"href":"https:\/\/yotavis.ch\/fr\/wp-json\/wp\/v2\/product_brand?post=4036"},{"taxonomy":"product_cat","embeddable":true,"href":"https:\/\/yotavis.ch\/fr\/wp-json\/wp\/v2\/product_cat?post=4036"},{"taxonomy":"product_tag","embeddable":true,"href":"https:\/\/yotavis.ch\/fr\/wp-json\/wp\/v2\/product_tag?post=4036"}],"curies":[{"name":"wp","href":"https:\/\/api.w.org\/{rel}","templated":true}]}}