{"id":6430,"date":"2025-10-09T00:00:00","date_gmt":"2025-10-08T22:00:00","guid":{"rendered":"https:\/\/yotavis.ch\/product\/pwr401mh\/"},"modified":"2026-04-24T13:32:46","modified_gmt":"2026-04-24T11:32:46","slug":"pwr401mh","status":"publish","type":"product","link":"https:\/\/yotavis.ch\/fr\/produit\/pwr401mh\/","title":{"rendered":"PWR401MH"},"content":{"rendered":"<p>Le PWR401MH de Kikusui est une alimentation CC compacte \u00e0 large plage de puissance, d'une puissance de sortie de 400 watts. Elle offre une plage de tension de 0 \u00e0 240 volts et une plage de courant de 0 \u00e0 5 amp\u00e8res, ce qui la rend adapt\u00e9e \u00e0 diverses applications n\u00e9cessitant un contr\u00f4le pr\u00e9cis de la puissance. Ce mod\u00e8le est dot\u00e9 d'un seul canal de sortie, ce qui permet un fonctionnement simple et une int\u00e9gration dans les installations existantes. L'alimentation prend en charge la fonctionnalit\u00e9 de contr\u00f4le \u00e0 distance, ce qui permet aux utilisateurs de g\u00e9rer et d'ajuster les param\u00e8tres \u00e0 distance. Con\u00e7u pour fournir une alimentation coh\u00e9rente et fiable, le PWR401MH est con\u00e7u pour r\u00e9pondre \u00e0 une large gamme de besoins en tension et en courant dans les limites sp\u00e9cifi\u00e9es. Sa conception compacte permet de le placer facilement dans diff\u00e9rents environnements de travail sans occuper un espace excessif. La combinaison de ses sp\u00e9cifications de tension, de courant et de puissance en fait un outil polyvalent pour les tests, le d\u00e9veloppement et d'autres t\u00e2ches techniques n\u00e9cessitant une alimentation CC stable.<\/p>","protected":false},"excerpt":{"rendered":"<p>Alimentation CC compacte \u00e0 large gamme 400W, 0 \u00e0 240V \/ 0 \u00e0 5A<\/p>","protected":false},"featured_media":7645,"comment_status":"closed","ping_status":"closed","template":"","meta":{"_acf_changed":false,"slim_seo":{"title":"PWR401MH - YOTAVIS AG","description":"Alimentation CC compacte \u00e0 large gamme 400W, 0 \u00e0 240V \/ 0 \u00e0 5A"}},"product_brand":[551],"product_cat":[516,515],"product_tag":[],"class_list":{"0":"post-6430","1":"product","2":"type-product","3":"status-publish","4":"has-post-thumbnail","6":"product_brand-kikusui","7":"product_cat-dc-source-en","8":"product_cat-power-en","9":"pa_current-a-392","10":"pa_output-number-146","11":"pa_power-w-398","12":"pa_remote-control-yes","13":"pa_voltage-v-553","15":"first","16":"instock","17":"taxable","18":"shipping-taxable","19":"purchasable","20":"product-type-simple"},"acf":[],"_links":{"self":[{"href":"https:\/\/yotavis.ch\/fr\/wp-json\/wp\/v2\/product\/6430","targetHints":{"allow":["GET"]}}],"collection":[{"href":"https:\/\/yotavis.ch\/fr\/wp-json\/wp\/v2\/product"}],"about":[{"href":"https:\/\/yotavis.ch\/fr\/wp-json\/wp\/v2\/types\/product"}],"replies":[{"embeddable":true,"href":"https:\/\/yotavis.ch\/fr\/wp-json\/wp\/v2\/comments?post=6430"}],"wp:featuredmedia":[{"embeddable":true,"href":"https:\/\/yotavis.ch\/fr\/wp-json\/wp\/v2\/media\/7645"}],"wp:attachment":[{"href":"https:\/\/yotavis.ch\/fr\/wp-json\/wp\/v2\/media?parent=6430"}],"wp:term":[{"taxonomy":"product_brand","embeddable":true,"href":"https:\/\/yotavis.ch\/fr\/wp-json\/wp\/v2\/product_brand?post=6430"},{"taxonomy":"product_cat","embeddable":true,"href":"https:\/\/yotavis.ch\/fr\/wp-json\/wp\/v2\/product_cat?post=6430"},{"taxonomy":"product_tag","embeddable":true,"href":"https:\/\/yotavis.ch\/fr\/wp-json\/wp\/v2\/product_tag?post=6430"}],"curies":[{"name":"wp","href":"https:\/\/api.w.org\/{rel}","templated":true}]}}