{"id":6432,"date":"2025-10-09T00:00:00","date_gmt":"2025-10-08T22:00:00","guid":{"rendered":"https:\/\/yotavis.ch\/product\/pwr801l\/"},"modified":"2026-04-24T13:32:46","modified_gmt":"2026-04-24T11:32:46","slug":"pwr801l","status":"publish","type":"product","link":"https:\/\/yotavis.ch\/fr\/produit\/pwr801l\/","title":{"rendered":"PWR801L"},"content":{"rendered":"<p>Le PWR801L de Kikusui est une alimentation CC compacte \u00e0 large gamme avec une puissance de sortie de 800 watts. Elle offre une plage de tension de 0 \u00e0 40 volts et une plage de courant de 0 \u00e0 80 amp\u00e8res, ce qui la rend adapt\u00e9e \u00e0 diverses applications n\u00e9cessitant un contr\u00f4le pr\u00e9cis de la puissance. Ce mod\u00e8le est dot\u00e9 d'un seul canal de sortie, ce qui permet un fonctionnement simple et une int\u00e9gration dans les installations existantes. La capacit\u00e9 de contr\u00f4le \u00e0 distance est incluse, permettant aux utilisateurs de g\u00e9rer l'alimentation \u00e0 distance pour plus de commodit\u00e9 et de s\u00e9curit\u00e9. L'appareil est con\u00e7u pour fournir une alimentation stable et fiable dans les limites de tension et de courant sp\u00e9cifi\u00e9es. Sa conception compacte permet de le placer facilement dans diff\u00e9rents environnements de travail sans occuper un espace excessif. La combinaison d'une puissance de sortie \u00e9lev\u00e9e et d'une fonctionnalit\u00e9 de contr\u00f4le \u00e0 distance fait du PWR801L un outil polyvalent pour tester et alimenter les appareils \u00e9lectroniques.<\/p>","protected":false},"excerpt":{"rendered":"<p>Alimentation DC compacte \u00e0 large gamme 800W, 0 \u00e0 40V \/ 0 \u00e0 80A<\/p>","protected":false},"featured_media":7647,"comment_status":"closed","ping_status":"closed","template":"","meta":{"_acf_changed":false,"slim_seo":{"title":"PWR801L - YOTAVIS AG","description":"Alimentation DC compacte \u00e0 large gamme 800W, 0 \u00e0 40V \/ 0 \u00e0 80A"}},"product_brand":[551],"product_cat":[516,515],"product_tag":[],"class_list":{"0":"post-6432","1":"product","2":"type-product","3":"status-publish","4":"has-post-thumbnail","6":"product_brand-kikusui","7":"product_cat-dc-source-en","8":"product_cat-power-en","9":"pa_current-a-557","10":"pa_output-number-146","11":"pa_power-w-556","12":"pa_remote-control-yes","13":"pa_voltage-v-152","15":"first","16":"instock","17":"taxable","18":"shipping-taxable","19":"purchasable","20":"product-type-simple"},"acf":[],"_links":{"self":[{"href":"https:\/\/yotavis.ch\/fr\/wp-json\/wp\/v2\/product\/6432","targetHints":{"allow":["GET"]}}],"collection":[{"href":"https:\/\/yotavis.ch\/fr\/wp-json\/wp\/v2\/product"}],"about":[{"href":"https:\/\/yotavis.ch\/fr\/wp-json\/wp\/v2\/types\/product"}],"replies":[{"embeddable":true,"href":"https:\/\/yotavis.ch\/fr\/wp-json\/wp\/v2\/comments?post=6432"}],"wp:featuredmedia":[{"embeddable":true,"href":"https:\/\/yotavis.ch\/fr\/wp-json\/wp\/v2\/media\/7647"}],"wp:attachment":[{"href":"https:\/\/yotavis.ch\/fr\/wp-json\/wp\/v2\/media?parent=6432"}],"wp:term":[{"taxonomy":"product_brand","embeddable":true,"href":"https:\/\/yotavis.ch\/fr\/wp-json\/wp\/v2\/product_brand?post=6432"},{"taxonomy":"product_cat","embeddable":true,"href":"https:\/\/yotavis.ch\/fr\/wp-json\/wp\/v2\/product_cat?post=6432"},{"taxonomy":"product_tag","embeddable":true,"href":"https:\/\/yotavis.ch\/fr\/wp-json\/wp\/v2\/product_tag?post=6432"}],"curies":[{"name":"wp","href":"https:\/\/api.w.org\/{rel}","templated":true}]}}