{"id":6433,"date":"2025-10-09T00:00:00","date_gmt":"2025-10-08T22:00:00","guid":{"rendered":"https:\/\/yotavis.ch\/product\/pwr801ml\/"},"modified":"2026-04-24T13:32:47","modified_gmt":"2026-04-24T11:32:47","slug":"pwr801ml","status":"publish","type":"product","link":"https:\/\/yotavis.ch\/fr\/produit\/pwr801ml\/","title":{"rendered":"PWR801ML"},"content":{"rendered":"<p>Le PWR801ML de Kikusui est une alimentation CC compacte \u00e0 large plage de puissance, d'une puissance de sortie de 800 watts. Elle offre une plage de tension de 0 \u00e0 80 volts et une plage de courant de 0 \u00e0 40 amp\u00e8res, ce qui la rend adapt\u00e9e \u00e0 diverses applications n\u00e9cessitant un contr\u00f4le pr\u00e9cis de la puissance. Ce mod\u00e8le est dot\u00e9 d'un seul canal de sortie, ce qui permet un fonctionnement simple et une int\u00e9gration dans les installations existantes. L'alimentation prend en charge la fonctionnalit\u00e9 de contr\u00f4le \u00e0 distance, ce qui permet aux utilisateurs de g\u00e9rer et d'ajuster les param\u00e8tres \u00e0 distance pour plus de commodit\u00e9 et d'efficacit\u00e9. Con\u00e7ue pour fournir une alimentation fiable et constante, l'alimentation PWR801ML est con\u00e7ue pour r\u00e9pondre aux exigences des environnements professionnels o\u00f9 une alimentation CC stable est essentielle. Sa conception compacte permet d'\u00e9conomiser de l'espace tout en offrant des performances robustes. La combinaison des capacit\u00e9s de tension et de courant \u00e9lev\u00e9s rend cet appareil polyvalent pour les t\u00e2ches de test, de d\u00e9veloppement et de production qui n\u00e9cessitent des sources d'alimentation CC r\u00e9glables.<\/p>","protected":false},"excerpt":{"rendered":"<p>Alimentation DC compacte \u00e0 large gamme 800W, 0 \u00e0 80V \/ 0 \u00e0 40A<\/p>","protected":false},"featured_media":7647,"comment_status":"closed","ping_status":"closed","template":"","meta":{"_acf_changed":false,"slim_seo":{"title":"PWR801ML - YOTAVIS AG","description":"Alimentation DC compacte \u00e0 large gamme 800W, 0 \u00e0 80V \/ 0 \u00e0 40A"}},"product_brand":[551],"product_cat":[516,515],"product_tag":[],"class_list":{"0":"post-6433","1":"product","2":"type-product","3":"status-publish","4":"has-post-thumbnail","6":"product_brand-kikusui","7":"product_cat-dc-source-en","8":"product_cat-power-en","9":"pa_current-a-550","10":"pa_output-number-146","11":"pa_power-w-556","12":"pa_remote-control-yes","13":"pa_voltage-v-155","15":"first","16":"instock","17":"taxable","18":"shipping-taxable","19":"purchasable","20":"product-type-simple"},"acf":[],"_links":{"self":[{"href":"https:\/\/yotavis.ch\/fr\/wp-json\/wp\/v2\/product\/6433","targetHints":{"allow":["GET"]}}],"collection":[{"href":"https:\/\/yotavis.ch\/fr\/wp-json\/wp\/v2\/product"}],"about":[{"href":"https:\/\/yotavis.ch\/fr\/wp-json\/wp\/v2\/types\/product"}],"replies":[{"embeddable":true,"href":"https:\/\/yotavis.ch\/fr\/wp-json\/wp\/v2\/comments?post=6433"}],"wp:featuredmedia":[{"embeddable":true,"href":"https:\/\/yotavis.ch\/fr\/wp-json\/wp\/v2\/media\/7647"}],"wp:attachment":[{"href":"https:\/\/yotavis.ch\/fr\/wp-json\/wp\/v2\/media?parent=6433"}],"wp:term":[{"taxonomy":"product_brand","embeddable":true,"href":"https:\/\/yotavis.ch\/fr\/wp-json\/wp\/v2\/product_brand?post=6433"},{"taxonomy":"product_cat","embeddable":true,"href":"https:\/\/yotavis.ch\/fr\/wp-json\/wp\/v2\/product_cat?post=6433"},{"taxonomy":"product_tag","embeddable":true,"href":"https:\/\/yotavis.ch\/fr\/wp-json\/wp\/v2\/product_tag?post=6433"}],"curies":[{"name":"wp","href":"https:\/\/api.w.org\/{rel}","templated":true}]}}