{"id":6437,"date":"2025-10-09T00:00:00","date_gmt":"2025-10-08T22:00:00","guid":{"rendered":"https:\/\/yotavis.ch\/product\/pwr1201ml\/"},"modified":"2026-04-24T13:32:48","modified_gmt":"2026-04-24T11:32:48","slug":"pwr1201ml","status":"publish","type":"product","link":"https:\/\/yotavis.ch\/fr\/produit\/pwr1201ml\/","title":{"rendered":"PWR1201ML"},"content":{"rendered":"<p>Le PWR1201ML de Kikusui est une alimentation CC compacte \u00e0 large plage de puissance avec une puissance de sortie de 1200 watts. Elle offre une plage de tension de 0 \u00e0 80 volts et une plage de courant de 0 \u00e0 60 amp\u00e8res, ce qui la rend adapt\u00e9e \u00e0 diverses applications n\u00e9cessitant un contr\u00f4le pr\u00e9cis de la puissance. Ce mod\u00e8le est dot\u00e9 d'un seul canal de sortie, ce qui permet un fonctionnement simple et une int\u00e9gration dans diff\u00e9rentes configurations. L'alimentation prend en charge la fonctionnalit\u00e9 de contr\u00f4le \u00e0 distance, ce qui permet aux utilisateurs de g\u00e9rer et d'ajuster les param\u00e8tres \u00e0 distance pour plus de commodit\u00e9 et d'efficacit\u00e9. Con\u00e7u pour fournir une alimentation stable et fiable, le PWR1201ML est \u00e9quip\u00e9 pour g\u00e9rer des charges \u00e9lectriques exigeantes dans les limites de tension et de courant sp\u00e9cifi\u00e9es. Sa conception compacte permet de l'installer facilement dans les espaces de travail o\u00f9 l'espace est limit\u00e9. La combinaison d'une capacit\u00e9 de puissance \u00e9lev\u00e9e et de larges plages de tension et de courant rend cet appareil polyvalent pour les environnements de test, de d\u00e9veloppement et de production.<\/p>","protected":false},"excerpt":{"rendered":"<p>Alimentation DC compacte \u00e0 large gamme 1200W, 0 \u00e0 80V \/ 0 \u00e0 60A<\/p>","protected":false},"featured_media":7649,"comment_status":"closed","ping_status":"closed","template":"","meta":{"_acf_changed":false,"slim_seo":{"title":"PWR1201ML - YOTAVIS AG","description":"Alimentation DC compacte \u00e0 large gamme 1200W, 0 \u00e0 80V \/ 0 \u00e0 60A"}},"product_brand":[551],"product_cat":[516,515],"product_tag":[],"class_list":{"0":"post-6437","1":"product","2":"type-product","3":"status-publish","4":"has-post-thumbnail","6":"product_brand-kikusui","7":"product_cat-dc-source-en","8":"product_cat-power-en","9":"pa_current-a-406","10":"pa_output-number-146","11":"pa_power-w-479","12":"pa_remote-control-yes","13":"pa_voltage-v-155","15":"first","16":"instock","17":"taxable","18":"shipping-taxable","19":"purchasable","20":"product-type-simple"},"acf":[],"_links":{"self":[{"href":"https:\/\/yotavis.ch\/fr\/wp-json\/wp\/v2\/product\/6437","targetHints":{"allow":["GET"]}}],"collection":[{"href":"https:\/\/yotavis.ch\/fr\/wp-json\/wp\/v2\/product"}],"about":[{"href":"https:\/\/yotavis.ch\/fr\/wp-json\/wp\/v2\/types\/product"}],"replies":[{"embeddable":true,"href":"https:\/\/yotavis.ch\/fr\/wp-json\/wp\/v2\/comments?post=6437"}],"wp:featuredmedia":[{"embeddable":true,"href":"https:\/\/yotavis.ch\/fr\/wp-json\/wp\/v2\/media\/7649"}],"wp:attachment":[{"href":"https:\/\/yotavis.ch\/fr\/wp-json\/wp\/v2\/media?parent=6437"}],"wp:term":[{"taxonomy":"product_brand","embeddable":true,"href":"https:\/\/yotavis.ch\/fr\/wp-json\/wp\/v2\/product_brand?post=6437"},{"taxonomy":"product_cat","embeddable":true,"href":"https:\/\/yotavis.ch\/fr\/wp-json\/wp\/v2\/product_cat?post=6437"},{"taxonomy":"product_tag","embeddable":true,"href":"https:\/\/yotavis.ch\/fr\/wp-json\/wp\/v2\/product_tag?post=6437"}],"curies":[{"name":"wp","href":"https:\/\/api.w.org\/{rel}","templated":true}]}}