{"id":6438,"date":"2025-10-09T00:00:00","date_gmt":"2025-10-08T22:00:00","guid":{"rendered":"https:\/\/yotavis.ch\/product\/pwr1201mh\/"},"modified":"2026-04-24T13:32:48","modified_gmt":"2026-04-24T11:32:48","slug":"pwr1201mh","status":"publish","type":"product","link":"https:\/\/yotavis.ch\/fr\/produit\/pwr1201mh\/","title":{"rendered":"PWR1201MH"},"content":{"rendered":"<p>Le PWR1201MH de Kikusui est une alimentation CC compacte \u00e0 large gamme avec une puissance de sortie de 1200 watts. Elle offre une plage de tension de 0 \u00e0 240 volts et une plage de courant de 0 \u00e0 15 amp\u00e8res, ce qui la rend adapt\u00e9e \u00e0 diverses applications n\u00e9cessitant des r\u00e9glages de puissance ajustables. Ce mod\u00e8le est dot\u00e9 d'un seul canal de sortie, ce qui permet une distribution cibl\u00e9e de la puissance. Il prend en charge la fonctionnalit\u00e9 de commande \u00e0 distance, ce qui permet aux utilisateurs de faire fonctionner l'appareil \u00e0 distance pour plus de commodit\u00e9 et de flexibilit\u00e9. L'alimentation est con\u00e7ue pour fournir un courant continu stable et fiable dans les limites de tension et de courant sp\u00e9cifi\u00e9es. Sa conception compacte facilite son int\u00e9gration dans diff\u00e9rents espaces de travail ou configurations o\u00f9 l'espace est un facteur important. La combinaison de sa capacit\u00e9 de puissance et de ses fonctions de contr\u00f4le en fait un outil polyvalent pour les tests, le d\u00e9veloppement et d'autres applications \u00e9lectriques.<\/p>","protected":false},"excerpt":{"rendered":"<p>Alimentation DC compacte \u00e0 large gamme 1200W, 0 \u00e0 240V \/ 0 \u00e0 15A<\/p>","protected":false},"featured_media":7649,"comment_status":"closed","ping_status":"closed","template":"","meta":{"_acf_changed":false,"slim_seo":{"title":"PWR1201MH - YOTAVIS AG","description":"Alimentation DC compacte \u00e0 large gamme 1200W, 0 \u00e0 240V \/ 0 \u00e0 15A"}},"product_brand":[551],"product_cat":[516,515],"product_tag":[],"class_list":{"0":"post-6438","1":"product","2":"type-product","3":"status-publish","4":"has-post-thumbnail","6":"product_brand-kikusui","7":"product_cat-dc-source-en","8":"product_cat-power-en","9":"pa_current-a-410","10":"pa_output-number-146","11":"pa_power-w-479","12":"pa_remote-control-yes","13":"pa_voltage-v-553","15":"first","16":"instock","17":"taxable","18":"shipping-taxable","19":"purchasable","20":"product-type-simple"},"acf":[],"_links":{"self":[{"href":"https:\/\/yotavis.ch\/fr\/wp-json\/wp\/v2\/product\/6438","targetHints":{"allow":["GET"]}}],"collection":[{"href":"https:\/\/yotavis.ch\/fr\/wp-json\/wp\/v2\/product"}],"about":[{"href":"https:\/\/yotavis.ch\/fr\/wp-json\/wp\/v2\/types\/product"}],"replies":[{"embeddable":true,"href":"https:\/\/yotavis.ch\/fr\/wp-json\/wp\/v2\/comments?post=6438"}],"wp:featuredmedia":[{"embeddable":true,"href":"https:\/\/yotavis.ch\/fr\/wp-json\/wp\/v2\/media\/7649"}],"wp:attachment":[{"href":"https:\/\/yotavis.ch\/fr\/wp-json\/wp\/v2\/media?parent=6438"}],"wp:term":[{"taxonomy":"product_brand","embeddable":true,"href":"https:\/\/yotavis.ch\/fr\/wp-json\/wp\/v2\/product_brand?post=6438"},{"taxonomy":"product_cat","embeddable":true,"href":"https:\/\/yotavis.ch\/fr\/wp-json\/wp\/v2\/product_cat?post=6438"},{"taxonomy":"product_tag","embeddable":true,"href":"https:\/\/yotavis.ch\/fr\/wp-json\/wp\/v2\/product_tag?post=6438"}],"curies":[{"name":"wp","href":"https:\/\/api.w.org\/{rel}","templated":true}]}}