{"id":6444,"date":"2025-10-09T00:00:00","date_gmt":"2025-10-08T22:00:00","guid":{"rendered":"https:\/\/yotavis.ch\/product\/pwx750ml\/"},"modified":"2026-04-24T13:32:52","modified_gmt":"2026-04-24T11:32:52","slug":"pwx750ml","status":"publish","type":"product","link":"https:\/\/yotavis.ch\/fr\/produit\/pwx750ml\/","title":{"rendered":"PWX750ML"},"content":{"rendered":"<p>Le PWX750ML de Kikusui est une alimentation CC programmable multigamme 1U d'une puissance de 750 watts. Elle offre une plage de tension de 0 \u00e0 80 volts et une plage de courant de 0 \u00e0 28 amp\u00e8res, offrant ainsi une grande flexibilit\u00e9 pour diverses applications. Ce mod\u00e8le est dot\u00e9 d'un seul canal de sortie, ce qui permet une distribution cibl\u00e9e de la puissance. La capacit\u00e9 de commande \u00e0 distance est incluse, ce qui permet aux utilisateurs de faire fonctionner l'appareil \u00e0 distance pour plus de commodit\u00e9 et d'efficacit\u00e9. L'alimentation est con\u00e7ue pour r\u00e9pondre aux besoins des utilisateurs n\u00e9cessitant une alimentation CC pr\u00e9cise et r\u00e9glable dans les limites de tension et de courant sp\u00e9cifi\u00e9es. Son format compact de 1U permet de l'int\u00e9grer dans des racks d'\u00e9quipement standard. La combinaison d'une puissance de sortie \u00e9lev\u00e9e et de param\u00e8tres programmables permet de r\u00e9aliser un large \u00e9ventail de sc\u00e9narios de test et d'exploitation.<\/p>","protected":false},"excerpt":{"rendered":"<p>Alimentation DC programmable 1U multi-gamme, 750W, 0 \u00e0 80V\/0 \u00e0 28A<\/p>","protected":false},"featured_media":7656,"comment_status":"closed","ping_status":"closed","template":"","meta":{"_acf_changed":false,"slim_seo":{"title":"PWX750ML - YOTAVIS AG","description":"Alimentation DC programmable 1U multi-gamme, 750W, 0 \u00e0 80V\/0 \u00e0 28A"}},"product_brand":[551],"product_cat":[516,515],"product_tag":[],"class_list":{"0":"post-6444","1":"product","2":"type-product","3":"status-publish","4":"has-post-thumbnail","6":"product_brand-kikusui","7":"product_cat-dc-source-en","8":"product_cat-power-en","9":"pa_current-a-565","10":"pa_output-number-146","11":"pa_power-w-564","12":"pa_remote-control-yes","13":"pa_voltage-v-155","15":"first","16":"instock","17":"taxable","18":"shipping-taxable","19":"purchasable","20":"product-type-simple"},"acf":[],"_links":{"self":[{"href":"https:\/\/yotavis.ch\/fr\/wp-json\/wp\/v2\/product\/6444","targetHints":{"allow":["GET"]}}],"collection":[{"href":"https:\/\/yotavis.ch\/fr\/wp-json\/wp\/v2\/product"}],"about":[{"href":"https:\/\/yotavis.ch\/fr\/wp-json\/wp\/v2\/types\/product"}],"replies":[{"embeddable":true,"href":"https:\/\/yotavis.ch\/fr\/wp-json\/wp\/v2\/comments?post=6444"}],"wp:featuredmedia":[{"embeddable":true,"href":"https:\/\/yotavis.ch\/fr\/wp-json\/wp\/v2\/media\/7656"}],"wp:attachment":[{"href":"https:\/\/yotavis.ch\/fr\/wp-json\/wp\/v2\/media?parent=6444"}],"wp:term":[{"taxonomy":"product_brand","embeddable":true,"href":"https:\/\/yotavis.ch\/fr\/wp-json\/wp\/v2\/product_brand?post=6444"},{"taxonomy":"product_cat","embeddable":true,"href":"https:\/\/yotavis.ch\/fr\/wp-json\/wp\/v2\/product_cat?post=6444"},{"taxonomy":"product_tag","embeddable":true,"href":"https:\/\/yotavis.ch\/fr\/wp-json\/wp\/v2\/product_tag?post=6444"}],"curies":[{"name":"wp","href":"https:\/\/api.w.org\/{rel}","templated":true}]}}