{"id":6449,"date":"2025-10-09T00:00:00","date_gmt":"2025-10-08T22:00:00","guid":{"rendered":"https:\/\/yotavis.ch\/product\/pwx750lf-with-iso-prog-curr-cont\/"},"modified":"2026-04-24T13:32:54","modified_gmt":"2026-04-24T11:32:54","slug":"pwx750lf-with-iso-prog-curr-cont","status":"publish","type":"product","link":"https:\/\/yotavis.ch\/fr\/produit\/pwx750lf-with-iso-prog-curr-cont\/","title":{"rendered":"PWX750LF AVEC ISO PROG CURR CONT"},"content":{"rendered":"<p>Le PWX750LF WITH ISO PROG CURR CONT est une alimentation DC programmable multi-gamme 1U de Kikusui, d\u00e9livrant une puissance de 750 watts. Elle fonctionne dans une plage de tension de 0 \u00e0 30 volts et une plage de courant de 0 \u00e0 75 amp\u00e8res, ce qui la rend adapt\u00e9e \u00e0 diverses applications n\u00e9cessitant un contr\u00f4le pr\u00e9cis de la puissance. Ce mod\u00e8le est dot\u00e9 d'un seul canal de sortie, ce qui permet de d\u00e9livrer une puissance cibl\u00e9e et efficace. La capacit\u00e9 de commande \u00e0 distance est incluse, ce qui permet aux utilisateurs de faire fonctionner l'alimentation \u00e0 distance pour plus de commodit\u00e9 et de flexibilit\u00e9. La conception met l'accent sur la programmabilit\u00e9, permettant aux utilisateurs d'ajuster les param\u00e8tres pour r\u00e9pondre \u00e0 des besoins sp\u00e9cifiques. Son format compact 1U est con\u00e7u pour s'int\u00e9grer dans les baies d'\u00e9quipement standard, optimisant ainsi l'utilisation de l'espace dans les environnements professionnels. La combinaison d'une puissance de sortie \u00e9lev\u00e9e et d'un contr\u00f4le programmable fait de cette unit\u00e9 un outil polyvalent pour les t\u00e2ches de test et de d\u00e9veloppement.<\/p>","protected":false},"excerpt":{"rendered":"<p>Alimentation DC programmable multigamme 1U, 750W, 0 \u00e0 30V\/0 \u00e0 75A<\/p>","protected":false},"featured_media":7664,"comment_status":"closed","ping_status":"closed","template":"","meta":{"_acf_changed":false,"slim_seo":{"title":"PWX750LF WITH ISO PROG CURR CONT - YOTAVIS AG","description":"Alimentation DC programmable multigamme 1U, 750W, 0 \u00e0 30V\/0 \u00e0 75A"}},"product_brand":[551],"product_cat":[516,515],"product_tag":[],"class_list":{"0":"post-6449","1":"product","2":"type-product","3":"status-publish","4":"has-post-thumbnail","6":"product_brand-kikusui","7":"product_cat-dc-source-en","8":"product_cat-power-en","9":"pa_current-a-566","10":"pa_output-number-146","11":"pa_power-w-564","12":"pa_remote-control-yes","13":"pa_voltage-v-145","15":"first","16":"instock","17":"taxable","18":"shipping-taxable","19":"purchasable","20":"product-type-simple"},"acf":[],"_links":{"self":[{"href":"https:\/\/yotavis.ch\/fr\/wp-json\/wp\/v2\/product\/6449","targetHints":{"allow":["GET"]}}],"collection":[{"href":"https:\/\/yotavis.ch\/fr\/wp-json\/wp\/v2\/product"}],"about":[{"href":"https:\/\/yotavis.ch\/fr\/wp-json\/wp\/v2\/types\/product"}],"replies":[{"embeddable":true,"href":"https:\/\/yotavis.ch\/fr\/wp-json\/wp\/v2\/comments?post=6449"}],"wp:featuredmedia":[{"embeddable":true,"href":"https:\/\/yotavis.ch\/fr\/wp-json\/wp\/v2\/media\/7664"}],"wp:attachment":[{"href":"https:\/\/yotavis.ch\/fr\/wp-json\/wp\/v2\/media?parent=6449"}],"wp:term":[{"taxonomy":"product_brand","embeddable":true,"href":"https:\/\/yotavis.ch\/fr\/wp-json\/wp\/v2\/product_brand?post=6449"},{"taxonomy":"product_cat","embeddable":true,"href":"https:\/\/yotavis.ch\/fr\/wp-json\/wp\/v2\/product_cat?post=6449"},{"taxonomy":"product_tag","embeddable":true,"href":"https:\/\/yotavis.ch\/fr\/wp-json\/wp\/v2\/product_tag?post=6449"}],"curies":[{"name":"wp","href":"https:\/\/api.w.org\/{rel}","templated":true}]}}