{"id":6452,"date":"2025-10-09T00:00:00","date_gmt":"2025-10-08T22:00:00","guid":{"rendered":"https:\/\/yotavis.ch\/product\/pwx750mlf-with-iso-prog-volt-cont\/"},"modified":"2026-04-24T13:32:55","modified_gmt":"2026-04-24T11:32:55","slug":"pwx750mlf-with-iso-prog-volt-cont","status":"publish","type":"product","link":"https:\/\/yotavis.ch\/fr\/produit\/pwx750mlf-with-iso-prog-volt-cont\/","title":{"rendered":"PWX750MLF AVEC ISO PROG VOLT CONT"},"content":{"rendered":"<p>Le PWX750MLF WITH ISO PROG VOLT CONT est une alimentation DC programmable multi-gamme 1U fabriqu\u00e9e par Kikusui. Elle d\u00e9livre une puissance de 750 watts avec une plage de tension de 0 \u00e0 80 volts et une plage de courant de 0 \u00e0 28 amp\u00e8res. Ce mod\u00e8le est dot\u00e9 d'un seul canal de sortie, ce qui permet une distribution cibl\u00e9e de la puissance. Il est dot\u00e9 d'une fonction de t\u00e9l\u00e9commande, ce qui permet aux utilisateurs de commander l'appareil \u00e0 distance pour plus de commodit\u00e9 et de souplesse. L'alimentation est con\u00e7ue pour fournir des r\u00e9glages de tension et de courant pr\u00e9cis et r\u00e9glables, adapt\u00e9s \u00e0 diverses applications de test et de d\u00e9veloppement. Son format compact de 1U permet de l'int\u00e9grer dans des racks d'\u00e9quipement standard. L'appareil est con\u00e7u pour r\u00e9pondre aux exigences des environnements n\u00e9cessitant des sources d'alimentation CC fiables et programmables.<\/p>","protected":false},"excerpt":{"rendered":"<p>Alimentation DC programmable 1U multi-gamme, 750W, 0 \u00e0 80V\/0 \u00e0 28A<\/p>","protected":false},"featured_media":7664,"comment_status":"closed","ping_status":"closed","template":"","meta":{"_acf_changed":false,"slim_seo":{"title":"PWX750MLF WITH ISO PROG VOLT CONT - YOTAVIS AG","description":"Alimentation DC programmable 1U multi-gamme, 750W, 0 \u00e0 80V\/0 \u00e0 28A"}},"product_brand":[551],"product_cat":[516,515],"product_tag":[],"class_list":{"0":"post-6452","1":"product","2":"type-product","3":"status-publish","4":"has-post-thumbnail","6":"product_brand-kikusui","7":"product_cat-dc-source-en","8":"product_cat-power-en","9":"pa_current-a-565","10":"pa_output-number-146","11":"pa_power-w-564","12":"pa_remote-control-yes","13":"pa_voltage-v-155","15":"first","16":"instock","17":"taxable","18":"shipping-taxable","19":"purchasable","20":"product-type-simple"},"acf":[],"_links":{"self":[{"href":"https:\/\/yotavis.ch\/fr\/wp-json\/wp\/v2\/product\/6452","targetHints":{"allow":["GET"]}}],"collection":[{"href":"https:\/\/yotavis.ch\/fr\/wp-json\/wp\/v2\/product"}],"about":[{"href":"https:\/\/yotavis.ch\/fr\/wp-json\/wp\/v2\/types\/product"}],"replies":[{"embeddable":true,"href":"https:\/\/yotavis.ch\/fr\/wp-json\/wp\/v2\/comments?post=6452"}],"wp:featuredmedia":[{"embeddable":true,"href":"https:\/\/yotavis.ch\/fr\/wp-json\/wp\/v2\/media\/7664"}],"wp:attachment":[{"href":"https:\/\/yotavis.ch\/fr\/wp-json\/wp\/v2\/media?parent=6452"}],"wp:term":[{"taxonomy":"product_brand","embeddable":true,"href":"https:\/\/yotavis.ch\/fr\/wp-json\/wp\/v2\/product_brand?post=6452"},{"taxonomy":"product_cat","embeddable":true,"href":"https:\/\/yotavis.ch\/fr\/wp-json\/wp\/v2\/product_cat?post=6452"},{"taxonomy":"product_tag","embeddable":true,"href":"https:\/\/yotavis.ch\/fr\/wp-json\/wp\/v2\/product_tag?post=6452"}],"curies":[{"name":"wp","href":"https:\/\/api.w.org\/{rel}","templated":true}]}}