{"id":6454,"date":"2025-10-09T00:00:00","date_gmt":"2025-10-08T22:00:00","guid":{"rendered":"https:\/\/yotavis.ch\/product\/pwx750mlf-with-vir\/"},"modified":"2026-04-24T13:32:55","modified_gmt":"2026-04-24T11:32:55","slug":"pwx750mlf-with-vir","status":"publish","type":"product","link":"https:\/\/yotavis.ch\/fr\/produit\/pwx750mlf-with-vir\/","title":{"rendered":"PWX750MLF AVEC VIR"},"content":{"rendered":"<p>Le PWX750MLF WITH VIR est une alimentation CC programmable multi-gamme 1U de Kikusui, d\u00e9livrant une puissance de 750 watts. Elle offre une plage de tension de 0 \u00e0 80 volts et une plage de courant de 0 \u00e0 28 amp\u00e8res, ce qui la rend adapt\u00e9e \u00e0 diverses applications n\u00e9cessitant un contr\u00f4le pr\u00e9cis de la puissance. Ce mod\u00e8le est dot\u00e9 d'un seul canal de sortie, ce qui permet de d\u00e9livrer une puissance cibl\u00e9e et efficace. La capacit\u00e9 de commande \u00e0 distance est incluse, ce qui permet aux utilisateurs de faire fonctionner l'alimentation \u00e0 distance pour plus de commodit\u00e9 et de flexibilit\u00e9. La conception prend en charge la programmation multi-gamme, ce qui permet d'adapter les r\u00e9glages de tension et de courant dans les limites sp\u00e9cifi\u00e9es. Avec son format compact de 1U, l'appareil est con\u00e7u pour s'int\u00e9grer dans les racks d'\u00e9quipement standard, optimisant ainsi l'espace dans les environnements professionnels. La combinaison de ces caract\u00e9ristiques fait du PWX750MLF WITH VIR un outil polyvalent pour tester et alimenter les appareils \u00e9lectroniques.<\/p>","protected":false},"excerpt":{"rendered":"<p>Alimentation DC programmable 1U multi-gamme, 750W, 0 \u00e0 80V\/0 \u00e0 28A<\/p>","protected":false},"featured_media":7664,"comment_status":"closed","ping_status":"closed","template":"","meta":{"_acf_changed":false,"slim_seo":{"title":"PWX750MLF WITH VIR - YOTAVIS AG","description":"Alimentation DC programmable 1U multi-gamme, 750W, 0 \u00e0 80V\/0 \u00e0 28A"}},"product_brand":[551],"product_cat":[516,515],"product_tag":[],"class_list":{"0":"post-6454","1":"product","2":"type-product","3":"status-publish","4":"has-post-thumbnail","6":"product_brand-kikusui","7":"product_cat-dc-source-en","8":"product_cat-power-en","9":"pa_current-a-565","10":"pa_output-number-146","11":"pa_power-w-564","12":"pa_remote-control-yes","13":"pa_voltage-v-155","15":"first","16":"instock","17":"taxable","18":"shipping-taxable","19":"purchasable","20":"product-type-simple"},"acf":[],"_links":{"self":[{"href":"https:\/\/yotavis.ch\/fr\/wp-json\/wp\/v2\/product\/6454","targetHints":{"allow":["GET"]}}],"collection":[{"href":"https:\/\/yotavis.ch\/fr\/wp-json\/wp\/v2\/product"}],"about":[{"href":"https:\/\/yotavis.ch\/fr\/wp-json\/wp\/v2\/types\/product"}],"replies":[{"embeddable":true,"href":"https:\/\/yotavis.ch\/fr\/wp-json\/wp\/v2\/comments?post=6454"}],"wp:featuredmedia":[{"embeddable":true,"href":"https:\/\/yotavis.ch\/fr\/wp-json\/wp\/v2\/media\/7664"}],"wp:attachment":[{"href":"https:\/\/yotavis.ch\/fr\/wp-json\/wp\/v2\/media?parent=6454"}],"wp:term":[{"taxonomy":"product_brand","embeddable":true,"href":"https:\/\/yotavis.ch\/fr\/wp-json\/wp\/v2\/product_brand?post=6454"},{"taxonomy":"product_cat","embeddable":true,"href":"https:\/\/yotavis.ch\/fr\/wp-json\/wp\/v2\/product_cat?post=6454"},{"taxonomy":"product_tag","embeddable":true,"href":"https:\/\/yotavis.ch\/fr\/wp-json\/wp\/v2\/product_tag?post=6454"}],"curies":[{"name":"wp","href":"https:\/\/api.w.org\/{rel}","templated":true}]}}