{"id":6459,"date":"2025-10-09T00:00:00","date_gmt":"2025-10-08T22:00:00","guid":{"rendered":"https:\/\/yotavis.ch\/product\/pwx750hf\/"},"modified":"2026-04-24T13:32:57","modified_gmt":"2026-04-24T11:32:57","slug":"pwx750hf","status":"publish","type":"product","link":"https:\/\/yotavis.ch\/fr\/produit\/pwx750hf\/","title":{"rendered":"PWX750HF"},"content":{"rendered":"<p>Le PWX750HF de Kikusui est une alimentation CC programmable multigamme 1U d'une puissance de 750 watts. Elle offre une plage de tension de 0 \u00e0 650 volts et une plage de courant de 0 \u00e0 3,5 amp\u00e8res, ce qui la rend adapt\u00e9e \u00e0 diverses applications n\u00e9cessitant un contr\u00f4le pr\u00e9cis de la puissance. Ce mod\u00e8le est dot\u00e9 d'un seul canal de sortie, ce qui permet de fournir une puissance cibl\u00e9e et efficace. La capacit\u00e9 de commande \u00e0 distance est incluse, ce qui permet aux utilisateurs de faire fonctionner l'appareil \u00e0 distance pour plus de commodit\u00e9 et de flexibilit\u00e9. La conception prend en charge le fonctionnement multi-gamme, ce qui offre une polyvalence dans l'ajustement des param\u00e8tres de tension et de courant en fonction des besoins sp\u00e9cifiques. Le facteur de forme compact de 1U permet une int\u00e9gration facile dans les installations ou les racks existants. Dans l'ensemble, le PWX750HF associe une puissance de sortie \u00e9lev\u00e9e \u00e0 des fonctions programmables et \u00e0 une fonctionnalit\u00e9 de contr\u00f4le \u00e0 distance.<\/p>","protected":false},"excerpt":{"rendered":"<p>Alimentation DC programmable multigamme 1U, 750W, 0 \u00e0 650V\/0 \u00e0 3,5A<\/p>","protected":false},"featured_media":7664,"comment_status":"closed","ping_status":"closed","template":"","meta":{"_acf_changed":false,"slim_seo":{"title":"PWX750HF - YOTAVIS AG","description":"Alimentation DC programmable multigamme 1U, 750W, 0 \u00e0 650V\/0 \u00e0 3,5A"}},"product_brand":[551],"product_cat":[516,515],"product_tag":[],"class_list":{"0":"post-6459","1":"product","2":"type-product","3":"status-publish","4":"has-post-thumbnail","6":"product_brand-kikusui","7":"product_cat-dc-source-en","8":"product_cat-power-en","9":"pa_current-a-3-5","10":"pa_output-number-146","11":"pa_power-w-564","12":"pa_remote-control-yes","13":"pa_voltage-v-554","15":"first","16":"instock","17":"taxable","18":"shipping-taxable","19":"purchasable","20":"product-type-simple"},"acf":[],"_links":{"self":[{"href":"https:\/\/yotavis.ch\/fr\/wp-json\/wp\/v2\/product\/6459","targetHints":{"allow":["GET"]}}],"collection":[{"href":"https:\/\/yotavis.ch\/fr\/wp-json\/wp\/v2\/product"}],"about":[{"href":"https:\/\/yotavis.ch\/fr\/wp-json\/wp\/v2\/types\/product"}],"replies":[{"embeddable":true,"href":"https:\/\/yotavis.ch\/fr\/wp-json\/wp\/v2\/comments?post=6459"}],"wp:featuredmedia":[{"embeddable":true,"href":"https:\/\/yotavis.ch\/fr\/wp-json\/wp\/v2\/media\/7664"}],"wp:attachment":[{"href":"https:\/\/yotavis.ch\/fr\/wp-json\/wp\/v2\/media?parent=6459"}],"wp:term":[{"taxonomy":"product_brand","embeddable":true,"href":"https:\/\/yotavis.ch\/fr\/wp-json\/wp\/v2\/product_brand?post=6459"},{"taxonomy":"product_cat","embeddable":true,"href":"https:\/\/yotavis.ch\/fr\/wp-json\/wp\/v2\/product_cat?post=6459"},{"taxonomy":"product_tag","embeddable":true,"href":"https:\/\/yotavis.ch\/fr\/wp-json\/wp\/v2\/product_tag?post=6459"}],"curies":[{"name":"wp","href":"https:\/\/api.w.org\/{rel}","templated":true}]}}