{"id":6460,"date":"2025-10-09T00:00:00","date_gmt":"2025-10-08T22:00:00","guid":{"rendered":"https:\/\/yotavis.ch\/product\/pwx750hf-with-iso-prog-volt-cont\/"},"modified":"2026-04-24T13:33:01","modified_gmt":"2026-04-24T11:33:01","slug":"pwx750hf-with-iso-prog-volt-cont","status":"publish","type":"product","link":"https:\/\/yotavis.ch\/fr\/produit\/pwx750hf-with-iso-prog-volt-cont\/","title":{"rendered":"PWX750HF AVEC ISO PROG VOLT CONT"},"content":{"rendered":"<p>Le PWX750HF WITH ISO PROG VOLT CONT est une alimentation CC programmable multi-gamme 1U de Kikusui, d\u00e9livrant une puissance de sortie de 750 watts. Elle offre une plage de tension de 0 \u00e0 650 volts et une plage de courant de 0 \u00e0 3,5 amp\u00e8res, ce qui la rend adapt\u00e9e \u00e0 diverses applications n\u00e9cessitant un contr\u00f4le pr\u00e9cis de la puissance. Ce mod\u00e8le est dot\u00e9 d'un seul canal de sortie, ce qui permet de d\u00e9livrer une puissance cibl\u00e9e et efficace. La capacit\u00e9 de commande \u00e0 distance est incluse, ce qui permet aux utilisateurs de faire fonctionner l'alimentation \u00e0 distance pour plus de commodit\u00e9 et de flexibilit\u00e9. L'appareil est con\u00e7u pour fournir des sorties de tension et de courant stables et programmables, supportant des t\u00e2ches de test et de d\u00e9veloppement complexes. Son format compact de 1U permet une int\u00e9gration facile dans les racks d'\u00e9quipement existants ou dans les configurations de laboratoire. La combinaison d'une tension \u00e9lev\u00e9e, d'une capacit\u00e9 de courant et de la programmabilit\u00e9 fait de cette alimentation un outil polyvalent pour les environnements professionnels.<\/p>","protected":false},"excerpt":{"rendered":"<p>Alimentation DC programmable multigamme 1U, 750W, 0 \u00e0 650V\/0 \u00e0 3,5A<\/p>","protected":false},"featured_media":7664,"comment_status":"closed","ping_status":"closed","template":"","meta":{"_acf_changed":false,"slim_seo":{"title":"PWX750HF WITH ISO PROG VOLT CONT - YOTAVIS AG","description":"Alimentation DC programmable multigamme 1U, 750W, 0 \u00e0 650V\/0 \u00e0 3,5A"}},"product_brand":[551],"product_cat":[516,515],"product_tag":[],"class_list":{"0":"post-6460","1":"product","2":"type-product","3":"status-publish","4":"has-post-thumbnail","6":"product_brand-kikusui","7":"product_cat-dc-source-en","8":"product_cat-power-en","9":"pa_current-a-3-5","10":"pa_output-number-146","11":"pa_power-w-564","12":"pa_remote-control-yes","13":"pa_voltage-v-554","15":"first","16":"instock","17":"taxable","18":"shipping-taxable","19":"purchasable","20":"product-type-simple"},"acf":[],"_links":{"self":[{"href":"https:\/\/yotavis.ch\/fr\/wp-json\/wp\/v2\/product\/6460","targetHints":{"allow":["GET"]}}],"collection":[{"href":"https:\/\/yotavis.ch\/fr\/wp-json\/wp\/v2\/product"}],"about":[{"href":"https:\/\/yotavis.ch\/fr\/wp-json\/wp\/v2\/types\/product"}],"replies":[{"embeddable":true,"href":"https:\/\/yotavis.ch\/fr\/wp-json\/wp\/v2\/comments?post=6460"}],"wp:featuredmedia":[{"embeddable":true,"href":"https:\/\/yotavis.ch\/fr\/wp-json\/wp\/v2\/media\/7664"}],"wp:attachment":[{"href":"https:\/\/yotavis.ch\/fr\/wp-json\/wp\/v2\/media?parent=6460"}],"wp:term":[{"taxonomy":"product_brand","embeddable":true,"href":"https:\/\/yotavis.ch\/fr\/wp-json\/wp\/v2\/product_brand?post=6460"},{"taxonomy":"product_cat","embeddable":true,"href":"https:\/\/yotavis.ch\/fr\/wp-json\/wp\/v2\/product_cat?post=6460"},{"taxonomy":"product_tag","embeddable":true,"href":"https:\/\/yotavis.ch\/fr\/wp-json\/wp\/v2\/product_tag?post=6460"}],"curies":[{"name":"wp","href":"https:\/\/api.w.org\/{rel}","templated":true}]}}