{"id":6464,"date":"2025-10-09T00:00:00","date_gmt":"2025-10-08T22:00:00","guid":{"rendered":"https:\/\/yotavis.ch\/product\/pwx1500l-with-iso-prog-volt-cont\/"},"modified":"2026-04-24T13:33:03","modified_gmt":"2026-04-24T11:33:03","slug":"pwx1500l-with-iso-prog-volt-cont","status":"publish","type":"product","link":"https:\/\/yotavis.ch\/fr\/produit\/pwx1500l-with-iso-prog-volt-cont\/","title":{"rendered":"PWX1500L AVEC ISO PROG VOLT CONT"},"content":{"rendered":"<p>Le PWX1500L WITH ISO PROG VOLT CONT est une alimentation DC programmable multi-gamme 1U de Kikusui, d\u00e9livrant une puissance de 1500 watts. Elle offre une plage de tension de 0 \u00e0 30 volts et une plage de courant de 0 \u00e0 150 amp\u00e8res, ce qui la rend adapt\u00e9e \u00e0 diverses applications n\u00e9cessitant un contr\u00f4le pr\u00e9cis de la puissance. Ce mod\u00e8le dispose d'un seul canal de sortie et prend en charge la fonctionnalit\u00e9 de commande \u00e0 distance, ce qui permet un fonctionnement pratique et l'int\u00e9gration dans des syst\u00e8mes automatis\u00e9s. La conception met l'accent sur la flexibilit\u00e9 et la programmabilit\u00e9, ce qui permet aux utilisateurs d'ajuster les param\u00e8tres de tension et de courant en fonction de leurs besoins sp\u00e9cifiques. Son format compact de 1U facilite l'installation dans les baies d'\u00e9quipement standard. L'alimentation est con\u00e7ue pour fournir une sortie de courant continu fiable et stable, supportant une large gamme de t\u00e2ches de test et de d\u00e9veloppement.<\/p>","protected":false},"excerpt":{"rendered":"<p>Alimentation DC programmable multigamme 1U, 1500W, 0 \u00e0 30V\/0 \u00e0 150A<\/p>","protected":false},"featured_media":7664,"comment_status":"closed","ping_status":"closed","template":"","meta":{"_acf_changed":false,"slim_seo":{"title":"PWX1500L WITH ISO PROG VOLT CONT - YOTAVIS AG","description":"Alimentation DC programmable multigamme 1U, 1500W, 0 \u00e0 30V\/0 \u00e0 150A"}},"product_brand":[551],"product_cat":[516,515],"product_tag":[],"class_list":{"0":"post-6464","1":"product","2":"type-product","3":"status-publish","4":"has-post-thumbnail","6":"product_brand-kikusui","7":"product_cat-dc-source-en","8":"product_cat-power-en","9":"pa_current-a-569","10":"pa_output-number-146","11":"pa_power-w-400","12":"pa_remote-control-yes","13":"pa_voltage-v-145","15":"first","16":"instock","17":"taxable","18":"shipping-taxable","19":"purchasable","20":"product-type-simple"},"acf":[],"_links":{"self":[{"href":"https:\/\/yotavis.ch\/fr\/wp-json\/wp\/v2\/product\/6464","targetHints":{"allow":["GET"]}}],"collection":[{"href":"https:\/\/yotavis.ch\/fr\/wp-json\/wp\/v2\/product"}],"about":[{"href":"https:\/\/yotavis.ch\/fr\/wp-json\/wp\/v2\/types\/product"}],"replies":[{"embeddable":true,"href":"https:\/\/yotavis.ch\/fr\/wp-json\/wp\/v2\/comments?post=6464"}],"wp:featuredmedia":[{"embeddable":true,"href":"https:\/\/yotavis.ch\/fr\/wp-json\/wp\/v2\/media\/7664"}],"wp:attachment":[{"href":"https:\/\/yotavis.ch\/fr\/wp-json\/wp\/v2\/media?parent=6464"}],"wp:term":[{"taxonomy":"product_brand","embeddable":true,"href":"https:\/\/yotavis.ch\/fr\/wp-json\/wp\/v2\/product_brand?post=6464"},{"taxonomy":"product_cat","embeddable":true,"href":"https:\/\/yotavis.ch\/fr\/wp-json\/wp\/v2\/product_cat?post=6464"},{"taxonomy":"product_tag","embeddable":true,"href":"https:\/\/yotavis.ch\/fr\/wp-json\/wp\/v2\/product_tag?post=6464"}],"curies":[{"name":"wp","href":"https:\/\/api.w.org\/{rel}","templated":true}]}}