{"id":6465,"date":"2025-10-09T00:00:00","date_gmt":"2025-10-08T22:00:00","guid":{"rendered":"https:\/\/yotavis.ch\/product\/pwx1500l-with-iso-prog-curr-cont\/"},"modified":"2026-04-24T13:33:03","modified_gmt":"2026-04-24T11:33:03","slug":"pwx1500l-with-iso-prog-curr-cont","status":"publish","type":"product","link":"https:\/\/yotavis.ch\/fr\/produit\/pwx1500l-with-iso-prog-curr-cont\/","title":{"rendered":"PWX1500L AVEC ISO PROG CURR CONT"},"content":{"rendered":"<p>Le PWX1500L WITH ISO PROG CURR CONT est une alimentation DC programmable multi-gamme 1U fabriqu\u00e9e par Kikusui. Elle d\u00e9livre une puissance de 1500 watts avec une plage de tension de 0 \u00e0 30 volts et une plage de courant de 0 \u00e0 150 amp\u00e8res. Ce mod\u00e8le est dot\u00e9 d'un seul canal de sortie, ce qui permet une distribution cibl\u00e9e de la puissance. Il prend en charge la fonctionnalit\u00e9 de commande \u00e0 distance, ce qui permet aux utilisateurs de faire fonctionner l'appareil \u00e0 distance pour plus de commodit\u00e9 et de flexibilit\u00e9. L'alimentation est con\u00e7ue pour g\u00e9rer une large gamme d'applications n\u00e9cessitant un contr\u00f4le pr\u00e9cis de la tension et du courant dans les limites sp\u00e9cifi\u00e9es. Son format compact de 1U permet de l'int\u00e9grer dans divers racks d'\u00e9quipement ou dans des configurations o\u00f9 l'efficacit\u00e9 de l'espace est importante. La combinaison d'une puissance de sortie \u00e9lev\u00e9e et de param\u00e8tres programmables permet de l'adapter \u00e0 diff\u00e9rents sc\u00e9narios de test et d'exploitation.<\/p>","protected":false},"excerpt":{"rendered":"<p>Alimentation DC programmable multigamme 1U, 1500W, 0 \u00e0 30V\/0 \u00e0 150A<\/p>","protected":false},"featured_media":7664,"comment_status":"closed","ping_status":"closed","template":"","meta":{"_acf_changed":false,"slim_seo":{"title":"PWX1500L WITH ISO PROG CURR CONT - YOTAVIS AG","description":"Alimentation DC programmable multigamme 1U, 1500W, 0 \u00e0 30V\/0 \u00e0 150A"}},"product_brand":[551],"product_cat":[516,515],"product_tag":[],"class_list":{"0":"post-6465","1":"product","2":"type-product","3":"status-publish","4":"has-post-thumbnail","6":"product_brand-kikusui","7":"product_cat-dc-source-en","8":"product_cat-power-en","9":"pa_current-a-569","10":"pa_output-number-146","11":"pa_power-w-400","12":"pa_remote-control-yes","13":"pa_voltage-v-145","15":"first","16":"instock","17":"taxable","18":"shipping-taxable","19":"purchasable","20":"product-type-simple"},"acf":[],"_links":{"self":[{"href":"https:\/\/yotavis.ch\/fr\/wp-json\/wp\/v2\/product\/6465","targetHints":{"allow":["GET"]}}],"collection":[{"href":"https:\/\/yotavis.ch\/fr\/wp-json\/wp\/v2\/product"}],"about":[{"href":"https:\/\/yotavis.ch\/fr\/wp-json\/wp\/v2\/types\/product"}],"replies":[{"embeddable":true,"href":"https:\/\/yotavis.ch\/fr\/wp-json\/wp\/v2\/comments?post=6465"}],"wp:featuredmedia":[{"embeddable":true,"href":"https:\/\/yotavis.ch\/fr\/wp-json\/wp\/v2\/media\/7664"}],"wp:attachment":[{"href":"https:\/\/yotavis.ch\/fr\/wp-json\/wp\/v2\/media?parent=6465"}],"wp:term":[{"taxonomy":"product_brand","embeddable":true,"href":"https:\/\/yotavis.ch\/fr\/wp-json\/wp\/v2\/product_brand?post=6465"},{"taxonomy":"product_cat","embeddable":true,"href":"https:\/\/yotavis.ch\/fr\/wp-json\/wp\/v2\/product_cat?post=6465"},{"taxonomy":"product_tag","embeddable":true,"href":"https:\/\/yotavis.ch\/fr\/wp-json\/wp\/v2\/product_tag?post=6465"}],"curies":[{"name":"wp","href":"https:\/\/api.w.org\/{rel}","templated":true}]}}