{"id":6474,"date":"2025-10-09T00:00:00","date_gmt":"2025-10-08T22:00:00","guid":{"rendered":"https:\/\/yotavis.ch\/product\/pwx1500mh-with-vir\/"},"modified":"2026-04-24T13:33:06","modified_gmt":"2026-04-24T11:33:06","slug":"pwx1500mh-with-vir","status":"publish","type":"product","link":"https:\/\/yotavis.ch\/fr\/produit\/pwx1500mh-with-vir\/","title":{"rendered":"PWX1500MH AVEC VIR"},"content":{"rendered":"<p>Le PWX1500MH WITH VIR est une alimentation DC programmable multi-gamme 1U fabriqu\u00e9e par Kikusui, d\u00e9livrant une puissance de 1500 watts. Elle fonctionne dans une plage de tension de 0 \u00e0 230 volts et une plage de courant de 0 \u00e0 20 amp\u00e8res, fournissant un seul canal de sortie. Cette alimentation prend en charge la fonctionnalit\u00e9 de commande \u00e0 distance, ce qui permet un fonctionnement pratique et l'int\u00e9gration dans des syst\u00e8mes automatis\u00e9s. Con\u00e7ue pour g\u00e9rer une tension maximale de 230 volts et un courant maximal de 20 amp\u00e8res, elle convient \u00e0 diverses applications de test et de d\u00e9veloppement n\u00e9cessitant une alimentation CC pr\u00e9cise. Son format compact de 1U lui permet d'\u00eatre mont\u00e9 en rack dans les laboratoires ou les environnements industriels. Sa nature programmable permet aux utilisateurs de d\u00e9finir des param\u00e8tres de tension et de courant sp\u00e9cifiques pour r\u00e9pondre \u00e0 diverses exigences de test. Le num\u00e9ro de sortie unique de l'appareil simplifie la connexion et l'utilisation dans les configurations o\u00f9 une seule source d'alimentation contr\u00f4l\u00e9e est n\u00e9cessaire.<\/p>","protected":false},"excerpt":{"rendered":"<p>Alimentation DC programmable multigamme 1U, 1500W, 0 \u00e0 230V\/0 \u00e0 20A<\/p>","protected":false},"featured_media":7664,"comment_status":"closed","ping_status":"closed","template":"","meta":{"_acf_changed":false,"slim_seo":{"title":"PWX1500MH WITH VIR - YOTAVIS AG","description":"Alimentation DC programmable multigamme 1U, 1500W, 0 \u00e0 230V\/0 \u00e0 20A"}},"product_brand":[551],"product_cat":[516,515],"product_tag":[],"class_list":{"0":"post-6474","1":"product","2":"type-product","3":"status-publish","4":"has-post-thumbnail","6":"product_brand-kikusui","7":"product_cat-dc-source-en","8":"product_cat-power-en","9":"pa_current-a-552","10":"pa_output-number-146","11":"pa_power-w-400","12":"pa_remote-control-yes","13":"pa_voltage-v-567","15":"first","16":"instock","17":"taxable","18":"shipping-taxable","19":"purchasable","20":"product-type-simple"},"acf":[],"_links":{"self":[{"href":"https:\/\/yotavis.ch\/fr\/wp-json\/wp\/v2\/product\/6474","targetHints":{"allow":["GET"]}}],"collection":[{"href":"https:\/\/yotavis.ch\/fr\/wp-json\/wp\/v2\/product"}],"about":[{"href":"https:\/\/yotavis.ch\/fr\/wp-json\/wp\/v2\/types\/product"}],"replies":[{"embeddable":true,"href":"https:\/\/yotavis.ch\/fr\/wp-json\/wp\/v2\/comments?post=6474"}],"wp:featuredmedia":[{"embeddable":true,"href":"https:\/\/yotavis.ch\/fr\/wp-json\/wp\/v2\/media\/7664"}],"wp:attachment":[{"href":"https:\/\/yotavis.ch\/fr\/wp-json\/wp\/v2\/media?parent=6474"}],"wp:term":[{"taxonomy":"product_brand","embeddable":true,"href":"https:\/\/yotavis.ch\/fr\/wp-json\/wp\/v2\/product_brand?post=6474"},{"taxonomy":"product_cat","embeddable":true,"href":"https:\/\/yotavis.ch\/fr\/wp-json\/wp\/v2\/product_cat?post=6474"},{"taxonomy":"product_tag","embeddable":true,"href":"https:\/\/yotavis.ch\/fr\/wp-json\/wp\/v2\/product_tag?post=6474"}],"curies":[{"name":"wp","href":"https:\/\/api.w.org\/{rel}","templated":true}]}}