{"id":6475,"date":"2025-10-09T00:00:00","date_gmt":"2025-10-08T22:00:00","guid":{"rendered":"https:\/\/yotavis.ch\/product\/pwx1500h\/"},"modified":"2026-04-24T13:33:06","modified_gmt":"2026-04-24T11:33:06","slug":"pwx1500h","status":"publish","type":"product","link":"https:\/\/yotavis.ch\/fr\/produit\/pwx1500h\/","title":{"rendered":"PWX1500H"},"content":{"rendered":"<p>Le PWX1500H de Kikusui est une alimentation DC programmable multi-gamme 1U d\u00e9livrant jusqu'\u00e0 1500 watts de puissance. Elle offre une tension de sortie r\u00e9glable de 0 \u00e0 650 volts et un courant de sortie de 0 \u00e0 7 amp\u00e8res. Ce mod\u00e8le est dot\u00e9 d'un seul canal de sortie, ce qui permet d'obtenir une puissance cibl\u00e9e dans diverses applications. La capacit\u00e9 de commande \u00e0 distance est incluse, ce qui permet aux utilisateurs de faire fonctionner l'alimentation \u00e0 distance pour plus de commodit\u00e9 et de flexibilit\u00e9. L'appareil est con\u00e7u pour r\u00e9pondre aux besoins des utilisateurs n\u00e9cessitant une alimentation CC pr\u00e9cise et programmable dans un format compact 1U. Ses sp\u00e9cifications le rendent adapt\u00e9 aux t\u00e2ches qui exigent une tension et un courant \u00e9lev\u00e9s dans un environnement contr\u00f4l\u00e9.<\/p>","protected":false},"excerpt":{"rendered":"<p>Alimentation DC programmable multigamme 1U, 1500W, 0 \u00e0 650V\/0 \u00e0 7A<\/p>","protected":false},"featured_media":7664,"comment_status":"closed","ping_status":"closed","template":"","meta":{"_acf_changed":false,"slim_seo":{"title":"PWX1500H - YOTAVIS AG","description":"Alimentation DC programmable multigamme 1U, 1500W, 0 \u00e0 650V\/0 \u00e0 7A"}},"product_brand":[551],"product_cat":[516,515],"product_tag":[],"class_list":{"0":"post-6475","1":"product","2":"type-product","3":"status-publish","4":"has-post-thumbnail","6":"product_brand-kikusui","7":"product_cat-dc-source-en","8":"product_cat-power-en","9":"pa_current-a-571","10":"pa_output-number-146","11":"pa_power-w-400","12":"pa_remote-control-yes","13":"pa_voltage-v-554","15":"first","16":"instock","17":"taxable","18":"shipping-taxable","19":"purchasable","20":"product-type-simple"},"acf":[],"_links":{"self":[{"href":"https:\/\/yotavis.ch\/fr\/wp-json\/wp\/v2\/product\/6475","targetHints":{"allow":["GET"]}}],"collection":[{"href":"https:\/\/yotavis.ch\/fr\/wp-json\/wp\/v2\/product"}],"about":[{"href":"https:\/\/yotavis.ch\/fr\/wp-json\/wp\/v2\/types\/product"}],"replies":[{"embeddable":true,"href":"https:\/\/yotavis.ch\/fr\/wp-json\/wp\/v2\/comments?post=6475"}],"wp:featuredmedia":[{"embeddable":true,"href":"https:\/\/yotavis.ch\/fr\/wp-json\/wp\/v2\/media\/7664"}],"wp:attachment":[{"href":"https:\/\/yotavis.ch\/fr\/wp-json\/wp\/v2\/media?parent=6475"}],"wp:term":[{"taxonomy":"product_brand","embeddable":true,"href":"https:\/\/yotavis.ch\/fr\/wp-json\/wp\/v2\/product_brand?post=6475"},{"taxonomy":"product_cat","embeddable":true,"href":"https:\/\/yotavis.ch\/fr\/wp-json\/wp\/v2\/product_cat?post=6475"},{"taxonomy":"product_tag","embeddable":true,"href":"https:\/\/yotavis.ch\/fr\/wp-json\/wp\/v2\/product_tag?post=6475"}],"curies":[{"name":"wp","href":"https:\/\/api.w.org\/{rel}","templated":true}]}}