{"id":6477,"date":"2025-10-09T00:00:00","date_gmt":"2025-10-08T22:00:00","guid":{"rendered":"https:\/\/yotavis.ch\/product\/pwx1500h-with-iso-prog-curr-cont\/"},"modified":"2026-04-24T13:33:07","modified_gmt":"2026-04-24T11:33:07","slug":"pwx1500h-with-iso-prog-curr-cont","status":"publish","type":"product","link":"https:\/\/yotavis.ch\/fr\/produit\/pwx1500h-with-iso-prog-curr-cont\/","title":{"rendered":"PWX1500H AVEC ISO PROG CURR CONT"},"content":{"rendered":"<p>Le PWX1500H WITH ISO PROG CURR CONT est une alimentation CC programmable multi-gamme 1U de Kikusui, d\u00e9livrant une puissance de 1500 watts. Elle offre une plage de tension de 0 \u00e0 650 volts et une plage de courant de 0 \u00e0 7 amp\u00e8res, ce qui la rend adapt\u00e9e \u00e0 diverses applications de test et de d\u00e9veloppement. Ce mod\u00e8le est dot\u00e9 d'un seul canal de sortie, ce qui permet une distribution cibl\u00e9e de la puissance. Une fonction de commande \u00e0 distance est incluse, permettant aux utilisateurs de faire fonctionner l'alimentation \u00e0 distance pour des raisons de commodit\u00e9 et de s\u00e9curit\u00e9. L'appareil est con\u00e7u pour fournir une puissance de sortie pr\u00e9cise et r\u00e9glable dans les limites de tension et de courant sp\u00e9cifi\u00e9es. Son format compact de 1U permet une utilisation efficace de l'espace rack dans les laboratoires ou les environnements industriels. La combinaison d'une puissance \u00e9lev\u00e9e, d'une large plage de tension et de courant et d'une fonctionnalit\u00e9 de commande \u00e0 distance permet \u00e0 cette alimentation de s'adapter \u00e0 diff\u00e9rents sc\u00e9narios de test.<\/p>","protected":false},"excerpt":{"rendered":"<p>Alimentation DC programmable multigamme 1U, 1500W, 0 \u00e0 650V\/0 \u00e0 7A<\/p>","protected":false},"featured_media":7664,"comment_status":"closed","ping_status":"closed","template":"","meta":{"_acf_changed":false,"slim_seo":{"title":"PWX1500H WITH ISO PROG CURR CONT - YOTAVIS AG","description":"Alimentation DC programmable multigamme 1U, 1500W, 0 \u00e0 650V\/0 \u00e0 7A"}},"product_brand":[551],"product_cat":[516,515],"product_tag":[],"class_list":{"0":"post-6477","1":"product","2":"type-product","3":"status-publish","4":"has-post-thumbnail","6":"product_brand-kikusui","7":"product_cat-dc-source-en","8":"product_cat-power-en","9":"pa_current-a-571","10":"pa_output-number-146","11":"pa_power-w-400","12":"pa_remote-control-yes","13":"pa_voltage-v-554","15":"first","16":"instock","17":"taxable","18":"shipping-taxable","19":"purchasable","20":"product-type-simple"},"acf":[],"_links":{"self":[{"href":"https:\/\/yotavis.ch\/fr\/wp-json\/wp\/v2\/product\/6477","targetHints":{"allow":["GET"]}}],"collection":[{"href":"https:\/\/yotavis.ch\/fr\/wp-json\/wp\/v2\/product"}],"about":[{"href":"https:\/\/yotavis.ch\/fr\/wp-json\/wp\/v2\/types\/product"}],"replies":[{"embeddable":true,"href":"https:\/\/yotavis.ch\/fr\/wp-json\/wp\/v2\/comments?post=6477"}],"wp:featuredmedia":[{"embeddable":true,"href":"https:\/\/yotavis.ch\/fr\/wp-json\/wp\/v2\/media\/7664"}],"wp:attachment":[{"href":"https:\/\/yotavis.ch\/fr\/wp-json\/wp\/v2\/media?parent=6477"}],"wp:term":[{"taxonomy":"product_brand","embeddable":true,"href":"https:\/\/yotavis.ch\/fr\/wp-json\/wp\/v2\/product_brand?post=6477"},{"taxonomy":"product_cat","embeddable":true,"href":"https:\/\/yotavis.ch\/fr\/wp-json\/wp\/v2\/product_cat?post=6477"},{"taxonomy":"product_tag","embeddable":true,"href":"https:\/\/yotavis.ch\/fr\/wp-json\/wp\/v2\/product_tag?post=6477"}],"curies":[{"name":"wp","href":"https:\/\/api.w.org\/{rel}","templated":true}]}}