{"id":6482,"date":"2025-10-09T00:00:00","date_gmt":"2025-10-08T22:00:00","guid":{"rendered":"https:\/\/yotavis.ch\/product\/pav60-3-5\/"},"modified":"2026-04-24T13:33:12","modified_gmt":"2026-04-24T11:33:12","slug":"pav60-3-5","status":"publish","type":"product","link":"https:\/\/yotavis.ch\/fr\/produit\/pav60-3-5\/","title":{"rendered":"PAV60-3.5"},"content":{"rendered":"<p>Le Kikusui PAV60-3.5 est une alimentation CC intelligente \u00e0 commutation variable avec une plage de tension de sortie de 0 \u00e0 60 volts et une plage de courant de 0 \u00e0 3,5 amp\u00e8res. Elle d\u00e9livre une puissance maximale de 200 watts par le biais d'un seul canal de sortie. Cette alimentation prend en charge la fonctionnalit\u00e9 de commande \u00e0 distance, ce qui permet une utilisation pratique et l'int\u00e9gration dans des syst\u00e8mes automatis\u00e9s. L'appareil est con\u00e7u pour fournir une puissance de sortie pr\u00e9cise et r\u00e9glable, adapt\u00e9e \u00e0 diverses applications n\u00e9cessitant une tension et un courant contr\u00f4l\u00e9s. Son canal de sortie unique simplifie les connexions et l'utilisation dans les environnements de test ou de d\u00e9veloppement. La combinaison des sp\u00e9cifications de tension, de courant et de puissance le rend adapt\u00e9 aux t\u00e2ches qui exigent une alimentation en courant continu fiable avec des param\u00e8tres variables.<\/p>","protected":false},"excerpt":{"rendered":"<p>Alimentation DC intelligente \u00e0 commutation variable, 0 \u00e0 60V \/ 0 \u00e0 3,5A<\/p>","protected":false},"featured_media":7673,"comment_status":"closed","ping_status":"closed","template":"","meta":{"_acf_changed":false,"slim_seo":{"title":"PAV60-3.5 - YOTAVIS AG","description":"Alimentation DC intelligente \u00e0 commutation variable, 0 \u00e0 60V \/ 0 \u00e0 3,5A"}},"product_brand":[551],"product_cat":[516,515],"product_tag":[],"class_list":{"0":"post-6482","1":"product","2":"type-product","3":"status-publish","4":"has-post-thumbnail","6":"product_brand-kikusui","7":"product_cat-dc-source-en","8":"product_cat-power-en","9":"pa_current-a-3-5","10":"pa_output-number-146","11":"pa_power-w-414","12":"pa_remote-control-yes","13":"pa_voltage-v-314","15":"first","16":"instock","17":"taxable","18":"shipping-taxable","19":"purchasable","20":"product-type-simple"},"acf":[],"_links":{"self":[{"href":"https:\/\/yotavis.ch\/fr\/wp-json\/wp\/v2\/product\/6482","targetHints":{"allow":["GET"]}}],"collection":[{"href":"https:\/\/yotavis.ch\/fr\/wp-json\/wp\/v2\/product"}],"about":[{"href":"https:\/\/yotavis.ch\/fr\/wp-json\/wp\/v2\/types\/product"}],"replies":[{"embeddable":true,"href":"https:\/\/yotavis.ch\/fr\/wp-json\/wp\/v2\/comments?post=6482"}],"wp:featuredmedia":[{"embeddable":true,"href":"https:\/\/yotavis.ch\/fr\/wp-json\/wp\/v2\/media\/7673"}],"wp:attachment":[{"href":"https:\/\/yotavis.ch\/fr\/wp-json\/wp\/v2\/media?parent=6482"}],"wp:term":[{"taxonomy":"product_brand","embeddable":true,"href":"https:\/\/yotavis.ch\/fr\/wp-json\/wp\/v2\/product_brand?post=6482"},{"taxonomy":"product_cat","embeddable":true,"href":"https:\/\/yotavis.ch\/fr\/wp-json\/wp\/v2\/product_cat?post=6482"},{"taxonomy":"product_tag","embeddable":true,"href":"https:\/\/yotavis.ch\/fr\/wp-json\/wp\/v2\/product_tag?post=6482"}],"curies":[{"name":"wp","href":"https:\/\/api.w.org\/{rel}","templated":true}]}}