{"id":6483,"date":"2025-10-09T00:00:00","date_gmt":"2025-10-08T22:00:00","guid":{"rendered":"https:\/\/yotavis.ch\/product\/pav100-2\/"},"modified":"2026-04-24T13:33:12","modified_gmt":"2026-04-24T11:33:12","slug":"pav100-2","status":"publish","type":"product","link":"https:\/\/yotavis.ch\/fr\/produit\/pav100-2\/","title":{"rendered":"PAV100-2"},"content":{"rendered":"<p>Le Kikusui PAV100-2 est une alimentation CC intelligente \u00e0 commutation variable capable de d\u00e9livrer une tension de sortie allant de 0 \u00e0 100 volts et un courant de 0 \u00e0 2 amp\u00e8res. Elle a une puissance nominale de 200 watts et dispose d'un seul canal de sortie. Ce bloc d'alimentation est dot\u00e9 d'une fonction de commande \u00e0 distance, ce qui permet de l'utiliser et de le r\u00e9gler \u00e0 distance. L'appareil est con\u00e7u pour fournir une puissance de sortie pr\u00e9cise et r\u00e9glable, adapt\u00e9e \u00e0 diverses applications n\u00e9cessitant une tension et un courant contr\u00f4l\u00e9s. La tension maximale de sortie est de 100 volts, tandis que le courant maximal de sortie est de 2 amp\u00e8res. L'inclusion d'une t\u00e9l\u00e9commande am\u00e9liore son utilisation dans les installations automatis\u00e9es ou difficiles d'acc\u00e8s. Dans l'ensemble, le PAV100-2 combine la flexibilit\u00e9 des r\u00e9glages de tension et de courant avec la possibilit\u00e9 de commande \u00e0 distance dans une configuration de sortie unique.<\/p>","protected":false},"excerpt":{"rendered":"<p>Alimentation DC \u00e0 commutation variable, 0 \u00e0 100V \/ 0 \u00e0 2A<\/p>","protected":false},"featured_media":7673,"comment_status":"closed","ping_status":"closed","template":"","meta":{"_acf_changed":false,"slim_seo":{"title":"PAV100-2 - YOTAVIS AG","description":"Alimentation DC \u00e0 commutation variable, 0 \u00e0 100V \/ 0 \u00e0 2A"}},"product_brand":[551],"product_cat":[516,515],"product_tag":[],"class_list":{"0":"post-6483","1":"product","2":"type-product","3":"status-publish","4":"has-post-thumbnail","6":"product_brand-kikusui","7":"product_cat-dc-source-en","8":"product_cat-power-en","9":"pa_current-a-573","10":"pa_output-number-146","11":"pa_power-w-414","12":"pa_remote-control-yes","13":"pa_voltage-v-151","15":"first","16":"instock","17":"taxable","18":"shipping-taxable","19":"purchasable","20":"product-type-simple"},"acf":[],"_links":{"self":[{"href":"https:\/\/yotavis.ch\/fr\/wp-json\/wp\/v2\/product\/6483","targetHints":{"allow":["GET"]}}],"collection":[{"href":"https:\/\/yotavis.ch\/fr\/wp-json\/wp\/v2\/product"}],"about":[{"href":"https:\/\/yotavis.ch\/fr\/wp-json\/wp\/v2\/types\/product"}],"replies":[{"embeddable":true,"href":"https:\/\/yotavis.ch\/fr\/wp-json\/wp\/v2\/comments?post=6483"}],"wp:featuredmedia":[{"embeddable":true,"href":"https:\/\/yotavis.ch\/fr\/wp-json\/wp\/v2\/media\/7673"}],"wp:attachment":[{"href":"https:\/\/yotavis.ch\/fr\/wp-json\/wp\/v2\/media?parent=6483"}],"wp:term":[{"taxonomy":"product_brand","embeddable":true,"href":"https:\/\/yotavis.ch\/fr\/wp-json\/wp\/v2\/product_brand?post=6483"},{"taxonomy":"product_cat","embeddable":true,"href":"https:\/\/yotavis.ch\/fr\/wp-json\/wp\/v2\/product_cat?post=6483"},{"taxonomy":"product_tag","embeddable":true,"href":"https:\/\/yotavis.ch\/fr\/wp-json\/wp\/v2\/product_tag?post=6483"}],"curies":[{"name":"wp","href":"https:\/\/api.w.org\/{rel}","templated":true}]}}