{"id":6487,"date":"2025-10-09T00:00:00","date_gmt":"2025-10-08T22:00:00","guid":{"rendered":"https:\/\/yotavis.ch\/product\/pav10-20-with-lan\/"},"modified":"2026-04-24T13:33:14","modified_gmt":"2026-04-24T11:33:14","slug":"pav10-20-with-lan","status":"publish","type":"product","link":"https:\/\/yotavis.ch\/fr\/produit\/pav10-20-with-lan\/","title":{"rendered":"PAV10-20 WITH LAN"},"content":{"rendered":"<p>Le Kikusui PAV10-20 WITH LAN est une alimentation CC intelligente \u00e0 commutation variable con\u00e7ue pour d\u00e9livrer une tension de sortie allant de 0 \u00e0 10 volts et un courant allant jusqu'\u00e0 20 amp\u00e8res. Elle a une puissance nominale de 200 watts et dispose d'un seul canal de sortie. Cette alimentation prend en charge la fonctionnalit\u00e9 de commande \u00e0 distance, ce qui permet un fonctionnement pratique et l'int\u00e9gration dans des syst\u00e8mes automatis\u00e9s. L'appareil est con\u00e7u pour fournir une puissance de sortie pr\u00e9cise et stable, adapt\u00e9e \u00e0 diverses applications n\u00e9cessitant une alimentation CC contr\u00f4l\u00e9e. Sa conception inclut une interface LAN, permettant une connectivit\u00e9 r\u00e9seau pour la surveillance et le contr\u00f4le \u00e0 distance. La combinaison des capacit\u00e9s de tension et de courant permet de tester et d'alimenter des dispositifs \u00e9lectroniques dans la plage sp\u00e9cifi\u00e9e. Le canal de sortie unique de l'appareil simplifie la configuration et le fonctionnement tout en maintenant la flexibilit\u00e9 gr\u00e2ce \u00e0 la fonction de contr\u00f4le \u00e0 distance.<\/p>","protected":false},"excerpt":{"rendered":"<p>Alimentation DC intelligente \u00e0 commutation variable, 0 \u00e0 10V \/ 0 \u00e0 20A<\/p>","protected":false},"featured_media":7674,"comment_status":"closed","ping_status":"closed","template":"","meta":{"_acf_changed":false,"slim_seo":{"title":"PAV10-20 WITH LAN - YOTAVIS AG","description":"Alimentation DC intelligente \u00e0 commutation variable, 0 \u00e0 10V \/ 0 \u00e0 20A"}},"product_brand":[551],"product_cat":[516,515],"product_tag":[],"class_list":{"0":"post-6487","1":"product","2":"type-product","3":"status-publish","4":"has-post-thumbnail","6":"product_brand-kikusui","7":"product_cat-dc-source-en","8":"product_cat-power-en","9":"pa_current-a-552","10":"pa_output-number-146","11":"pa_power-w-414","12":"pa_remote-control-yes","13":"pa_voltage-v-572","15":"first","16":"instock","17":"taxable","18":"shipping-taxable","19":"purchasable","20":"product-type-simple"},"acf":[],"_links":{"self":[{"href":"https:\/\/yotavis.ch\/fr\/wp-json\/wp\/v2\/product\/6487","targetHints":{"allow":["GET"]}}],"collection":[{"href":"https:\/\/yotavis.ch\/fr\/wp-json\/wp\/v2\/product"}],"about":[{"href":"https:\/\/yotavis.ch\/fr\/wp-json\/wp\/v2\/types\/product"}],"replies":[{"embeddable":true,"href":"https:\/\/yotavis.ch\/fr\/wp-json\/wp\/v2\/comments?post=6487"}],"wp:featuredmedia":[{"embeddable":true,"href":"https:\/\/yotavis.ch\/fr\/wp-json\/wp\/v2\/media\/7674"}],"wp:attachment":[{"href":"https:\/\/yotavis.ch\/fr\/wp-json\/wp\/v2\/media?parent=6487"}],"wp:term":[{"taxonomy":"product_brand","embeddable":true,"href":"https:\/\/yotavis.ch\/fr\/wp-json\/wp\/v2\/product_brand?post=6487"},{"taxonomy":"product_cat","embeddable":true,"href":"https:\/\/yotavis.ch\/fr\/wp-json\/wp\/v2\/product_cat?post=6487"},{"taxonomy":"product_tag","embeddable":true,"href":"https:\/\/yotavis.ch\/fr\/wp-json\/wp\/v2\/product_tag?post=6487"}],"curies":[{"name":"wp","href":"https:\/\/api.w.org\/{rel}","templated":true}]}}