{"id":6490,"date":"2025-10-09T00:00:00","date_gmt":"2025-10-08T22:00:00","guid":{"rendered":"https:\/\/yotavis.ch\/product\/pav60-3-5-with-lan\/"},"modified":"2026-04-24T13:33:15","modified_gmt":"2026-04-24T11:33:15","slug":"pav60-3-5-with-lan","status":"publish","type":"product","link":"https:\/\/yotavis.ch\/fr\/produit\/pav60-3-5-with-lan\/","title":{"rendered":"PAV60-3.5 AVEC LAN"},"content":{"rendered":"<p>Le PAV60-3.5 WITH LAN est une alimentation CC intelligente \u00e0 commutation variable fabriqu\u00e9e par Kikusui. Elle offre une plage de tension de sortie de 0 \u00e0 60 volts et une plage de courant de 0 \u00e0 3,5 amp\u00e8res, fournissant une puissance de sortie maximale de 200 watts. Ce mod\u00e8le dispose d'un seul canal de sortie et prend en charge la fonctionnalit\u00e9 de contr\u00f4le \u00e0 distance, ce qui permet un fonctionnement pratique et une int\u00e9gration dans les syst\u00e8mes automatis\u00e9s. L'alimentation est con\u00e7ue pour fournir une puissance pr\u00e9cise et r\u00e9glable adapt\u00e9e \u00e0 diverses applications n\u00e9cessitant une tension et un courant continus stables. Sa technologie intelligente de commutation variable permet d'optimiser les performances et l'efficacit\u00e9 pendant le fonctionnement. L'inclusion d'une connectivit\u00e9 LAN permet un contr\u00f4le et une surveillance bas\u00e9s sur le r\u00e9seau, am\u00e9liorant ainsi son utilisation dans des configurations complexes. Cet appareil convient aux utilisateurs qui ont besoin de capacit\u00e9s d'alimentation en courant continu fiables et flexibles.<\/p>","protected":false},"excerpt":{"rendered":"<p>Alimentation DC intelligente \u00e0 commutation variable, 0 \u00e0 60V \/ 0 \u00e0 3,5A<\/p>","protected":false},"featured_media":7673,"comment_status":"closed","ping_status":"closed","template":"","meta":{"_acf_changed":false,"slim_seo":{"title":"PAV60-3.5 WITH LAN - YOTAVIS AG","description":"Alimentation DC intelligente \u00e0 commutation variable, 0 \u00e0 60V \/ 0 \u00e0 3,5A"}},"product_brand":[551],"product_cat":[516,515],"product_tag":[],"class_list":{"0":"post-6490","1":"product","2":"type-product","3":"status-publish","4":"has-post-thumbnail","6":"product_brand-kikusui","7":"product_cat-dc-source-en","8":"product_cat-power-en","9":"pa_current-a-3-5","10":"pa_output-number-146","11":"pa_power-w-414","12":"pa_remote-control-yes","13":"pa_voltage-v-314","15":"first","16":"instock","17":"taxable","18":"shipping-taxable","19":"purchasable","20":"product-type-simple"},"acf":[],"_links":{"self":[{"href":"https:\/\/yotavis.ch\/fr\/wp-json\/wp\/v2\/product\/6490","targetHints":{"allow":["GET"]}}],"collection":[{"href":"https:\/\/yotavis.ch\/fr\/wp-json\/wp\/v2\/product"}],"about":[{"href":"https:\/\/yotavis.ch\/fr\/wp-json\/wp\/v2\/types\/product"}],"replies":[{"embeddable":true,"href":"https:\/\/yotavis.ch\/fr\/wp-json\/wp\/v2\/comments?post=6490"}],"wp:featuredmedia":[{"embeddable":true,"href":"https:\/\/yotavis.ch\/fr\/wp-json\/wp\/v2\/media\/7673"}],"wp:attachment":[{"href":"https:\/\/yotavis.ch\/fr\/wp-json\/wp\/v2\/media?parent=6490"}],"wp:term":[{"taxonomy":"product_brand","embeddable":true,"href":"https:\/\/yotavis.ch\/fr\/wp-json\/wp\/v2\/product_brand?post=6490"},{"taxonomy":"product_cat","embeddable":true,"href":"https:\/\/yotavis.ch\/fr\/wp-json\/wp\/v2\/product_cat?post=6490"},{"taxonomy":"product_tag","embeddable":true,"href":"https:\/\/yotavis.ch\/fr\/wp-json\/wp\/v2\/product_tag?post=6490"}],"curies":[{"name":"wp","href":"https:\/\/api.w.org\/{rel}","templated":true}]}}