{"id":6493,"date":"2025-10-09T00:00:00","date_gmt":"2025-10-08T22:00:00","guid":{"rendered":"https:\/\/yotavis.ch\/product\/pav320-0-65-with-lan\/"},"modified":"2026-04-24T13:33:16","modified_gmt":"2026-04-24T11:33:16","slug":"pav320-0-65-with-lan","status":"publish","type":"product","link":"https:\/\/yotavis.ch\/fr\/produit\/pav320-0-65-with-lan\/","title":{"rendered":"PAV320-0.65 AVEC LAN"},"content":{"rendered":"<p>Le Kikusui PAV320-0.65 WITH LAN est une alimentation CC intelligente \u00e0 commutation variable con\u00e7ue pour d\u00e9livrer une tension de sortie allant de 0 \u00e0 320 volts et un courant de 0 \u00e0 0,65 amp\u00e8re. Elle fournit un seul canal de sortie, ce qui la rend adapt\u00e9e aux applications n\u00e9cessitant un contr\u00f4le pr\u00e9cis de la tension et du courant dans ces plages. L'alimentation a une puissance maximale de 200 watts, ce qui lui permet de r\u00e9pondre efficacement aux demandes de puissance mod\u00e9r\u00e9e. La fonctionnalit\u00e9 de contr\u00f4le \u00e0 distance est incluse, permettant aux utilisateurs de faire fonctionner l'appareil \u00e0 distance, ce qui peut \u00eatre b\u00e9n\u00e9fique pour les environnements de test automatis\u00e9s ou les configurations o\u00f9 l'acc\u00e8s direct est limit\u00e9. La conception de l'appareil met l'accent sur la flexibilit\u00e9 et le contr\u00f4le, avec la possibilit\u00e9 d'ajuster les param\u00e8tres de sortie en douceur dans les limites de tension et de courant sp\u00e9cifi\u00e9es. Ce mod\u00e8le fait partie de la gamme Kikusui, connue pour l'int\u00e9gration de fonctions avanc\u00e9es dans ses blocs d'alimentation. L'inclusion de la connectivit\u00e9 LAN sugg\u00e8re qu'il peut \u00eatre int\u00e9gr\u00e9 dans des syst\u00e8mes en r\u00e9seau \u00e0 des fins de surveillance et de contr\u00f4le. Dans l'ensemble, le PAV320-0.65 WITH LAN offre une combinaison de sortie r\u00e9glable, d'op\u00e9rabilit\u00e9 \u00e0 distance et d'int\u00e9gration au r\u00e9seau dans un bloc d'alimentation \u00e0 canal unique.<\/p>","protected":false},"excerpt":{"rendered":"<p>Alimentation DC \u00e0 commutation variable Smart, 0 \u00e0 320V \/ 0 \u00e0 0,65A<\/p>","protected":false},"featured_media":7672,"comment_status":"closed","ping_status":"closed","template":"","meta":{"_acf_changed":false,"slim_seo":{"title":"PAV320-0.65 WITH LAN - YOTAVIS AG","description":"Alimentation DC \u00e0 commutation variable Smart, 0 \u00e0 320V \/ 0 \u00e0 0,65A"}},"product_brand":[551],"product_cat":[516,515],"product_tag":[],"class_list":{"0":"post-6493","1":"product","2":"type-product","3":"status-publish","4":"has-post-thumbnail","6":"product_brand-kikusui","7":"product_cat-dc-source-en","8":"product_cat-power-en","9":"pa_current-a-0-65","10":"pa_output-number-146","11":"pa_power-w-414","12":"pa_remote-control-yes","13":"pa_voltage-v-575","15":"first","16":"instock","17":"taxable","18":"shipping-taxable","19":"purchasable","20":"product-type-simple"},"acf":[],"_links":{"self":[{"href":"https:\/\/yotavis.ch\/fr\/wp-json\/wp\/v2\/product\/6493","targetHints":{"allow":["GET"]}}],"collection":[{"href":"https:\/\/yotavis.ch\/fr\/wp-json\/wp\/v2\/product"}],"about":[{"href":"https:\/\/yotavis.ch\/fr\/wp-json\/wp\/v2\/types\/product"}],"replies":[{"embeddable":true,"href":"https:\/\/yotavis.ch\/fr\/wp-json\/wp\/v2\/comments?post=6493"}],"wp:featuredmedia":[{"embeddable":true,"href":"https:\/\/yotavis.ch\/fr\/wp-json\/wp\/v2\/media\/7672"}],"wp:attachment":[{"href":"https:\/\/yotavis.ch\/fr\/wp-json\/wp\/v2\/media?parent=6493"}],"wp:term":[{"taxonomy":"product_brand","embeddable":true,"href":"https:\/\/yotavis.ch\/fr\/wp-json\/wp\/v2\/product_brand?post=6493"},{"taxonomy":"product_cat","embeddable":true,"href":"https:\/\/yotavis.ch\/fr\/wp-json\/wp\/v2\/product_cat?post=6493"},{"taxonomy":"product_tag","embeddable":true,"href":"https:\/\/yotavis.ch\/fr\/wp-json\/wp\/v2\/product_tag?post=6493"}],"curies":[{"name":"wp","href":"https:\/\/api.w.org\/{rel}","templated":true}]}}