{"id":6499,"date":"2025-10-09T00:00:00","date_gmt":"2025-10-08T22:00:00","guid":{"rendered":"https:\/\/yotavis.ch\/product\/pav100-4\/"},"modified":"2026-04-24T13:33:21","modified_gmt":"2026-04-24T11:33:21","slug":"pav100-4","status":"publish","type":"product","link":"https:\/\/yotavis.ch\/fr\/produit\/pav100-4\/","title":{"rendered":"PAV100-4"},"content":{"rendered":"<p>Le Kikusui PAV100-4 est une alimentation CC intelligente \u00e0 commutation variable con\u00e7ue pour d\u00e9livrer une tension de sortie allant de 0 \u00e0 100 volts et un courant de 0 \u00e0 4 amp\u00e8res. Elle fournit un seul canal de sortie avec une capacit\u00e9 de puissance maximale de 400 watts. Cette alimentation prend en charge la fonctionnalit\u00e9 de contr\u00f4le \u00e0 distance, ce qui permet une utilisation pratique et l'int\u00e9gration dans des syst\u00e8mes automatis\u00e9s. L'appareil est con\u00e7u pour r\u00e9pondre \u00e0 des exigences pr\u00e9cises en mati\u00e8re de tension et de courant dans la plage sp\u00e9cifi\u00e9e. Sa conception est ax\u00e9e sur la fourniture d'une puissance de sortie stable et r\u00e9glable, adapt\u00e9e \u00e0 diverses applications. L'inclusion de capacit\u00e9s de contr\u00f4le \u00e0 distance am\u00e9liore son utilisation dans des environnements o\u00f9 l'acc\u00e8s direct peut \u00eatre limit\u00e9 ou lorsqu'une surveillance et des ajustements \u00e0 distance sont n\u00e9cessaires. Le PAV100-4 combine ces caract\u00e9ristiques dans une unit\u00e9 compacte et efficace qui convient aux besoins d'alimentation contr\u00f4l\u00e9e.<\/p>","protected":false},"excerpt":{"rendered":"<p>Alimentation DC intelligente \u00e0 commutation variable, 0 \u00e0 100V \/ 0 \u00e0 4A<\/p>","protected":false},"featured_media":7673,"comment_status":"closed","ping_status":"closed","template":"","meta":{"_acf_changed":false,"slim_seo":{"title":"PAV100-4 - YOTAVIS AG","description":"Alimentation DC intelligente \u00e0 commutation variable, 0 \u00e0 100V \/ 0 \u00e0 4A"}},"product_brand":[551],"product_cat":[516,515],"product_tag":[],"class_list":{"0":"post-6499","1":"product","2":"type-product","3":"status-publish","4":"has-post-thumbnail","6":"product_brand-kikusui","7":"product_cat-dc-source-en","8":"product_cat-power-en","9":"pa_current-a-579","10":"pa_output-number-146","11":"pa_power-w-398","12":"pa_remote-control-yes","13":"pa_voltage-v-151","15":"first","16":"instock","17":"taxable","18":"shipping-taxable","19":"purchasable","20":"product-type-simple"},"acf":[],"_links":{"self":[{"href":"https:\/\/yotavis.ch\/fr\/wp-json\/wp\/v2\/product\/6499","targetHints":{"allow":["GET"]}}],"collection":[{"href":"https:\/\/yotavis.ch\/fr\/wp-json\/wp\/v2\/product"}],"about":[{"href":"https:\/\/yotavis.ch\/fr\/wp-json\/wp\/v2\/types\/product"}],"replies":[{"embeddable":true,"href":"https:\/\/yotavis.ch\/fr\/wp-json\/wp\/v2\/comments?post=6499"}],"wp:featuredmedia":[{"embeddable":true,"href":"https:\/\/yotavis.ch\/fr\/wp-json\/wp\/v2\/media\/7673"}],"wp:attachment":[{"href":"https:\/\/yotavis.ch\/fr\/wp-json\/wp\/v2\/media?parent=6499"}],"wp:term":[{"taxonomy":"product_brand","embeddable":true,"href":"https:\/\/yotavis.ch\/fr\/wp-json\/wp\/v2\/product_brand?post=6499"},{"taxonomy":"product_cat","embeddable":true,"href":"https:\/\/yotavis.ch\/fr\/wp-json\/wp\/v2\/product_cat?post=6499"},{"taxonomy":"product_tag","embeddable":true,"href":"https:\/\/yotavis.ch\/fr\/wp-json\/wp\/v2\/product_tag?post=6499"}],"curies":[{"name":"wp","href":"https:\/\/api.w.org\/{rel}","templated":true}]}}