{"id":6501,"date":"2025-10-09T00:00:00","date_gmt":"2025-10-08T22:00:00","guid":{"rendered":"https:\/\/yotavis.ch\/product\/pav320-1-3\/"},"modified":"2026-04-24T13:33:25","modified_gmt":"2026-04-24T11:33:25","slug":"pav320-1-3","status":"publish","type":"product","link":"https:\/\/yotavis.ch\/fr\/produit\/pav320-1-3\/","title":{"rendered":"PAV320-1.3"},"content":{"rendered":"<p>Le Kikusui PAV320-1.3 est une alimentation CC intelligente \u00e0 commutation variable avec une plage de tension de sortie de 0 \u00e0 320 volts et une plage de courant de 0 \u00e0 1,3 amp\u00e8re. Elle d\u00e9livre une puissance maximale de 400 watts, ce qui la rend adapt\u00e9e \u00e0 diverses applications n\u00e9cessitant un contr\u00f4le pr\u00e9cis de la tension et du courant. Ce mod\u00e8le est dot\u00e9 d'un seul canal de sortie, ce qui permet un fonctionnement et une connexion simples. Une fonction de commande \u00e0 distance est incluse, permettant aux utilisateurs de faire fonctionner l'alimentation \u00e0 distance pour plus de commodit\u00e9 et de flexibilit\u00e9. L'appareil est con\u00e7u pour fournir une puissance de sortie stable et r\u00e9glable, afin de soutenir les t\u00e2ches qui exigent une gestion pr\u00e9cise de l'alimentation. Ses sp\u00e9cifications sont ax\u00e9es sur la fourniture d'une alimentation CC fiable avec des r\u00e9glages variables pour r\u00e9pondre aux diff\u00e9rents besoins de test et d'exploitation.<\/p>","protected":false},"excerpt":{"rendered":"<p>Alimentation DC \u00e0 commutation variable Smart, 0 \u00e0 320V \/ 0 \u00e0 1,3A<\/p>","protected":false},"featured_media":7672,"comment_status":"closed","ping_status":"closed","template":"","meta":{"_acf_changed":false,"slim_seo":{"title":"PAV320-1.3 - YOTAVIS AG","description":"Alimentation DC \u00e0 commutation variable Smart, 0 \u00e0 320V \/ 0 \u00e0 1,3A"}},"product_brand":[551],"product_cat":[516,515],"product_tag":[],"class_list":{"0":"post-6501","1":"product","2":"type-product","3":"status-publish","4":"has-post-thumbnail","6":"product_brand-kikusui","7":"product_cat-dc-source-en","8":"product_cat-power-en","9":"pa_current-a-1-3","10":"pa_output-number-146","11":"pa_power-w-398","12":"pa_remote-control-yes","13":"pa_voltage-v-575","15":"first","16":"instock","17":"taxable","18":"shipping-taxable","19":"purchasable","20":"product-type-simple"},"acf":[],"_links":{"self":[{"href":"https:\/\/yotavis.ch\/fr\/wp-json\/wp\/v2\/product\/6501","targetHints":{"allow":["GET"]}}],"collection":[{"href":"https:\/\/yotavis.ch\/fr\/wp-json\/wp\/v2\/product"}],"about":[{"href":"https:\/\/yotavis.ch\/fr\/wp-json\/wp\/v2\/types\/product"}],"replies":[{"embeddable":true,"href":"https:\/\/yotavis.ch\/fr\/wp-json\/wp\/v2\/comments?post=6501"}],"wp:featuredmedia":[{"embeddable":true,"href":"https:\/\/yotavis.ch\/fr\/wp-json\/wp\/v2\/media\/7672"}],"wp:attachment":[{"href":"https:\/\/yotavis.ch\/fr\/wp-json\/wp\/v2\/media?parent=6501"}],"wp:term":[{"taxonomy":"product_brand","embeddable":true,"href":"https:\/\/yotavis.ch\/fr\/wp-json\/wp\/v2\/product_brand?post=6501"},{"taxonomy":"product_cat","embeddable":true,"href":"https:\/\/yotavis.ch\/fr\/wp-json\/wp\/v2\/product_cat?post=6501"},{"taxonomy":"product_tag","embeddable":true,"href":"https:\/\/yotavis.ch\/fr\/wp-json\/wp\/v2\/product_tag?post=6501"}],"curies":[{"name":"wp","href":"https:\/\/api.w.org\/{rel}","templated":true}]}}