{"id":6504,"date":"2025-10-09T00:00:00","date_gmt":"2025-10-08T22:00:00","guid":{"rendered":"https:\/\/yotavis.ch\/product\/pav20-20-with-lan\/"},"modified":"2026-04-24T13:33:26","modified_gmt":"2026-04-24T11:33:26","slug":"pav20-20-with-lan","status":"publish","type":"product","link":"https:\/\/yotavis.ch\/fr\/produit\/pav20-20-with-lan\/","title":{"rendered":"PAV20-20 WITH LAN"},"content":{"rendered":"<p>Le Kikusui PAV20-20 WITH LAN est une alimentation CC intelligente \u00e0 commutation variable con\u00e7ue pour d\u00e9livrer une tension de sortie allant de 0 \u00e0 20 volts et un courant de 0 \u00e0 20 amp\u00e8res. Elle fournit un seul canal de sortie capable de g\u00e9rer jusqu'\u00e0 400 watts de puissance. Ce mod\u00e8le prend en charge la fonctionnalit\u00e9 de commande \u00e0 distance, ce qui permet un fonctionnement pratique et l'int\u00e9gration dans des syst\u00e8mes automatis\u00e9s. L'alimentation est con\u00e7ue pour offrir un contr\u00f4le pr\u00e9cis de la tension et du courant dans les plages sp\u00e9cifi\u00e9es. Elle est con\u00e7ue pour les applications n\u00e9cessitant des sources d'alimentation en courant continu stables et r\u00e9glables. L'inclusion d'une connectivit\u00e9 LAN facilite le contr\u00f4le et la surveillance en r\u00e9seau. Ce dispositif convient \u00e0 divers environnements de test et de d\u00e9veloppement o\u00f9 une alimentation CC fiable est essentielle.<\/p>","protected":false},"excerpt":{"rendered":"<p>Alimentation DC \u00e0 commutation variable, 0 \u00e0 20V \/ 0 \u00e0 20A<\/p>","protected":false},"featured_media":7674,"comment_status":"closed","ping_status":"closed","template":"","meta":{"_acf_changed":false,"slim_seo":{"title":"PAV20-20 WITH LAN - YOTAVIS AG","description":"Alimentation DC \u00e0 commutation variable, 0 \u00e0 20V \/ 0 \u00e0 20A"}},"product_brand":[551],"product_cat":[516,515],"product_tag":[],"class_list":{"0":"post-6504","1":"product","2":"type-product","3":"status-publish","4":"has-post-thumbnail","6":"product_brand-kikusui","7":"product_cat-dc-source-en","8":"product_cat-power-en","9":"pa_current-a-552","10":"pa_output-number-146","11":"pa_power-w-398","12":"pa_remote-control-yes","13":"pa_voltage-v-315","15":"first","16":"instock","17":"taxable","18":"shipping-taxable","19":"purchasable","20":"product-type-simple"},"acf":[],"_links":{"self":[{"href":"https:\/\/yotavis.ch\/fr\/wp-json\/wp\/v2\/product\/6504","targetHints":{"allow":["GET"]}}],"collection":[{"href":"https:\/\/yotavis.ch\/fr\/wp-json\/wp\/v2\/product"}],"about":[{"href":"https:\/\/yotavis.ch\/fr\/wp-json\/wp\/v2\/types\/product"}],"replies":[{"embeddable":true,"href":"https:\/\/yotavis.ch\/fr\/wp-json\/wp\/v2\/comments?post=6504"}],"wp:featuredmedia":[{"embeddable":true,"href":"https:\/\/yotavis.ch\/fr\/wp-json\/wp\/v2\/media\/7674"}],"wp:attachment":[{"href":"https:\/\/yotavis.ch\/fr\/wp-json\/wp\/v2\/media?parent=6504"}],"wp:term":[{"taxonomy":"product_brand","embeddable":true,"href":"https:\/\/yotavis.ch\/fr\/wp-json\/wp\/v2\/product_brand?post=6504"},{"taxonomy":"product_cat","embeddable":true,"href":"https:\/\/yotavis.ch\/fr\/wp-json\/wp\/v2\/product_cat?post=6504"},{"taxonomy":"product_tag","embeddable":true,"href":"https:\/\/yotavis.ch\/fr\/wp-json\/wp\/v2\/product_tag?post=6504"}],"curies":[{"name":"wp","href":"https:\/\/api.w.org\/{rel}","templated":true}]}}