{"id":6506,"date":"2025-10-09T00:00:00","date_gmt":"2025-10-08T22:00:00","guid":{"rendered":"https:\/\/yotavis.ch\/product\/pav60-7-with-lan\/"},"modified":"2026-04-24T13:33:27","modified_gmt":"2026-04-24T11:33:27","slug":"pav60-7-with-lan","status":"publish","type":"product","link":"https:\/\/yotavis.ch\/fr\/produit\/pav60-7-with-lan\/","title":{"rendered":"PAV60-7 WITH LAN"},"content":{"rendered":"<p>Le Kikusui PAV60-7 WITH LAN est une alimentation CC intelligente \u00e0 commutation variable avec une plage de tension de sortie de 0 \u00e0 60 volts et une plage de courant de 0 \u00e0 7 amp\u00e8res. Elle d\u00e9livre une puissance maximale de 400 watts sur un seul canal de sortie. Cette alimentation prend en charge la fonctionnalit\u00e9 de commande \u00e0 distance, ce qui permet une utilisation pratique et l'int\u00e9gration dans des syst\u00e8mes automatis\u00e9s. L'appareil est con\u00e7u pour fournir une puissance de sortie pr\u00e9cise et r\u00e9glable, adapt\u00e9e \u00e0 diverses applications n\u00e9cessitant une alimentation en courant continu stable. Sa technologie de commutation variable permet une conversion et une r\u00e9gulation efficaces de la puissance. L'inclusion d'une connectivit\u00e9 LAN facilite le contr\u00f4le et la surveillance en r\u00e9seau, am\u00e9liorant ainsi son utilisation dans des installations complexes. Ce mod\u00e8le combine les caract\u00e9ristiques essentielles d'une alimentation contr\u00f4l\u00e9e avec des options d'interface modernes.<\/p>","protected":false},"excerpt":{"rendered":"<p>Alimentation DC intelligente \u00e0 commutation variable, 0 \u00e0 60V \/ 0 \u00e0 7A<\/p>","protected":false},"featured_media":7673,"comment_status":"closed","ping_status":"closed","template":"","meta":{"_acf_changed":false,"slim_seo":{"title":"PAV60-7 WITH LAN - YOTAVIS AG","description":"Alimentation DC intelligente \u00e0 commutation variable, 0 \u00e0 60V \/ 0 \u00e0 7A"}},"product_brand":[551],"product_cat":[516,515],"product_tag":[],"class_list":{"0":"post-6506","1":"product","2":"type-product","3":"status-publish","4":"has-post-thumbnail","6":"product_brand-kikusui","7":"product_cat-dc-source-en","8":"product_cat-power-en","9":"pa_current-a-571","10":"pa_output-number-146","11":"pa_power-w-398","12":"pa_remote-control-yes","13":"pa_voltage-v-314","15":"first","16":"instock","17":"taxable","18":"shipping-taxable","19":"purchasable","20":"product-type-simple"},"acf":[],"_links":{"self":[{"href":"https:\/\/yotavis.ch\/fr\/wp-json\/wp\/v2\/product\/6506","targetHints":{"allow":["GET"]}}],"collection":[{"href":"https:\/\/yotavis.ch\/fr\/wp-json\/wp\/v2\/product"}],"about":[{"href":"https:\/\/yotavis.ch\/fr\/wp-json\/wp\/v2\/types\/product"}],"replies":[{"embeddable":true,"href":"https:\/\/yotavis.ch\/fr\/wp-json\/wp\/v2\/comments?post=6506"}],"wp:featuredmedia":[{"embeddable":true,"href":"https:\/\/yotavis.ch\/fr\/wp-json\/wp\/v2\/media\/7673"}],"wp:attachment":[{"href":"https:\/\/yotavis.ch\/fr\/wp-json\/wp\/v2\/media?parent=6506"}],"wp:term":[{"taxonomy":"product_brand","embeddable":true,"href":"https:\/\/yotavis.ch\/fr\/wp-json\/wp\/v2\/product_brand?post=6506"},{"taxonomy":"product_cat","embeddable":true,"href":"https:\/\/yotavis.ch\/fr\/wp-json\/wp\/v2\/product_cat?post=6506"},{"taxonomy":"product_tag","embeddable":true,"href":"https:\/\/yotavis.ch\/fr\/wp-json\/wp\/v2\/product_tag?post=6506"}],"curies":[{"name":"wp","href":"https:\/\/api.w.org\/{rel}","templated":true}]}}