{"id":6508,"date":"2025-10-09T00:00:00","date_gmt":"2025-10-08T22:00:00","guid":{"rendered":"https:\/\/yotavis.ch\/product\/pav160-2-6-with-lan\/"},"modified":"2026-04-24T13:33:27","modified_gmt":"2026-04-24T11:33:27","slug":"pav160-2-6-with-lan","status":"publish","type":"product","link":"https:\/\/yotavis.ch\/fr\/produit\/pav160-2-6-with-lan\/","title":{"rendered":"PAV160-2.6 AVEC LAN"},"content":{"rendered":"<p>Le Kikusui PAV160-2.6 WITH LAN est une alimentation CC intelligente \u00e0 commutation variable con\u00e7ue pour d\u00e9livrer une tension de sortie allant de 0 \u00e0 160 volts et un courant de 0 \u00e0 2,6 amp\u00e8res. Elle dispose d'un seul canal de sortie capable de fournir jusqu'\u00e0 400 watts de puissance. Ce mod\u00e8le est dot\u00e9 d'une fonction de commande \u00e0 distance, ce qui facilite son utilisation et son int\u00e9gration dans des syst\u00e8mes automatis\u00e9s. L'alimentation est con\u00e7ue pour g\u00e9rer des ajustements pr\u00e9cis de tension et de courant dans sa plage sp\u00e9cifi\u00e9e. Sa conception permet une distribution efficace de l'\u00e9nergie, adapt\u00e9e \u00e0 diverses applications n\u00e9cessitant une alimentation en courant continu stable. L'inclusion d'une connectivit\u00e9 LAN facilite le contr\u00f4le et la surveillance en r\u00e9seau, am\u00e9liorant ainsi son utilisation dans des configurations complexes. Dans l'ensemble, le PAV160-2.6 WITH LAN combine des param\u00e8tres de sortie r\u00e9glables avec des capacit\u00e9s de fonctionnement \u00e0 distance.<\/p>","protected":false},"excerpt":{"rendered":"<p>Alimentation DC \u00e0 commutation variable Smart, 0 \u00e0 160V \/ 0 \u00e0 2,6A<\/p>","protected":false},"featured_media":7672,"comment_status":"closed","ping_status":"closed","template":"","meta":{"_acf_changed":false,"slim_seo":{"title":"PAV160-2.6 WITH LAN - YOTAVIS AG","description":"Alimentation DC \u00e0 commutation variable Smart, 0 \u00e0 160V \/ 0 \u00e0 2,6A"}},"product_brand":[551],"product_cat":[516,515],"product_tag":[],"class_list":{"0":"post-6508","1":"product","2":"type-product","3":"status-publish","4":"has-post-thumbnail","6":"product_brand-kikusui","7":"product_cat-dc-source-en","8":"product_cat-power-en","9":"pa_current-a-2-6","10":"pa_output-number-146","11":"pa_power-w-398","12":"pa_remote-control-yes","13":"pa_voltage-v-156","15":"first","16":"instock","17":"taxable","18":"shipping-taxable","19":"purchasable","20":"product-type-simple"},"acf":[],"_links":{"self":[{"href":"https:\/\/yotavis.ch\/fr\/wp-json\/wp\/v2\/product\/6508","targetHints":{"allow":["GET"]}}],"collection":[{"href":"https:\/\/yotavis.ch\/fr\/wp-json\/wp\/v2\/product"}],"about":[{"href":"https:\/\/yotavis.ch\/fr\/wp-json\/wp\/v2\/types\/product"}],"replies":[{"embeddable":true,"href":"https:\/\/yotavis.ch\/fr\/wp-json\/wp\/v2\/comments?post=6508"}],"wp:featuredmedia":[{"embeddable":true,"href":"https:\/\/yotavis.ch\/fr\/wp-json\/wp\/v2\/media\/7672"}],"wp:attachment":[{"href":"https:\/\/yotavis.ch\/fr\/wp-json\/wp\/v2\/media?parent=6508"}],"wp:term":[{"taxonomy":"product_brand","embeddable":true,"href":"https:\/\/yotavis.ch\/fr\/wp-json\/wp\/v2\/product_brand?post=6508"},{"taxonomy":"product_cat","embeddable":true,"href":"https:\/\/yotavis.ch\/fr\/wp-json\/wp\/v2\/product_cat?post=6508"},{"taxonomy":"product_tag","embeddable":true,"href":"https:\/\/yotavis.ch\/fr\/wp-json\/wp\/v2\/product_tag?post=6508"}],"curies":[{"name":"wp","href":"https:\/\/api.w.org\/{rel}","templated":true}]}}