{"id":6519,"date":"2025-10-09T00:00:00","date_gmt":"2025-10-08T22:00:00","guid":{"rendered":"https:\/\/yotavis.ch\/product\/pav10-60-with-lan\/"},"modified":"2026-04-24T13:33:31","modified_gmt":"2026-04-24T11:33:31","slug":"pav10-60-with-lan","status":"publish","type":"product","link":"https:\/\/yotavis.ch\/fr\/produit\/pav10-60-with-lan\/","title":{"rendered":"PAV10-60 AVEC LAN"},"content":{"rendered":"<p>Le Kikusui PAV10-60 WITH LAN est une alimentation CC intelligente \u00e0 commutation variable con\u00e7ue pour d\u00e9livrer une tension de sortie allant de 0 \u00e0 10 volts et un courant allant jusqu'\u00e0 60 amp\u00e8res. Elle fournit un seul canal de sortie avec une capacit\u00e9 de puissance maximale de 600 watts. Cette alimentation prend en charge la fonctionnalit\u00e9 de commande \u00e0 distance, ce qui permet un fonctionnement pratique et l'int\u00e9gration dans des syst\u00e8mes automatis\u00e9s. L'appareil est con\u00e7u pour g\u00e9rer des charges de courant \u00e9lev\u00e9es tout en maintenant un contr\u00f4le pr\u00e9cis de la tension, ce qui le rend adapt\u00e9 \u00e0 diverses applications de test et de d\u00e9veloppement. Sa conception met l'accent sur la flexibilit\u00e9 et le contr\u00f4le, ce qui permet aux utilisateurs d'ajuster efficacement les param\u00e8tres de sortie. L'inclusion d'une connectivit\u00e9 LAN facilite la gestion et la surveillance en r\u00e9seau, am\u00e9liorant ainsi son utilisation dans des configurations complexes. Dans l'ensemble, le PAV10-60 WITH LAN associe des caract\u00e9ristiques \u00e9lectriques robustes \u00e0 des fonctions de contr\u00f4le avanc\u00e9es.<\/p>","protected":false},"excerpt":{"rendered":"<p>Alimentation DC \u00e0 commutation variable, 0 \u00e0 10V \/ 0 \u00e0 60A<\/p>","protected":false},"featured_media":7673,"comment_status":"closed","ping_status":"closed","template":"","meta":{"_acf_changed":false,"slim_seo":{"title":"PAV10-60 WITH LAN - YOTAVIS AG","description":"Alimentation DC \u00e0 commutation variable, 0 \u00e0 10V \/ 0 \u00e0 60A"}},"product_brand":[551],"product_cat":[516,515],"product_tag":[],"class_list":{"0":"post-6519","1":"product","2":"type-product","3":"status-publish","4":"has-post-thumbnail","6":"product_brand-kikusui","7":"product_cat-dc-source-en","8":"product_cat-power-en","9":"pa_current-a-406","10":"pa_output-number-146","11":"pa_power-w-582","12":"pa_remote-control-yes","13":"pa_voltage-v-572","15":"first","16":"instock","17":"taxable","18":"shipping-taxable","19":"purchasable","20":"product-type-simple"},"acf":[],"_links":{"self":[{"href":"https:\/\/yotavis.ch\/fr\/wp-json\/wp\/v2\/product\/6519","targetHints":{"allow":["GET"]}}],"collection":[{"href":"https:\/\/yotavis.ch\/fr\/wp-json\/wp\/v2\/product"}],"about":[{"href":"https:\/\/yotavis.ch\/fr\/wp-json\/wp\/v2\/types\/product"}],"replies":[{"embeddable":true,"href":"https:\/\/yotavis.ch\/fr\/wp-json\/wp\/v2\/comments?post=6519"}],"wp:featuredmedia":[{"embeddable":true,"href":"https:\/\/yotavis.ch\/fr\/wp-json\/wp\/v2\/media\/7673"}],"wp:attachment":[{"href":"https:\/\/yotavis.ch\/fr\/wp-json\/wp\/v2\/media?parent=6519"}],"wp:term":[{"taxonomy":"product_brand","embeddable":true,"href":"https:\/\/yotavis.ch\/fr\/wp-json\/wp\/v2\/product_brand?post=6519"},{"taxonomy":"product_cat","embeddable":true,"href":"https:\/\/yotavis.ch\/fr\/wp-json\/wp\/v2\/product_cat?post=6519"},{"taxonomy":"product_tag","embeddable":true,"href":"https:\/\/yotavis.ch\/fr\/wp-json\/wp\/v2\/product_tag?post=6519"}],"curies":[{"name":"wp","href":"https:\/\/api.w.org\/{rel}","templated":true}]}}