{"id":6522,"date":"2025-10-09T00:00:00","date_gmt":"2025-10-08T22:00:00","guid":{"rendered":"https:\/\/yotavis.ch\/product\/pav60-10-with-lan\/"},"modified":"2026-04-24T13:33:35","modified_gmt":"2026-04-24T11:33:35","slug":"pav60-10-with-lan","status":"publish","type":"product","link":"https:\/\/yotavis.ch\/fr\/produit\/pav60-10-with-lan\/","title":{"rendered":"PAV60-10 AVEC LAN"},"content":{"rendered":"<p>Le Kikusui PAV60-10 WITH LAN est une alimentation CC intelligente \u00e0 commutation variable con\u00e7ue pour d\u00e9livrer une tension de sortie allant de 0 \u00e0 60 volts et un courant de 0 \u00e0 10 amp\u00e8res. Elle fournit un seul canal de sortie, ce qui la rend adapt\u00e9e aux applications n\u00e9cessitant un contr\u00f4le pr\u00e9cis de la puissance. Avec une puissance de 600 watts, cette alimentation r\u00e9pond \u00e0 un large \u00e9ventail de besoins en mati\u00e8re de tests et d'op\u00e9rations. L'appareil est dot\u00e9 d'une fonction de t\u00e9l\u00e9commande, ce qui permet aux utilisateurs de l'utiliser \u00e0 distance pour plus de commodit\u00e9 et de flexibilit\u00e9. Sa conception est ax\u00e9e sur la fourniture d'une puissance de sortie stable et r\u00e9glable, ce qui est essentiel pour diverses t\u00e2ches de test et de d\u00e9veloppement \u00e9lectroniques. L'inclusion d'une connectivit\u00e9 LAN permet de l'int\u00e9grer dans des environnements en r\u00e9seau pour la surveillance et le contr\u00f4le. Cette alimentation est con\u00e7ue pour r\u00e9pondre aux exigences des utilisateurs qui ont besoin de sources d'alimentation CC fiables et r\u00e9glables dans leurs flux de travail.<\/p>","protected":false},"excerpt":{"rendered":"<p>Alimentation DC intelligente \u00e0 commutation variable, 0 \u00e0 60V \/ 0 \u00e0 10A<\/p>","protected":false},"featured_media":7673,"comment_status":"closed","ping_status":"closed","template":"","meta":{"_acf_changed":false,"slim_seo":{"title":"PAV60-10 WITH LAN - YOTAVIS AG","description":"Alimentation DC intelligente \u00e0 commutation variable, 0 \u00e0 60V \/ 0 \u00e0 10A"}},"product_brand":[551],"product_cat":[516,515],"product_tag":[],"class_list":{"0":"post-6522","1":"product","2":"type-product","3":"status-publish","4":"has-post-thumbnail","6":"product_brand-kikusui","7":"product_cat-dc-source-en","8":"product_cat-power-en","9":"pa_current-a-397","10":"pa_output-number-146","11":"pa_power-w-582","12":"pa_remote-control-yes","13":"pa_voltage-v-314","15":"first","16":"instock","17":"taxable","18":"shipping-taxable","19":"purchasable","20":"product-type-simple"},"acf":[],"_links":{"self":[{"href":"https:\/\/yotavis.ch\/fr\/wp-json\/wp\/v2\/product\/6522","targetHints":{"allow":["GET"]}}],"collection":[{"href":"https:\/\/yotavis.ch\/fr\/wp-json\/wp\/v2\/product"}],"about":[{"href":"https:\/\/yotavis.ch\/fr\/wp-json\/wp\/v2\/types\/product"}],"replies":[{"embeddable":true,"href":"https:\/\/yotavis.ch\/fr\/wp-json\/wp\/v2\/comments?post=6522"}],"wp:featuredmedia":[{"embeddable":true,"href":"https:\/\/yotavis.ch\/fr\/wp-json\/wp\/v2\/media\/7673"}],"wp:attachment":[{"href":"https:\/\/yotavis.ch\/fr\/wp-json\/wp\/v2\/media?parent=6522"}],"wp:term":[{"taxonomy":"product_brand","embeddable":true,"href":"https:\/\/yotavis.ch\/fr\/wp-json\/wp\/v2\/product_brand?post=6522"},{"taxonomy":"product_cat","embeddable":true,"href":"https:\/\/yotavis.ch\/fr\/wp-json\/wp\/v2\/product_cat?post=6522"},{"taxonomy":"product_tag","embeddable":true,"href":"https:\/\/yotavis.ch\/fr\/wp-json\/wp\/v2\/product_tag?post=6522"}],"curies":[{"name":"wp","href":"https:\/\/api.w.org\/{rel}","templated":true}]}}