{"id":6524,"date":"2025-10-09T00:00:00","date_gmt":"2025-10-08T22:00:00","guid":{"rendered":"https:\/\/yotavis.ch\/product\/pav160-4-with-lan\/"},"modified":"2026-04-24T13:33:36","modified_gmt":"2026-04-24T11:33:36","slug":"pav160-4-with-lan","status":"publish","type":"product","link":"https:\/\/yotavis.ch\/fr\/produit\/pav160-4-with-lan\/","title":{"rendered":"PAV160-4 AVEC LAN"},"content":{"rendered":"<p>Le Kikusui PAV160-4 WITH LAN est une alimentation CC intelligente \u00e0 commutation variable avec une plage de tension de sortie de 0 \u00e0 160 volts et une plage de courant de 0 \u00e0 4 amp\u00e8res. Elle d\u00e9livre une puissance maximale de 600 watts par le biais d'un seul canal de sortie. Cette alimentation prend en charge la fonctionnalit\u00e9 de commande \u00e0 distance, ce qui permet une utilisation pratique et l'int\u00e9gration dans des syst\u00e8mes automatis\u00e9s. L'appareil est con\u00e7u pour fournir une puissance de sortie pr\u00e9cise et r\u00e9glable, adapt\u00e9e \u00e0 diverses applications n\u00e9cessitant une puissance CC contr\u00f4l\u00e9e. Sa capacit\u00e9 de commutation variable permet une conversion et une r\u00e9gulation efficaces de la puissance. L'inclusion d'une connectivit\u00e9 LAN facilite le contr\u00f4le et la surveillance en r\u00e9seau, am\u00e9liorant ainsi son utilisation dans des installations complexes. Ce mod\u00e8le combine des caract\u00e9ristiques essentielles pour une gestion fiable de l'alimentation en courant continu.<\/p>","protected":false},"excerpt":{"rendered":"<p>Alimentation DC \u00e0 commutation variable Smart, 0 \u00e0 160V \/ 0 \u00e0 4A<\/p>","protected":false},"featured_media":7672,"comment_status":"closed","ping_status":"closed","template":"","meta":{"_acf_changed":false,"slim_seo":{"title":"PAV160-4 WITH LAN - YOTAVIS AG","description":"Alimentation DC \u00e0 commutation variable Smart, 0 \u00e0 160V \/ 0 \u00e0 4A"}},"product_brand":[551],"product_cat":[516,515],"product_tag":[],"class_list":{"0":"post-6524","1":"product","2":"type-product","3":"status-publish","4":"has-post-thumbnail","6":"product_brand-kikusui","7":"product_cat-dc-source-en","8":"product_cat-power-en","9":"pa_current-a-579","10":"pa_output-number-146","11":"pa_power-w-582","12":"pa_remote-control-yes","13":"pa_voltage-v-156","15":"first","16":"instock","17":"taxable","18":"shipping-taxable","19":"purchasable","20":"product-type-simple"},"acf":[],"_links":{"self":[{"href":"https:\/\/yotavis.ch\/fr\/wp-json\/wp\/v2\/product\/6524","targetHints":{"allow":["GET"]}}],"collection":[{"href":"https:\/\/yotavis.ch\/fr\/wp-json\/wp\/v2\/product"}],"about":[{"href":"https:\/\/yotavis.ch\/fr\/wp-json\/wp\/v2\/types\/product"}],"replies":[{"embeddable":true,"href":"https:\/\/yotavis.ch\/fr\/wp-json\/wp\/v2\/comments?post=6524"}],"wp:featuredmedia":[{"embeddable":true,"href":"https:\/\/yotavis.ch\/fr\/wp-json\/wp\/v2\/media\/7672"}],"wp:attachment":[{"href":"https:\/\/yotavis.ch\/fr\/wp-json\/wp\/v2\/media?parent=6524"}],"wp:term":[{"taxonomy":"product_brand","embeddable":true,"href":"https:\/\/yotavis.ch\/fr\/wp-json\/wp\/v2\/product_brand?post=6524"},{"taxonomy":"product_cat","embeddable":true,"href":"https:\/\/yotavis.ch\/fr\/wp-json\/wp\/v2\/product_cat?post=6524"},{"taxonomy":"product_tag","embeddable":true,"href":"https:\/\/yotavis.ch\/fr\/wp-json\/wp\/v2\/product_tag?post=6524"}],"curies":[{"name":"wp","href":"https:\/\/api.w.org\/{rel}","templated":true}]}}