{"id":6527,"date":"2025-10-09T00:00:00","date_gmt":"2025-10-08T22:00:00","guid":{"rendered":"https:\/\/yotavis.ch\/product\/pav10-72\/"},"modified":"2026-04-24T13:33:37","modified_gmt":"2026-04-24T11:33:37","slug":"pav10-72","status":"publish","type":"product","link":"https:\/\/yotavis.ch\/fr\/produit\/pav10-72\/","title":{"rendered":"PAV10-72"},"content":{"rendered":"<p>Le Kikusui PAV10-72 est une alimentation CC intelligente \u00e0 commutation variable con\u00e7ue pour d\u00e9livrer une tension de sortie allant de 0 \u00e0 10 volts et un courant allant jusqu'\u00e0 72 amp\u00e8res. Elle fournit un seul canal de sortie, ce qui la rend adapt\u00e9e aux applications n\u00e9cessitant un contr\u00f4le pr\u00e9cis de la tension et du courant dans ces plages. Avec une puissance nominale de 800 watts, cette alimentation est capable de g\u00e9rer des charges \u00e9lectriques importantes. L'appareil est dot\u00e9 d'une fonction de commande \u00e0 distance, ce qui permet aux utilisateurs de l'utiliser \u00e0 distance pour des raisons de commodit\u00e9 et d'int\u00e9gration dans des syst\u00e8mes automatis\u00e9s. Sa conception est ax\u00e9e sur la fourniture d'un courant continu stable et r\u00e9glable, ce qui est essentiel pour tester et alimenter divers dispositifs et circuits \u00e9lectroniques. La combinaison d'une capacit\u00e9 de courant \u00e9lev\u00e9e et d'une sortie de tension variable le rend polyvalent pour diff\u00e9rents sc\u00e9narios de test. Le PAV10-72 est con\u00e7u pour r\u00e9pondre aux exigences des environnements o\u00f9 une alimentation en courant continu fiable et r\u00e9glable est n\u00e9cessaire.<\/p>","protected":false},"excerpt":{"rendered":"<p>Alimentation DC intelligente \u00e0 commutation variable, 0 \u00e0 10V \/ 0 \u00e0 72A<\/p>","protected":false},"featured_media":7673,"comment_status":"closed","ping_status":"closed","template":"","meta":{"_acf_changed":false,"slim_seo":{"title":"PAV10-72 - YOTAVIS AG","description":"Alimentation DC intelligente \u00e0 commutation variable, 0 \u00e0 10V \/ 0 \u00e0 72A"}},"product_brand":[551],"product_cat":[516,515],"product_tag":[],"class_list":{"0":"post-6527","1":"product","2":"type-product","3":"status-publish","4":"has-post-thumbnail","6":"product_brand-kikusui","7":"product_cat-dc-source-en","8":"product_cat-power-en","9":"pa_current-a-491","10":"pa_output-number-146","11":"pa_power-w-556","12":"pa_remote-control-yes","13":"pa_voltage-v-572","15":"first","16":"instock","17":"taxable","18":"shipping-taxable","19":"purchasable","20":"product-type-simple"},"acf":[],"_links":{"self":[{"href":"https:\/\/yotavis.ch\/fr\/wp-json\/wp\/v2\/product\/6527","targetHints":{"allow":["GET"]}}],"collection":[{"href":"https:\/\/yotavis.ch\/fr\/wp-json\/wp\/v2\/product"}],"about":[{"href":"https:\/\/yotavis.ch\/fr\/wp-json\/wp\/v2\/types\/product"}],"replies":[{"embeddable":true,"href":"https:\/\/yotavis.ch\/fr\/wp-json\/wp\/v2\/comments?post=6527"}],"wp:featuredmedia":[{"embeddable":true,"href":"https:\/\/yotavis.ch\/fr\/wp-json\/wp\/v2\/media\/7673"}],"wp:attachment":[{"href":"https:\/\/yotavis.ch\/fr\/wp-json\/wp\/v2\/media?parent=6527"}],"wp:term":[{"taxonomy":"product_brand","embeddable":true,"href":"https:\/\/yotavis.ch\/fr\/wp-json\/wp\/v2\/product_brand?post=6527"},{"taxonomy":"product_cat","embeddable":true,"href":"https:\/\/yotavis.ch\/fr\/wp-json\/wp\/v2\/product_cat?post=6527"},{"taxonomy":"product_tag","embeddable":true,"href":"https:\/\/yotavis.ch\/fr\/wp-json\/wp\/v2\/product_tag?post=6527"}],"curies":[{"name":"wp","href":"https:\/\/api.w.org\/{rel}","templated":true}]}}