{"id":6529,"date":"2025-10-09T00:00:00","date_gmt":"2025-10-08T22:00:00","guid":{"rendered":"https:\/\/yotavis.ch\/product\/pav36-24\/"},"modified":"2026-04-24T13:33:39","modified_gmt":"2026-04-24T11:33:39","slug":"pav36-24","status":"publish","type":"product","link":"https:\/\/yotavis.ch\/fr\/produit\/pav36-24\/","title":{"rendered":"PAV36-24"},"content":{"rendered":"<p>Le Kikusui PAV36-24 est une alimentation CC intelligente \u00e0 commutation variable avec une plage de tension de sortie de 0 \u00e0 36 volts et une plage de courant de 0 \u00e0 24 amp\u00e8res. Elle d\u00e9livre une puissance maximale de 800 watts par le biais d'un seul canal de sortie. Cette alimentation est dot\u00e9e d'une fonction de commande \u00e0 distance, ce qui permet de l'utiliser facilement \u00e0 distance. L'appareil est con\u00e7u pour fournir une puissance pr\u00e9cise et r\u00e9glable adapt\u00e9e \u00e0 diverses applications n\u00e9cessitant une tension et un courant continus stables. Sa capacit\u00e9 de tension maximale est de 36 volts, tandis que le courant maximal qu'il peut fournir est de 24 amp\u00e8res. Le canal de sortie unique simplifie la connectivit\u00e9 et l'int\u00e9gration dans les syst\u00e8mes existants. La combinaison de ces caract\u00e9ristiques fait du PAV36-24 un outil polyvalent pour la fourniture de puissance contr\u00f4l\u00e9e.<\/p>","protected":false},"excerpt":{"rendered":"<p>Alimentation DC intelligente \u00e0 commutation variable, 0 \u00e0 36V \/ 0 \u00e0 24A<\/p>","protected":false},"featured_media":7673,"comment_status":"closed","ping_status":"closed","template":"","meta":{"_acf_changed":false,"slim_seo":{"title":"PAV36-24 - YOTAVIS AG","description":"Alimentation DC intelligente \u00e0 commutation variable, 0 \u00e0 36V \/ 0 \u00e0 24A"}},"product_brand":[551],"product_cat":[516,515],"product_tag":[],"class_list":{"0":"post-6529","1":"product","2":"type-product","3":"status-publish","4":"has-post-thumbnail","6":"product_brand-kikusui","7":"product_cat-dc-source-en","8":"product_cat-power-en","9":"pa_current-a-584","10":"pa_output-number-146","11":"pa_power-w-556","12":"pa_remote-control-yes","13":"pa_voltage-v-318","15":"first","16":"instock","17":"taxable","18":"shipping-taxable","19":"purchasable","20":"product-type-simple"},"acf":[],"_links":{"self":[{"href":"https:\/\/yotavis.ch\/fr\/wp-json\/wp\/v2\/product\/6529","targetHints":{"allow":["GET"]}}],"collection":[{"href":"https:\/\/yotavis.ch\/fr\/wp-json\/wp\/v2\/product"}],"about":[{"href":"https:\/\/yotavis.ch\/fr\/wp-json\/wp\/v2\/types\/product"}],"replies":[{"embeddable":true,"href":"https:\/\/yotavis.ch\/fr\/wp-json\/wp\/v2\/comments?post=6529"}],"wp:featuredmedia":[{"embeddable":true,"href":"https:\/\/yotavis.ch\/fr\/wp-json\/wp\/v2\/media\/7673"}],"wp:attachment":[{"href":"https:\/\/yotavis.ch\/fr\/wp-json\/wp\/v2\/media?parent=6529"}],"wp:term":[{"taxonomy":"product_brand","embeddable":true,"href":"https:\/\/yotavis.ch\/fr\/wp-json\/wp\/v2\/product_brand?post=6529"},{"taxonomy":"product_cat","embeddable":true,"href":"https:\/\/yotavis.ch\/fr\/wp-json\/wp\/v2\/product_cat?post=6529"},{"taxonomy":"product_tag","embeddable":true,"href":"https:\/\/yotavis.ch\/fr\/wp-json\/wp\/v2\/product_tag?post=6529"}],"curies":[{"name":"wp","href":"https:\/\/api.w.org\/{rel}","templated":true}]}}