{"id":6534,"date":"2025-10-09T00:00:00","date_gmt":"2025-10-08T22:00:00","guid":{"rendered":"https:\/\/yotavis.ch\/product\/pav650-1-25\/"},"modified":"2026-04-24T13:33:40","modified_gmt":"2026-04-24T11:33:40","slug":"pav650-1-25","status":"publish","type":"product","link":"https:\/\/yotavis.ch\/fr\/produit\/pav650-1-25\/","title":{"rendered":"PAV650-1.25"},"content":{"rendered":"<p>Le Kikusui PAV650-1.25 est une alimentation CC intelligente \u00e0 commutation variable avec une plage de tension de sortie de 0 \u00e0 650 volts et une plage de courant de 0 \u00e0 1,25 amp\u00e8re. Elle d\u00e9livre une puissance maximale de 800 watts, ce qui la rend adapt\u00e9e \u00e0 diverses applications n\u00e9cessitant un contr\u00f4le pr\u00e9cis de la tension et du courant. Ce mod\u00e8le est dot\u00e9 d'un seul canal de sortie, ce qui permet de l'int\u00e9grer facilement dans les installations de test et de d\u00e9veloppement. La capacit\u00e9 de commande \u00e0 distance est incluse, ce qui permet aux utilisateurs de faire fonctionner l'alimentation \u00e0 distance pour plus de commodit\u00e9 et de s\u00e9curit\u00e9. La conception se concentre sur la fourniture d'une puissance de sortie fiable et r\u00e9glable dans les limites de tension et de courant sp\u00e9cifi\u00e9es. Le dispositif est con\u00e7u pour permettre une gestion et un contr\u00f4le efficaces de l'alimentation dans les environnements de test \u00e9lectronique.<\/p>","protected":false},"excerpt":{"rendered":"<p>Alimentation DC \u00e0 commutation variable Smart, 0 \u00e0 650V \/ 0 \u00e0 1,25A<\/p>","protected":false},"featured_media":7672,"comment_status":"closed","ping_status":"closed","template":"","meta":{"_acf_changed":false,"slim_seo":{"title":"PAV650-1.25 - YOTAVIS AG","description":"Alimentation DC \u00e0 commutation variable Smart, 0 \u00e0 650V \/ 0 \u00e0 1,25A"}},"product_brand":[551],"product_cat":[516,515],"product_tag":[],"class_list":{"0":"post-6534","1":"product","2":"type-product","3":"status-publish","4":"has-post-thumbnail","6":"product_brand-kikusui","7":"product_cat-dc-source-en","8":"product_cat-power-en","9":"pa_current-a-1-25","10":"pa_output-number-146","11":"pa_power-w-556","12":"pa_remote-control-yes","13":"pa_voltage-v-554","15":"first","16":"instock","17":"taxable","18":"shipping-taxable","19":"purchasable","20":"product-type-simple"},"acf":[],"_links":{"self":[{"href":"https:\/\/yotavis.ch\/fr\/wp-json\/wp\/v2\/product\/6534","targetHints":{"allow":["GET"]}}],"collection":[{"href":"https:\/\/yotavis.ch\/fr\/wp-json\/wp\/v2\/product"}],"about":[{"href":"https:\/\/yotavis.ch\/fr\/wp-json\/wp\/v2\/types\/product"}],"replies":[{"embeddable":true,"href":"https:\/\/yotavis.ch\/fr\/wp-json\/wp\/v2\/comments?post=6534"}],"wp:featuredmedia":[{"embeddable":true,"href":"https:\/\/yotavis.ch\/fr\/wp-json\/wp\/v2\/media\/7672"}],"wp:attachment":[{"href":"https:\/\/yotavis.ch\/fr\/wp-json\/wp\/v2\/media?parent=6534"}],"wp:term":[{"taxonomy":"product_brand","embeddable":true,"href":"https:\/\/yotavis.ch\/fr\/wp-json\/wp\/v2\/product_brand?post=6534"},{"taxonomy":"product_cat","embeddable":true,"href":"https:\/\/yotavis.ch\/fr\/wp-json\/wp\/v2\/product_cat?post=6534"},{"taxonomy":"product_tag","embeddable":true,"href":"https:\/\/yotavis.ch\/fr\/wp-json\/wp\/v2\/product_tag?post=6534"}],"curies":[{"name":"wp","href":"https:\/\/api.w.org\/{rel}","templated":true}]}}