{"id":6547,"date":"2025-10-09T00:00:00","date_gmt":"2025-10-08T22:00:00","guid":{"rendered":"https:\/\/yotavis.ch\/product\/pmx70-1a\/"},"modified":"2026-04-24T13:33:47","modified_gmt":"2026-04-24T11:33:47","slug":"pmx70-1a","status":"publish","type":"product","link":"https:\/\/yotavis.ch\/fr\/produit\/pmx70-1a\/","title":{"rendered":"PMX70-1A"},"content":{"rendered":"<p>Le PMX70-1A de Kikusui est une alimentation CC compacte con\u00e7ue pour d\u00e9livrer une tension de 0 \u00e0 70 volts et un courant de 0 \u00e0 1 amp\u00e8re, avec une puissance totale de 70 watts. Il est dot\u00e9 d'un seul canal de sortie, ce qui le rend adapt\u00e9 aux applications n\u00e9cessitant un contr\u00f4le pr\u00e9cis de la tension et du courant. L'appareil prend en charge les modes tension constante (CV) et courant constant (CC), ce qui permet des configurations d'alimentation polyvalentes. Des capacit\u00e9s de contr\u00f4le \u00e0 distance sont incluses, permettant un fonctionnement via les interfaces LAN (LXI), USB ou RS232C. Cette connectivit\u00e9 facilite l'int\u00e9gration dans les syst\u00e8mes de test automatis\u00e9s et les installations de surveillance \u00e0 distance. La conception compacte de l'alimentation permet de l'int\u00e9grer dans divers environnements de travail sans occuper un espace excessif. Sa combinaison de sp\u00e9cifications de tension, de courant et de puissance la rend adapt\u00e9e \u00e0 toute une s\u00e9rie de t\u00e2ches de test et de d\u00e9veloppement \u00e9lectroniques.<\/p>","protected":false},"excerpt":{"rendered":"<p>Alimentation DC compacte (CV\/CC), 0 \u00e0 70V\/0 \u00e0 1A, LAN(LXI)\/USB\/RS232C<\/p>","protected":false},"featured_media":7683,"comment_status":"closed","ping_status":"closed","template":"","meta":{"_acf_changed":false,"slim_seo":{"title":"PMX70-1A - YOTAVIS AG","description":"Alimentation DC compacte (CV\/CC), 0 \u00e0 70V\/0 \u00e0 1A, LAN(LXI)\/USB\/RS232C"}},"product_brand":[551],"product_cat":[516,515],"product_tag":[],"class_list":{"0":"post-6547","1":"product","2":"type-product","3":"status-publish","4":"has-post-thumbnail","6":"product_brand-kikusui","7":"product_cat-dc-source-en","8":"product_cat-power-en","9":"pa_current-a-482","10":"pa_output-number-146","11":"pa_power-w-594","12":"pa_remote-control-yes","13":"pa_voltage-v-595","15":"first","16":"instock","17":"taxable","18":"shipping-taxable","19":"purchasable","20":"product-type-simple"},"acf":[],"_links":{"self":[{"href":"https:\/\/yotavis.ch\/fr\/wp-json\/wp\/v2\/product\/6547","targetHints":{"allow":["GET"]}}],"collection":[{"href":"https:\/\/yotavis.ch\/fr\/wp-json\/wp\/v2\/product"}],"about":[{"href":"https:\/\/yotavis.ch\/fr\/wp-json\/wp\/v2\/types\/product"}],"replies":[{"embeddable":true,"href":"https:\/\/yotavis.ch\/fr\/wp-json\/wp\/v2\/comments?post=6547"}],"wp:featuredmedia":[{"embeddable":true,"href":"https:\/\/yotavis.ch\/fr\/wp-json\/wp\/v2\/media\/7683"}],"wp:attachment":[{"href":"https:\/\/yotavis.ch\/fr\/wp-json\/wp\/v2\/media?parent=6547"}],"wp:term":[{"taxonomy":"product_brand","embeddable":true,"href":"https:\/\/yotavis.ch\/fr\/wp-json\/wp\/v2\/product_brand?post=6547"},{"taxonomy":"product_cat","embeddable":true,"href":"https:\/\/yotavis.ch\/fr\/wp-json\/wp\/v2\/product_cat?post=6547"},{"taxonomy":"product_tag","embeddable":true,"href":"https:\/\/yotavis.ch\/fr\/wp-json\/wp\/v2\/product_tag?post=6547"}],"curies":[{"name":"wp","href":"https:\/\/api.w.org\/{rel}","templated":true}]}}