{"id":6552,"date":"2025-10-09T00:00:00","date_gmt":"2025-10-08T22:00:00","guid":{"rendered":"https:\/\/yotavis.ch\/product\/pmx32-3du-234v\/"},"modified":"2026-04-24T13:33:48","modified_gmt":"2026-04-24T11:33:48","slug":"pmx32-3du-234v","status":"publish","type":"product","link":"https:\/\/yotavis.ch\/fr\/produit\/pmx32-3du-234v\/","title":{"rendered":"PMX32-3DU 234V"},"content":{"rendered":"<p>Le PMX32-3DU 234V de Kikusui est une alimentation CC compacte \u00e0 sorties multiples dot\u00e9e de deux canaux, chacun pouvant fournir jusqu'\u00e0 32 volts et 3 amp\u00e8res. Elle fournit une puissance totale de 200 watts, ce qui la rend adapt\u00e9e aux applications n\u00e9cessitant une alimentation CC stable et fiable. Ce mod\u00e8le prend en charge la fonctionnalit\u00e9 de contr\u00f4le \u00e0 distance, ce qui permet aux utilisateurs de faire fonctionner l'appareil \u00e0 distance. Les deux canaux de sortie permettent d'alimenter simultan\u00e9ment plusieurs appareils ou circuits, ce qui am\u00e9liore l'efficacit\u00e9 dans les environnements de test et de d\u00e9veloppement. Avec une tension maximale de 32 volts et un courant maximal de 3 amp\u00e8res par canal, l'alimentation offre un contr\u00f4le pr\u00e9cis des param\u00e8tres de sortie. Sa conception compacte lui permet de s'int\u00e9grer dans divers espaces de travail sans occuper un espace excessif. Le PMX32-3DU 234V est con\u00e7u pour r\u00e9pondre aux besoins des utilisateurs n\u00e9cessitant des sources d'alimentation DC multi-sorties fiables.<\/p>","protected":false},"excerpt":{"rendered":"<p>Alimentation DC compacte multi-sorties 2CH, 32V\/3A, 32\/3A<\/p>","protected":false},"featured_media":7686,"comment_status":"closed","ping_status":"closed","template":"","meta":{"_acf_changed":false,"slim_seo":{"title":"PMX32-3DU 234V - YOTAVIS AG","description":"Alimentation DC compacte multi-sorties 2CH, 32V\/3A, 32\/3A"}},"product_brand":[551],"product_cat":[516,515],"product_tag":[],"class_list":{"0":"post-6552","1":"product","2":"type-product","3":"status-publish","4":"has-post-thumbnail","6":"product_brand-kikusui","7":"product_cat-dc-source-en","8":"product_cat-power-en","9":"pa_current-a-485","10":"pa_output-number-153","11":"pa_power-w-414","12":"pa_remote-control-yes","13":"pa_voltage-v-140","15":"first","16":"instock","17":"taxable","18":"shipping-taxable","19":"purchasable","20":"product-type-simple"},"acf":[],"_links":{"self":[{"href":"https:\/\/yotavis.ch\/fr\/wp-json\/wp\/v2\/product\/6552","targetHints":{"allow":["GET"]}}],"collection":[{"href":"https:\/\/yotavis.ch\/fr\/wp-json\/wp\/v2\/product"}],"about":[{"href":"https:\/\/yotavis.ch\/fr\/wp-json\/wp\/v2\/types\/product"}],"replies":[{"embeddable":true,"href":"https:\/\/yotavis.ch\/fr\/wp-json\/wp\/v2\/comments?post=6552"}],"wp:featuredmedia":[{"embeddable":true,"href":"https:\/\/yotavis.ch\/fr\/wp-json\/wp\/v2\/media\/7686"}],"wp:attachment":[{"href":"https:\/\/yotavis.ch\/fr\/wp-json\/wp\/v2\/media?parent=6552"}],"wp:term":[{"taxonomy":"product_brand","embeddable":true,"href":"https:\/\/yotavis.ch\/fr\/wp-json\/wp\/v2\/product_brand?post=6552"},{"taxonomy":"product_cat","embeddable":true,"href":"https:\/\/yotavis.ch\/fr\/wp-json\/wp\/v2\/product_cat?post=6552"},{"taxonomy":"product_tag","embeddable":true,"href":"https:\/\/yotavis.ch\/fr\/wp-json\/wp\/v2\/product_tag?post=6552"}],"curies":[{"name":"wp","href":"https:\/\/api.w.org\/{rel}","templated":true}]}}