{"id":6556,"date":"2025-10-09T00:00:00","date_gmt":"2025-10-08T22:00:00","guid":{"rendered":"https:\/\/yotavis.ch\/product\/pbz20-20-with-lan\/"},"modified":"2026-04-24T13:33:50","modified_gmt":"2026-04-24T11:33:50","slug":"pbz20-20-with-lan","status":"publish","type":"product","link":"https:\/\/yotavis.ch\/fr\/produit\/pbz20-20-with-lan\/","title":{"rendered":"PBZ20-20 AVEC LAN"},"content":{"rendered":"<p>Elle dispose d'un seul canal de sortie et prend en charge la fonctionnalit\u00e9 de contr\u00f4le \u00e0 distance, ce qui permet un fonctionnement pratique et l'int\u00e9gration dans des syst\u00e8mes automatis\u00e9s. L'alimentation a une puissance nominale de 400 watts, ce qui lui permet de g\u00e9rer des applications exigeantes n\u00e9cessitant une alimentation stable et pr\u00e9cise. L'inclusion d'une interface LAN facilite la connectivit\u00e9 r\u00e9seau, permettant la surveillance et le contr\u00f4le \u00e0 distance via Ethernet. Ce dispositif convient \u00e0 divers environnements de test et de d\u00e9veloppement o\u00f9 des sources d'alimentation programmables et fiables sont essentielles.  La combinaison de ces caract\u00e9ristiques fait du PBZ20-20 WITH LAN un choix pratique pour les utilisateurs qui ont besoin de solutions d'alimentation pr\u00e9cises et programmables.<\/p>","protected":false},"excerpt":{"rendered":"<p>Programmable Bipolar Power Supply, \u00b1 0V &#8211; 20V, \u00b1 0A &#8211; 20A with LAN Interface<\/p>","protected":false},"featured_media":7694,"comment_status":"closed","ping_status":"closed","template":"","meta":{"_acf_changed":false,"slim_seo":{"title":"PBZ20-20 WITH LAN - YOTAVIS AG","description":"Programmable Bipolar Power Supply, \u00b1 0V - 20V, \u00b1 0A - 20A with LAN Interface"}},"product_brand":[551],"product_cat":[606,515],"product_tag":[],"class_list":{"0":"post-6556","1":"product","2":"type-product","3":"status-publish","4":"has-post-thumbnail","6":"product_brand-kikusui","7":"product_cat-dc-4-quadrants-en","8":"product_cat-power-en","9":"pa_current-a-552","10":"pa_output-number-146","11":"pa_power-w-398","12":"pa_remote-control-yes","13":"pa_voltage-v-315","15":"first","16":"instock","17":"taxable","18":"shipping-taxable","19":"purchasable","20":"product-type-simple"},"acf":[],"_links":{"self":[{"href":"https:\/\/yotavis.ch\/fr\/wp-json\/wp\/v2\/product\/6556","targetHints":{"allow":["GET"]}}],"collection":[{"href":"https:\/\/yotavis.ch\/fr\/wp-json\/wp\/v2\/product"}],"about":[{"href":"https:\/\/yotavis.ch\/fr\/wp-json\/wp\/v2\/types\/product"}],"replies":[{"embeddable":true,"href":"https:\/\/yotavis.ch\/fr\/wp-json\/wp\/v2\/comments?post=6556"}],"wp:featuredmedia":[{"embeddable":true,"href":"https:\/\/yotavis.ch\/fr\/wp-json\/wp\/v2\/media\/7694"}],"wp:attachment":[{"href":"https:\/\/yotavis.ch\/fr\/wp-json\/wp\/v2\/media?parent=6556"}],"wp:term":[{"taxonomy":"product_brand","embeddable":true,"href":"https:\/\/yotavis.ch\/fr\/wp-json\/wp\/v2\/product_brand?post=6556"},{"taxonomy":"product_cat","embeddable":true,"href":"https:\/\/yotavis.ch\/fr\/wp-json\/wp\/v2\/product_cat?post=6556"},{"taxonomy":"product_tag","embeddable":true,"href":"https:\/\/yotavis.ch\/fr\/wp-json\/wp\/v2\/product_tag?post=6556"}],"curies":[{"name":"wp","href":"https:\/\/api.w.org\/{rel}","templated":true}]}}